{"id":25016,"date":"2020-10-30T12:47:06","date_gmt":"2020-10-30T11:47:06","guid":{"rendered":"https:\/\/ecolefrancaiseabuja.com\/?page_id=25016"},"modified":"2025-09-08T10:32:17","modified_gmt":"2025-09-08T09:32:17","slug":"mot-du-proviseur","status":"publish","type":"page","link":"https:\/\/www.lfmpabuja.com\/en\/mot-du-proviseur\/","title":{"rendered":""},"content":{"rendered":"<div data-elementor-type=\"wp-page\" data-elementor-id=\"25016\" class=\"elementor elementor-25016\">\n\t\t\t\t\t\t<section class=\"elementor-section elementor-top-section elementor-element elementor-element-5e611fe elementor-section-full_width elementor-section-height-full elementor-section-items-stretch elementor-section-stretched elementor-section-height-default\" data-id=\"5e611fe\" data-element_type=\"section\" data-e-type=\"section\" data-settings=\"{&quot;stretch_section&quot;:&quot;section-stretched&quot;}\">\n\t\t\t\t\t\t<div class=\"elementor-container elementor-column-gap-no\">\n\t\t\t\t\t<div class=\"elementor-column elementor-col-33 elementor-top-column elementor-element elementor-element-7e88b89d\" data-id=\"7e88b89d\" data-element_type=\"column\" data-e-type=\"column\">\n\t\t\t<div class=\"elementor-widget-wrap elementor-element-populated\">\n\t\t\t\t\t\t<div class=\"elementor-element elementor-element-4087dee8 elementor-widget elementor-widget-text-editor\" data-id=\"4087dee8\" data-element_type=\"widget\" data-e-type=\"widget\" data-widget_type=\"text-editor.default\">\n\t\t\t\t<div class=\"elementor-widget-container\">\n\t\t\t\t\t\t\t\t\t<p>&#8211;<\/p>\t\t\t\t\t\t\t\t<\/div>\n\t\t\t\t<\/div>\n\t\t\t\t<div class=\"elementor-element elementor-element-4cc379cf elementor-widget__width-initial elementor-widget elementor-widget-heading\" data-id=\"4cc379cf\" data-element_type=\"widget\" data-e-type=\"widget\" data-widget_type=\"heading.default\">\n\t\t\t\t<div class=\"elementor-widget-container\">\n\t\t\t\t\t<h3 class=\"elementor-heading-title elementor-size-default\">Principal's message<\/h3>\t\t\t\t<\/div>\n\t\t\t\t<\/div>\n\t\t\t\t<div class=\"elementor-element elementor-element-4f61b213 elementor-widget-divider--view-line elementor-widget elementor-widget-divider\" data-id=\"4f61b213\" data-element_type=\"widget\" data-e-type=\"widget\" data-widget_type=\"divider.default\">\n\t\t\t\t<div class=\"elementor-widget-container\">\n\t\t\t\t\t\t\t<div class=\"elementor-divider\">\n\t\t\t<span class=\"elementor-divider-separator\">\n\t\t\t\t\t\t<\/span>\n\t\t<\/div>\n\t\t\t\t\t\t<\/div>\n\t\t\t\t<\/div>\n\t\t\t\t<div class=\"elementor-element elementor-element-c558b7c elementor-widget__width-initial elementor-widget elementor-widget-text-editor\" data-id=\"c558b7c\" data-element_type=\"widget\" data-e-type=\"widget\" data-widget_type=\"text-editor.default\">\n\t\t\t\t<div class=\"elementor-widget-container\">\n\t\t\t\t\t\t\t\t\t<p><strong>Alexandre PICAUD<\/strong><\/p>\t\t\t\t\t\t\t\t<\/div>\n\t\t\t\t<\/div>\n\t\t\t\t\t<\/div>\n\t\t<\/div>\n\t\t\t\t<div class=\"elementor-column elementor-col-33 elementor-top-column elementor-element elementor-element-451bfab4\" data-id=\"451bfab4\" data-element_type=\"column\" data-e-type=\"column\">\n\t\t\t<div class=\"elementor-widget-wrap elementor-element-populated\">\n\t\t\t\t\t\t<div class=\"elementor-element elementor-element-4afee085 elementor-widget__width-initial elementor-widget elementor-widget-text-editor\" data-id=\"4afee085\" data-element_type=\"widget\" data-e-type=\"widget\" data-widget_type=\"text-editor.default\">\n\t\t\t\t<div class=\"elementor-widget-container\">\n\t\t\t\t\t\t\t\t\t<p><strong>Welcome to Marcel Pagnol French School!<\/strong><br \/>A school on a very personal scale, where every pupil \u2013 from the youngest children to those in their final year of secondary school \u2013 receives personalized support to learn, grow, and flourish.<\/p><p><strong>A privileged environment<\/strong> : small class sizes, bright spaces, and exceptional sports facilities (swimming pool, gymnasium, running track, basketball, soccer, and volleyball courts, fitness room).<\/p><p>\u00a0<strong>Modern language teaching, a major strength of the high school<\/strong> Located in an English-speaking environment, the high school places a strong emphasis on English, which is taught from first grade onwards and reinforced throughout the school year. Spanish, introduced in fourth grade, completes this ambitious language program. Students can validate their skills with internationally recognized certifications: <strong>Cambridge<\/strong> and <strong>IELTS<\/strong> english <strong>DELE<\/strong> in spanish<\/p><p><strong>Students taking charge of their own learning journey:<\/strong> Thanks to a dynamic student council and a multitude of projects\u2014Heritage Days, Web radio, Reading Night, reading and spelling competitions, the French High School Orchestra of the World, anti-bullying initiatives, La Grande Lessive, and more\u2014commitment and creativity are at the heart of school life.<\/p><p><strong>An institution where success is collective:<\/strong> 100% success rate in the Dipl\u00f4me National du Brevet and Baccalaur\u00e9at exams, thanks to the commitment of a demanding teaching and educational community that is attentive to each student.<\/p><p><strong>A solid and shared educational project<\/strong> Supported by the Agency for French Education Abroad (AEFE), the French Embassy, the ongoing commitment of parents, and investments from the management committee, the French High School confidently continues its educational mission, focused on success for all, excellence, openness to the world, and living together in harmony, in a safe, multicultural, and multilingual environment.<\/p><p><strong>Ici, chaque \u00e9l\u00e8ve trouve sa place, d\u00e9veloppe ses talents et construit un avenir r\u00e9solument international.<\/strong><\/p>\t\t\t\t\t\t\t\t<\/div>\n\t\t\t\t<\/div>\n\t\t\t\t\t<\/div>\n\t\t<\/div>\n\t\t\t\t<div class=\"elementor-column elementor-col-33 elementor-top-column elementor-element elementor-element-69aac9c1\" data-id=\"69aac9c1\" data-element_type=\"column\" data-e-type=\"column\">\n\t\t\t<div class=\"elementor-widget-wrap elementor-element-populated\">\n\t\t\t\t\t\t<div class=\"elementor-element elementor-element-2b0264ff elementor-widget elementor-widget-image\" data-id=\"2b0264ff\" data-element_type=\"widget\" data-e-type=\"widget\" data-widget_type=\"image.default\">\n\t\t\t\t<div class=\"elementor-widget-container\">\n\t\t\t\t\t\t\t\t\t\t\t\t\t\t\t<img fetchpriority=\"high\" decoding=\"async\" width=\"1920\" height=\"2560\" src=\"https:\/\/www.lfmpabuja.com\/wp-content\/uploads\/2025\/09\/WhatsApp-Image-2025-09-08-at-10.05.46.jpeg\" class=\"attachment-full size-full wp-image-29986\" alt=\"\" srcset=\"https:\/\/www.lfmpabuja.com\/wp-content\/uploads\/2025\/09\/WhatsApp-Image-2025-09-08-at-10.05.46.jpeg 1920w, https:\/\/www.lfmpabuja.com\/wp-content\/uploads\/2025\/09\/WhatsApp-Image-2025-09-08-at-10.05.46-225x300.jpeg 225w, https:\/\/www.lfmpabuja.com\/wp-content\/uploads\/2025\/09\/WhatsApp-Image-2025-09-08-at-10.05.46-768x1024.jpeg 768w, https:\/\/www.lfmpabuja.com\/wp-content\/uploads\/2025\/09\/WhatsApp-Image-2025-09-08-at-10.05.46-1152x1536.jpeg 1152w, https:\/\/www.lfmpabuja.com\/wp-content\/uploads\/2025\/09\/WhatsApp-Image-2025-09-08-at-10.05.46-1536x2048.jpeg 1536w, https:\/\/www.lfmpabuja.com\/wp-content\/uploads\/2025\/09\/WhatsApp-Image-2025-09-08-at-10.05.46-9x12.jpeg 9w\" sizes=\"(max-width: 1920px) 100vw, 1920px\" \/>\t\t\t\t\t\t\t\t\t\t\t\t\t\t\t<\/div>\n\t\t\t\t<\/div>\n\t\t\t\t\t<\/div>\n\t\t<\/div>\n\t\t\t\t\t<\/div>\n\t\t<\/section>\n\t\t\t\t<\/div>","protected":false},"excerpt":{"rendered":"<p>&#8211; Mot du proviseur Alexandre PICAUD Bienvenue au Lyc\u00e9e Marcel Pagnol !Un \u00e9tablissement \u00e0 taille humaine, o\u00f9 chaque \u00e9l\u00e8ve \u2013 de la tr\u00e8s petite section \u00e0 la terminale b\u00e9n\u00e9ficie d\u2019un accompagnement personnalis\u00e9 pour apprendre, grandir et s\u2019\u00e9panouir. Un cadre privil\u00e9gi\u00e9 : classes \u00e0 effectifs r\u00e9duits, espaces lumineux et infrastructures sportives exceptionnelles (piscine, gymnase, piste d\u2019athl\u00e9tisme, [&hellip;]<\/p>\n","protected":false},"author":1,"featured_media":0,"parent":0,"menu_order":0,"comment_status":"closed","ping_status":"closed","template":"","meta":{"_monsterinsights_skip_tracking":false,"_monsterinsights_sitenote_active":false,"_monsterinsights_sitenote_note":"","_monsterinsights_sitenote_category":0,"site-sidebar-layout":"default","site-content-layout":"default","ast-site-content-layout":"default","site-content-style":"default","site-sidebar-style":"default","ast-global-header-display":"","ast-banner-title-visibility":"","ast-main-header-display":"","ast-hfb-above-header-display":"","ast-hfb-below-header-display":"","ast-hfb-mobile-header-display":"","site-post-title":"","ast-breadcrumbs-content":"","ast-featured-img":"","footer-sml-layout":"","ast-disable-related-posts":"","theme-transparent-header-meta":"default","adv-header-id-meta":"","stick-header-meta":"","header-above-stick-meta":"","header-main-stick-meta":"","header-below-stick-meta":"","astra-migrate-meta-layouts":"default","ast-page-background-enabled":"default","ast-page-background-meta":{"desktop":{"background-color":"","background-image":"","background-repeat":"repeat","background-position":"center center","background-size":"auto","background-attachment":"scroll","background-type":"","background-media":"","overlay-type":"","overlay-color":"","overlay-opacity":"","overlay-gradient":""},"tablet":{"background-color":"","background-image":"","background-repeat":"repeat","background-position":"center center","background-size":"auto","background-attachment":"scroll","background-type":"","background-media":"","overlay-type":"","overlay-color":"","overlay-opacity":"","overlay-gradient":""},"mobile":{"background-color":"","background-image":"","background-repeat":"repeat","background-position":"center center","background-size":"auto","background-attachment":"scroll","background-type":"","background-media":"","overlay-type":"","overlay-color":"","overlay-opacity":"","overlay-gradient":""}},"ast-content-background-meta":{"desktop":{"background-color":"var(--ast-global-color-5)","background-image":"","background-repeat":"repeat","background-position":"center center","background-size":"auto","background-attachment":"scroll","background-type":"","background-media":"","overlay-type":"","overlay-color":"","overlay-opacity":"","overlay-gradient":""},"tablet":{"background-color":"var(--ast-global-color-5)","background-image":"","background-repeat":"repeat","background-position":"center center","background-size":"auto","background-attachment":"scroll","background-type":"","background-media":"","overlay-type":"","overlay-color":"","overlay-opacity":"","overlay-gradient":""},"mobile":{"background-color":"var(--ast-global-color-5)","background-image":"","background-repeat":"repeat","background-position":"center center","background-size":"auto","background-attachment":"scroll","background-type":"","background-media":"","overlay-type":"","overlay-color":"","overlay-opacity":"","overlay-gradient":""}},"footnotes":""},"class_list":["post-25016","page","type-page","status-publish","hentry"],"_links":{"self":[{"href":"https:\/\/www.lfmpabuja.com\/en\/wp-json\/wp\/v2\/pages\/25016","targetHints":{"allow":["GET"]}}],"collection":[{"href":"https:\/\/www.lfmpabuja.com\/en\/wp-json\/wp\/v2\/pages"}],"about":[{"href":"https:\/\/www.lfmpabuja.com\/en\/wp-json\/wp\/v2\/types\/page"}],"author":[{"embeddable":true,"href":"https:\/\/www.lfmpabuja.com\/en\/wp-json\/wp\/v2\/users\/1"}],"replies":[{"embeddable":true,"href":"https:\/\/www.lfmpabuja.com\/en\/wp-json\/wp\/v2\/comments?post=25016"}],"version-history":[{"count":46,"href":"https:\/\/www.lfmpabuja.com\/en\/wp-json\/wp\/v2\/pages\/25016\/revisions"}],"predecessor-version":[{"id":29990,"href":"https:\/\/www.lfmpabuja.com\/en\/wp-json\/wp\/v2\/pages\/25016\/revisions\/29990"}],"wp:attachment":[{"href":"https:\/\/www.lfmpabuja.com\/en\/wp-json\/wp\/v2\/media?parent=25016"}],"curies":[{"name":"wp","href":"https:\/\/api.w.org\/{rel}","templated":true}]}}