{"id":25017,"date":"2020-10-30T12:47:06","date_gmt":"2020-10-30T11:47:06","guid":{"rendered":"https:\/\/ecolefrancaiseabuja.com\/?page_id=25017"},"modified":"2023-01-13T14:37:11","modified_gmt":"2023-01-13T13:37:11","slug":"presentation","status":"publish","type":"page","link":"https:\/\/www.lfmpabuja.com\/en\/presentation\/","title":{"rendered":"PRESENTATION"},"content":{"rendered":"<div data-elementor-type=\"wp-page\" data-elementor-id=\"25017\" class=\"elementor elementor-25017\">\n\t\t\t\t\t\t<section class=\"elementor-section elementor-top-section elementor-element elementor-element-7066a5d elementor-section-boxed elementor-section-height-default elementor-section-height-default\" data-id=\"7066a5d\" data-element_type=\"section\" data-e-type=\"section\">\n\t\t\t\t\t\t<div class=\"elementor-container elementor-column-gap-default\">\n\t\t\t\t\t<div class=\"elementor-column elementor-col-100 elementor-top-column elementor-element elementor-element-63ccca7\" data-id=\"63ccca7\" data-element_type=\"column\" data-e-type=\"column\">\n\t\t\t<div class=\"elementor-widget-wrap elementor-element-populated\">\n\t\t\t\t\t\t<div class=\"elementor-element elementor-element-099da43 elementor-widget elementor-widget-spacer\" data-id=\"099da43\" data-element_type=\"widget\" data-e-type=\"widget\" data-widget_type=\"spacer.default\">\n\t\t\t\t<div class=\"elementor-widget-container\">\n\t\t\t\t\t\t\t<div class=\"elementor-spacer\">\n\t\t\t<div class=\"elementor-spacer-inner\"><\/div>\n\t\t<\/div>\n\t\t\t\t\t\t<\/div>\n\t\t\t\t<\/div>\n\t\t\t\t\t<\/div>\n\t\t<\/div>\n\t\t\t\t\t<\/div>\n\t\t<\/section>\n\t\t\t\t<section class=\"elementor-section elementor-top-section elementor-element elementor-element-b6620b1 elementor-section-boxed elementor-section-height-default elementor-section-height-default\" data-id=\"b6620b1\" data-element_type=\"section\" data-e-type=\"section\">\n\t\t\t\t\t\t<div class=\"elementor-container elementor-column-gap-default\">\n\t\t\t\t\t<div class=\"elementor-column elementor-col-100 elementor-top-column elementor-element elementor-element-bb466ea\" data-id=\"bb466ea\" data-element_type=\"column\" data-e-type=\"column\">\n\t\t\t<div class=\"elementor-widget-wrap elementor-element-populated\">\n\t\t\t\t\t\t<div class=\"elementor-element elementor-element-0cfe4a0 elementor-widget elementor-widget-heading\" data-id=\"0cfe4a0\" data-element_type=\"widget\" data-e-type=\"widget\" data-widget_type=\"heading.default\">\n\t\t\t\t<div class=\"elementor-widget-container\">\n\t\t\t\t\t<h2 class=\"elementor-heading-title elementor-size-default\">PRESENTATION OF THE SCHOOL<\/h2>\t\t\t\t<\/div>\n\t\t\t\t<\/div>\n\t\t\t\t\t<\/div>\n\t\t<\/div>\n\t\t\t\t\t<\/div>\n\t\t<\/section>\n\t\t\t\t<section class=\"elementor-section elementor-top-section elementor-element elementor-element-f7ed526 elementor-section-boxed elementor-section-height-default elementor-section-height-default\" data-id=\"f7ed526\" data-element_type=\"section\" data-e-type=\"section\">\n\t\t\t\t\t\t<div class=\"elementor-container elementor-column-gap-default\">\n\t\t\t\t\t<div class=\"elementor-column elementor-col-33 elementor-top-column elementor-element elementor-element-5c28aac\" data-id=\"5c28aac\" data-element_type=\"column\" data-e-type=\"column\">\n\t\t\t<div class=\"elementor-widget-wrap\">\n\t\t\t\t\t\t\t<\/div>\n\t\t<\/div>\n\t\t\t\t<div class=\"elementor-column elementor-col-33 elementor-top-column elementor-element elementor-element-b509603\" data-id=\"b509603\" data-element_type=\"column\" data-e-type=\"column\">\n\t\t\t<div class=\"elementor-widget-wrap elementor-element-populated\">\n\t\t\t\t\t\t<div class=\"elementor-element elementor-element-751b38d elementor-widget elementor-widget-image\" data-id=\"751b38d\" data-element_type=\"widget\" data-e-type=\"widget\" data-widget_type=\"image.default\">\n\t\t\t\t<div class=\"elementor-widget-container\">\n\t\t\t\t\t\t\t\t\t\t\t\t\t\t\t<img fetchpriority=\"high\" decoding=\"async\" width=\"768\" height=\"512\" src=\"https:\/\/www.lfmpabuja.com\/wp-content\/uploads\/2021\/12\/IMG_6079-768x512.jpg\" class=\"attachment-medium_large size-medium_large wp-image-27794\" alt=\"\" srcset=\"https:\/\/www.lfmpabuja.com\/wp-content\/uploads\/2021\/12\/IMG_6079-768x512.jpg 768w, https:\/\/www.lfmpabuja.com\/wp-content\/uploads\/2021\/12\/IMG_6079-300x200.jpg 300w, https:\/\/www.lfmpabuja.com\/wp-content\/uploads\/2021\/12\/IMG_6079-1024x683.jpg 1024w, https:\/\/www.lfmpabuja.com\/wp-content\/uploads\/2021\/12\/IMG_6079-1536x1024.jpg 1536w, https:\/\/www.lfmpabuja.com\/wp-content\/uploads\/2021\/12\/IMG_6079-18x12.jpg 18w, https:\/\/www.lfmpabuja.com\/wp-content\/uploads\/2021\/12\/IMG_6079.jpg 1386w\" sizes=\"(max-width: 768px) 100vw, 768px\" \/>\t\t\t\t\t\t\t\t\t\t\t\t\t\t\t<\/div>\n\t\t\t\t<\/div>\n\t\t\t\t\t<\/div>\n\t\t<\/div>\n\t\t\t\t<div class=\"elementor-column elementor-col-33 elementor-top-column elementor-element elementor-element-7164233\" data-id=\"7164233\" data-element_type=\"column\" data-e-type=\"column\">\n\t\t\t<div class=\"elementor-widget-wrap\">\n\t\t\t\t\t\t\t<\/div>\n\t\t<\/div>\n\t\t\t\t\t<\/div>\n\t\t<\/section>\n\t\t\t\t<section class=\"elementor-section elementor-top-section elementor-element elementor-element-d581ab1 elementor-section-boxed elementor-section-height-default elementor-section-height-default\" data-id=\"d581ab1\" data-element_type=\"section\" data-e-type=\"section\">\n\t\t\t\t\t\t<div class=\"elementor-container elementor-column-gap-default\">\n\t\t\t\t\t<div class=\"elementor-column elementor-col-33 elementor-top-column elementor-element elementor-element-1e5dde6\" data-id=\"1e5dde6\" data-element_type=\"column\" data-e-type=\"column\">\n\t\t\t<div class=\"elementor-widget-wrap\">\n\t\t\t\t\t\t\t<\/div>\n\t\t<\/div>\n\t\t\t\t<div class=\"elementor-column elementor-col-33 elementor-top-column elementor-element elementor-element-f228147\" data-id=\"f228147\" data-element_type=\"column\" data-e-type=\"column\">\n\t\t\t<div class=\"elementor-widget-wrap elementor-element-populated\">\n\t\t\t\t\t\t<div class=\"elementor-element elementor-element-2afeab9 elementor-widget elementor-widget-text-editor\" data-id=\"2afeab9\" data-element_type=\"widget\" data-e-type=\"widget\" data-widget_type=\"text-editor.default\">\n\t\t\t\t<div class=\"elementor-widget-container\">\n\t\t\t\t\t\t\t\t\t<p class=\"font_8\"><span class=\"color_15\">The establishment also has high-level sports facilities:<\/span><\/p><ul><li>Gymnasium<\/li><li>Swimming pool<\/li><li>Plusieurs terrain de sports<\/li><\/ul><p class=\"font_8\"><span class=\"color_15\">The LFMPA welcomes 350 students of more than 30 different nationalities. The EFMPA is approved by the French Ministry of Education. It must therefore function like any school in France :<\/span><\/p><ul><li>Same programs<\/li><li>Same academics<\/li><li>Same orientation<\/li><li>Same diplomas<\/li><\/ul><p class=\"font_8\"><span class=\"color_15\">The Principal is placed under the authority of the Ambassador of France in Nigeria.<\/span><\/p><p class=\"font_8\"><span class=\"color_15\">The staff of the school is made up of teachers from the French National Education system and locally recruited staff with the necessary level of training and experience to meet French standards.<\/span><\/p><p class=\"font_8\"><span class=\"color_15\">French is the language of instruction and communication.<\/span><\/p><p class=\"font_8\"><span class=\"color_15\">The English language and openness to Nigerian culture are also an integral part of our teaching.<\/span><\/p><p>-<span class=\"color_15\">The kindergarten, elementary, middle and high schools are all on the same site<span style=\"color: #071154; font-family: Roboto, sans-serif; font-size: 15px; font-style: normal; font-weight: 400; text-align: justify;\">.<\/span>The campus, with its many trees, covers several hectares with different buildings<span style=\"color: #071154; font-family: Roboto, sans-serif; font-size: 15px; font-style: normal; font-weight: 400; text-align: justify;\">,<\/span>adapted and equipped according to the level of the students :<\/span><\/p><ul><li>Kindergarten activity room<\/li><li>Computer equipment in all classrooms<\/li><li class=\"font_8\"><span class=\"color_15\">Video projection systems<\/span><\/li><li class=\"font_8\"><span class=\"color_15\">Modern and adaptable school furniture<\/span><\/li><li>Scientific Laboratory<\/li><\/ul><div><a href=\"https:\/\/www.lfmpabuja.com\/en\/galerie-de-photos\/\">PHOTO GALLERY<\/a><\/div><p class=\"font_8\">\u00a0<\/p>\t\t\t\t\t\t\t\t<\/div>\n\t\t\t\t<\/div>\n\t\t\t\t<div class=\"elementor-element elementor-element-9597ce1 elementor-widget elementor-widget-button\" data-id=\"9597ce1\" data-element_type=\"widget\" data-e-type=\"widget\" data-widget_type=\"button.default\">\n\t\t\t\t<div class=\"elementor-widget-container\">\n\t\t\t\t\t\t\t\t\t<div class=\"elementor-button-wrapper\">\n\t\t\t\t\t<a class=\"elementor-button elementor-button-link elementor-size-sm\" href=\"https:\/\/www.lfmpabuja.com\/wp-content\/uploads\/2023\/01\/plan_action-22_23-Eng-compressed.pdf\" target=\"_blank\">\n\t\t\t\t\t\t<span class=\"elementor-button-content-wrapper\">\n\t\t\t\t\t\t\t\t\t<span class=\"elementor-button-text\">SCHOOL PROJECT<\/span>\n\t\t\t\t\t<\/span>\n\t\t\t\t\t<\/a>\n\t\t\t\t<\/div>\n\t\t\t\t\t\t\t\t<\/div>\n\t\t\t\t<\/div>\n\t\t\t\t<div class=\"elementor-element elementor-element-dca0358 elementor-widget elementor-widget-spacer\" data-id=\"dca0358\" data-element_type=\"widget\" data-e-type=\"widget\" data-widget_type=\"spacer.default\">\n\t\t\t\t<div class=\"elementor-widget-container\">\n\t\t\t\t\t\t\t<div class=\"elementor-spacer\">\n\t\t\t<div class=\"elementor-spacer-inner\"><\/div>\n\t\t<\/div>\n\t\t\t\t\t\t<\/div>\n\t\t\t\t<\/div>\n\t\t\t\t\t<\/div>\n\t\t<\/div>\n\t\t\t\t<div class=\"elementor-column elementor-col-33 elementor-top-column elementor-element elementor-element-e6b79b5\" data-id=\"e6b79b5\" data-element_type=\"column\" data-e-type=\"column\">\n\t\t\t<div class=\"elementor-widget-wrap\">\n\t\t\t\t\t\t\t<\/div>\n\t\t<\/div>\n\t\t\t\t\t<\/div>\n\t\t<\/section>\n\t\t\t\t<\/div>","protected":false},"excerpt":{"rendered":"<p>PRESENTATION DE L&rsquo; ECOLE L\u2019\u00e9tablissement b\u00e9n\u00e9ficie \u00e9galement d\u2019\u00e9quipements sportifs de haut niveau\u00a0: Gymnase Bassin de natation Plusieurs terrain de sports Le LFMPA accueille 350 \u00e9l\u00e8ves de plus de 30 nationalit\u00e9s diff\u00e9rentes. Le LFMPA est homologu\u00e9e par le Minist\u00e8re fran\u00e7ais de l\u2019\u00e9ducation. Elle se doit donc de fonctionner comme toute \u00e9cole en France : M\u00eames programmes [&hellip;]<\/p>\n","protected":false},"author":1,"featured_media":0,"parent":0,"menu_order":0,"comment_status":"closed","ping_status":"closed","template":"","meta":{"_monsterinsights_skip_tracking":false,"_monsterinsights_sitenote_active":false,"_monsterinsights_sitenote_note":"","_monsterinsights_sitenote_category":0,"site-sidebar-layout":"no-sidebar","site-content-layout":"page-builder","ast-site-content-layout":"default","site-content-style":"default","site-sidebar-style":"default","ast-global-header-display":"","ast-banner-title-visibility":"","ast-main-header-display":"","ast-hfb-above-header-display":"","ast-hfb-below-header-display":"","ast-hfb-mobile-header-display":"","site-post-title":"disabled","ast-breadcrumbs-content":"","ast-featured-img":"disabled","footer-sml-layout":"","ast-disable-related-posts":"","theme-transparent-header-meta":"","adv-header-id-meta":"","stick-header-meta":"","header-above-stick-meta":"","header-main-stick-meta":"","header-below-stick-meta":"","astra-migrate-meta-layouts":"default","ast-page-background-enabled":"default","ast-page-background-meta":{"desktop":{"background-color":"","background-image":"","background-repeat":"repeat","background-position":"center center","background-size":"auto","background-attachment":"scroll","background-type":"","background-media":"","overlay-type":"","overlay-color":"","overlay-opacity":"","overlay-gradient":""},"tablet":{"background-color":"","background-image":"","background-repeat":"repeat","background-position":"center center","background-size":"auto","background-attachment":"scroll","background-type":"","background-media":"","overlay-type":"","overlay-color":"","overlay-opacity":"","overlay-gradient":""},"mobile":{"background-color":"","background-image":"","background-repeat":"repeat","background-position":"center center","background-size":"auto","background-attachment":"scroll","background-type":"","background-media":"","overlay-type":"","overlay-color":"","overlay-opacity":"","overlay-gradient":""}},"ast-content-background-meta":{"desktop":{"background-color":"var(--ast-global-color-5)","background-image":"","background-repeat":"repeat","background-position":"center center","background-size":"auto","background-attachment":"scroll","background-type":"","background-media":"","overlay-type":"","overlay-color":"","overlay-opacity":"","overlay-gradient":""},"tablet":{"background-color":"var(--ast-global-color-5)","background-image":"","background-repeat":"repeat","background-position":"center center","background-size":"auto","background-attachment":"scroll","background-type":"","background-media":"","overlay-type":"","overlay-color":"","overlay-opacity":"","overlay-gradient":""},"mobile":{"background-color":"var(--ast-global-color-5)","background-image":"","background-repeat":"repeat","background-position":"center center","background-size":"auto","background-attachment":"scroll","background-type":"","background-media":"","overlay-type":"","overlay-color":"","overlay-opacity":"","overlay-gradient":""}},"footnotes":""},"class_list":["post-25017","page","type-page","status-publish","hentry"],"_links":{"self":[{"href":"https:\/\/www.lfmpabuja.com\/en\/wp-json\/wp\/v2\/pages\/25017","targetHints":{"allow":["GET"]}}],"collection":[{"href":"https:\/\/www.lfmpabuja.com\/en\/wp-json\/wp\/v2\/pages"}],"about":[{"href":"https:\/\/www.lfmpabuja.com\/en\/wp-json\/wp\/v2\/types\/page"}],"author":[{"embeddable":true,"href":"https:\/\/www.lfmpabuja.com\/en\/wp-json\/wp\/v2\/users\/1"}],"replies":[{"embeddable":true,"href":"https:\/\/www.lfmpabuja.com\/en\/wp-json\/wp\/v2\/comments?post=25017"}],"version-history":[{"count":68,"href":"https:\/\/www.lfmpabuja.com\/en\/wp-json\/wp\/v2\/pages\/25017\/revisions"}],"predecessor-version":[{"id":28992,"href":"https:\/\/www.lfmpabuja.com\/en\/wp-json\/wp\/v2\/pages\/25017\/revisions\/28992"}],"wp:attachment":[{"href":"https:\/\/www.lfmpabuja.com\/en\/wp-json\/wp\/v2\/media?parent=25017"}],"curies":[{"name":"wp","href":"https:\/\/api.w.org\/{rel}","templated":true}]}}