{"id":25018,"date":"2020-10-30T12:47:06","date_gmt":"2020-10-30T11:47:06","guid":{"rendered":"https:\/\/ecolefrancaiseabuja.com\/?page_id=25018"},"modified":"2023-01-11T14:51:22","modified_gmt":"2023-01-11T13:51:22","slug":"biographie-de-marcel-pagnol","status":"publish","type":"page","link":"https:\/\/www.lfmpabuja.com\/en\/biographie-de-marcel-pagnol\/","title":{"rendered":""},"content":{"rendered":"<div data-elementor-type=\"wp-page\" data-elementor-id=\"25018\" class=\"elementor elementor-25018\">\n\t\t\t\t\t\t<section class=\"elementor-section elementor-top-section elementor-element elementor-element-deb323b elementor-section-boxed elementor-section-height-default elementor-section-height-default\" data-id=\"deb323b\" data-element_type=\"section\" data-e-type=\"section\">\n\t\t\t\t\t\t<div class=\"elementor-container elementor-column-gap-default\">\n\t\t\t\t\t<div class=\"elementor-column elementor-col-100 elementor-top-column elementor-element elementor-element-d7f28ad\" data-id=\"d7f28ad\" data-element_type=\"column\" data-e-type=\"column\">\n\t\t\t<div class=\"elementor-widget-wrap elementor-element-populated\">\n\t\t\t\t\t\t<div class=\"elementor-element elementor-element-495a4a8 elementor-widget elementor-widget-heading\" data-id=\"495a4a8\" data-element_type=\"widget\" data-e-type=\"widget\" data-widget_type=\"heading.default\">\n\t\t\t\t<div class=\"elementor-widget-container\">\n\t\t\t\t\t<h2 class=\"elementor-heading-title elementor-size-default\">Qui est  Marcel Pagnol ?<\/h2>\t\t\t\t<\/div>\n\t\t\t\t<\/div>\n\t\t\t\t\t<\/div>\n\t\t<\/div>\n\t\t\t\t\t<\/div>\n\t\t<\/section>\n\t\t\t\t<section class=\"elementor-section elementor-top-section elementor-element elementor-element-c4cb8aa elementor-section-boxed elementor-section-height-default elementor-section-height-default\" data-id=\"c4cb8aa\" data-element_type=\"section\" data-e-type=\"section\">\n\t\t\t\t\t\t<div class=\"elementor-container elementor-column-gap-default\">\n\t\t\t\t\t<div class=\"elementor-column elementor-col-50 elementor-top-column elementor-element elementor-element-653c529\" data-id=\"653c529\" data-element_type=\"column\" data-e-type=\"column\">\n\t\t\t<div class=\"elementor-widget-wrap elementor-element-populated\">\n\t\t\t\t\t\t<div class=\"elementor-element elementor-element-5296aaa elementor-widget elementor-widget-image\" data-id=\"5296aaa\" data-element_type=\"widget\" data-e-type=\"widget\" data-widget_type=\"image.default\">\n\t\t\t\t<div class=\"elementor-widget-container\">\n\t\t\t\t\t\t\t\t\t\t\t\t\t\t\t<img fetchpriority=\"high\" decoding=\"async\" width=\"520\" height=\"293\" src=\"https:\/\/www.lfmpabuja.com\/wp-content\/uploads\/2020\/12\/AVT_Marcel-Pagnol_4127-min.jpg\" class=\"attachment-large size-large wp-image-26026\" alt=\"\" srcset=\"https:\/\/www.lfmpabuja.com\/wp-content\/uploads\/2020\/12\/AVT_Marcel-Pagnol_4127-min.jpg 520w, https:\/\/www.lfmpabuja.com\/wp-content\/uploads\/2020\/12\/AVT_Marcel-Pagnol_4127-min-300x169.jpg 300w, https:\/\/www.lfmpabuja.com\/wp-content\/uploads\/2020\/12\/AVT_Marcel-Pagnol_4127-min-16x9.jpg 16w\" sizes=\"(max-width: 520px) 100vw, 520px\" \/>\t\t\t\t\t\t\t\t\t\t\t\t\t\t\t<\/div>\n\t\t\t\t<\/div>\n\t\t\t\t\t<\/div>\n\t\t<\/div>\n\t\t\t\t<div class=\"elementor-column elementor-col-50 elementor-top-column elementor-element elementor-element-6232978\" data-id=\"6232978\" data-element_type=\"column\" data-e-type=\"column\">\n\t\t\t<div class=\"elementor-widget-wrap elementor-element-populated\">\n\t\t\t\t\t\t<div class=\"elementor-element elementor-element-d623f32 elementor-widget elementor-widget-image\" data-id=\"d623f32\" data-element_type=\"widget\" data-e-type=\"widget\" data-widget_type=\"image.default\">\n\t\t\t\t<div class=\"elementor-widget-container\">\n\t\t\t\t\t\t\t\t\t\t\t\t\t\t\t<img decoding=\"async\" width=\"600\" height=\"337\" src=\"https:\/\/www.lfmpabuja.com\/wp-content\/uploads\/2020\/12\/3330502280_1_3_9FZnJqCA-min.jpg\" class=\"attachment-large size-large wp-image-26025\" alt=\"\" srcset=\"https:\/\/www.lfmpabuja.com\/wp-content\/uploads\/2020\/12\/3330502280_1_3_9FZnJqCA-min.jpg 600w, https:\/\/www.lfmpabuja.com\/wp-content\/uploads\/2020\/12\/3330502280_1_3_9FZnJqCA-min-300x169.jpg 300w, https:\/\/www.lfmpabuja.com\/wp-content\/uploads\/2020\/12\/3330502280_1_3_9FZnJqCA-min-16x9.jpg 16w\" sizes=\"(max-width: 600px) 100vw, 600px\" \/>\t\t\t\t\t\t\t\t\t\t\t\t\t\t\t<\/div>\n\t\t\t\t<\/div>\n\t\t\t\t\t<\/div>\n\t\t<\/div>\n\t\t\t\t\t<\/div>\n\t\t<\/section>\n\t\t\t\t<section class=\"elementor-section elementor-top-section elementor-element elementor-element-432bdd2c elementor-section-boxed elementor-section-height-default elementor-section-height-default\" data-id=\"432bdd2c\" data-element_type=\"section\" data-e-type=\"section\">\n\t\t\t\t\t\t<div class=\"elementor-container elementor-column-gap-default\">\n\t\t\t\t\t<div class=\"elementor-column elementor-col-100 elementor-top-column elementor-element elementor-element-7c221a09\" data-id=\"7c221a09\" data-element_type=\"column\" data-e-type=\"column\">\n\t\t\t<div class=\"elementor-widget-wrap elementor-element-populated\">\n\t\t\t\t\t\t<div class=\"elementor-element elementor-element-75d4d3dc elementor-widget elementor-widget-text-editor\" data-id=\"75d4d3dc\" data-element_type=\"widget\" data-e-type=\"widget\" data-widget_type=\"text-editor.default\">\n\t\t\t\t<div class=\"elementor-widget-container\">\n\t\t\t\t\t\t\t\t\t<p>Marcel Pagnol, born in 1895 at Aubagne Provence, in the south of France, was one of the most famous French writers, playwrights and filmmakers of the 20th century.\u200b<\/p><p>Being the son of a schoolteacher, he studied in Marseille, became a teacher in Aix-en-Provence, then taught in Paris.<\/p><p>It was at a very young age that he discovered his passion for dramatic writing. In the three volumes that make up his autobiography, La Gloire de mon p\u00e8re, Le Ch\u00e2teau de ma m\u00e8re, Le Temps des secrets, Marcel Pagnol recounts his childhood and adolescence in Provence.<\/p><p>He also divided his career between theatre and cinema. He became the master of \"filmed theatre\", thanks in particular to his famous Marseille trilogy Marius, Fanny and C\u00e9sar.<\/p><p>He gave the cinema many films, including Merlusse, Cigalon, Le Schpountz, La Fille du puisatier, La Belle meuni\u00e8re, and Manon des sources, as well as several films inspired by the work of another film maker, Jean Giono: Ang\u00e8le, Regain, La Femme du boulanger. He was served by the greatest performers of the time: Louis Jouvet, Raimu, Pierre Fresnay and Fernandel.<\/p><p>He was elected at the French Academy on the 4th of april 1946<\/p><p>He died in Paris on the 18th April 1974.<\/p>\t\t\t\t\t\t\t\t<\/div>\n\t\t\t\t<\/div>\n\t\t\t\t\t<\/div>\n\t\t<\/div>\n\t\t\t\t\t<\/div>\n\t\t<\/section>\n\t\t\t\t<\/div>","protected":false},"excerpt":{"rendered":"<p>Qui est Marcel Pagnol ? Marcel Pagnol, n\u00e9 en 1895 \u00e0 Aubagne, en Provence, dans le sud de la France, \u00e9tait un \u00e9crivain, dramaturge, et cin\u00e9aste fran\u00e7ais parmi les plus c\u00e9l\u00e8bres du 20\u00e8me si\u00e8cle. Fils d\u2019instituteur, il fit ses \u00e9tudes \u00e0 Marseille, devint professeur \u00e0 Aix-en-Provence, puis enseigna \u00e0 Paris. C\u2019est tr\u00e8s jeune qu\u2019il se [&hellip;]<\/p>\n","protected":false},"author":1,"featured_media":0,"parent":0,"menu_order":0,"comment_status":"closed","ping_status":"closed","template":"","meta":{"_monsterinsights_skip_tracking":false,"_monsterinsights_sitenote_active":false,"_monsterinsights_sitenote_note":"","_monsterinsights_sitenote_category":0,"site-sidebar-layout":"default","site-content-layout":"default","ast-site-content-layout":"default","site-content-style":"default","site-sidebar-style":"default","ast-global-header-display":"","ast-banner-title-visibility":"","ast-main-header-display":"","ast-hfb-above-header-display":"","ast-hfb-below-header-display":"","ast-hfb-mobile-header-display":"","site-post-title":"","ast-breadcrumbs-content":"","ast-featured-img":"","footer-sml-layout":"","ast-disable-related-posts":"","theme-transparent-header-meta":"default","adv-header-id-meta":"","stick-header-meta":"","header-above-stick-meta":"","header-main-stick-meta":"","header-below-stick-meta":"","astra-migrate-meta-layouts":"default","ast-page-background-enabled":"default","ast-page-background-meta":{"desktop":{"background-color":"","background-image":"","background-repeat":"repeat","background-position":"center center","background-size":"auto","background-attachment":"scroll","background-type":"","background-media":"","overlay-type":"","overlay-color":"","overlay-opacity":"","overlay-gradient":""},"tablet":{"background-color":"","background-image":"","background-repeat":"repeat","background-position":"center center","background-size":"auto","background-attachment":"scroll","background-type":"","background-media":"","overlay-type":"","overlay-color":"","overlay-opacity":"","overlay-gradient":""},"mobile":{"background-color":"","background-image":"","background-repeat":"repeat","background-position":"center center","background-size":"auto","background-attachment":"scroll","background-type":"","background-media":"","overlay-type":"","overlay-color":"","overlay-opacity":"","overlay-gradient":""}},"ast-content-background-meta":{"desktop":{"background-color":"var(--ast-global-color-5)","background-image":"","background-repeat":"repeat","background-position":"center center","background-size":"auto","background-attachment":"scroll","background-type":"","background-media":"","overlay-type":"","overlay-color":"","overlay-opacity":"","overlay-gradient":""},"tablet":{"background-color":"var(--ast-global-color-5)","background-image":"","background-repeat":"repeat","background-position":"center center","background-size":"auto","background-attachment":"scroll","background-type":"","background-media":"","overlay-type":"","overlay-color":"","overlay-opacity":"","overlay-gradient":""},"mobile":{"background-color":"var(--ast-global-color-5)","background-image":"","background-repeat":"repeat","background-position":"center center","background-size":"auto","background-attachment":"scroll","background-type":"","background-media":"","overlay-type":"","overlay-color":"","overlay-opacity":"","overlay-gradient":""}},"footnotes":""},"class_list":["post-25018","page","type-page","status-publish","hentry"],"_links":{"self":[{"href":"https:\/\/www.lfmpabuja.com\/en\/wp-json\/wp\/v2\/pages\/25018","targetHints":{"allow":["GET"]}}],"collection":[{"href":"https:\/\/www.lfmpabuja.com\/en\/wp-json\/wp\/v2\/pages"}],"about":[{"href":"https:\/\/www.lfmpabuja.com\/en\/wp-json\/wp\/v2\/types\/page"}],"author":[{"embeddable":true,"href":"https:\/\/www.lfmpabuja.com\/en\/wp-json\/wp\/v2\/users\/1"}],"replies":[{"embeddable":true,"href":"https:\/\/www.lfmpabuja.com\/en\/wp-json\/wp\/v2\/comments?post=25018"}],"version-history":[{"count":27,"href":"https:\/\/www.lfmpabuja.com\/en\/wp-json\/wp\/v2\/pages\/25018\/revisions"}],"predecessor-version":[{"id":28973,"href":"https:\/\/www.lfmpabuja.com\/en\/wp-json\/wp\/v2\/pages\/25018\/revisions\/28973"}],"wp:attachment":[{"href":"https:\/\/www.lfmpabuja.com\/en\/wp-json\/wp\/v2\/media?parent=25018"}],"curies":[{"name":"wp","href":"https:\/\/api.w.org\/{rel}","templated":true}]}}