{"id":25023,"date":"2020-10-30T12:47:06","date_gmt":"2020-10-30T11:47:06","guid":{"rendered":"https:\/\/ecolefrancaiseabuja.com\/?page_id=25023"},"modified":"2025-10-16T11:22:54","modified_gmt":"2025-10-16T10:22:54","slug":"inscription-2","status":"publish","type":"page","link":"https:\/\/www.lfmpabuja.com\/en\/inscription-2\/","title":{"rendered":""},"content":{"rendered":"<div data-elementor-type=\"wp-page\" data-elementor-id=\"25023\" class=\"elementor elementor-25023\">\n\t\t\t\t\t\t<section class=\"elementor-section elementor-top-section elementor-element elementor-element-d469c21 elementor-section-boxed elementor-section-height-default elementor-section-height-default\" data-id=\"d469c21\" data-element_type=\"section\" data-e-type=\"section\">\n\t\t\t\t\t\t<div class=\"elementor-container elementor-column-gap-default\">\n\t\t\t\t\t<div class=\"elementor-column elementor-col-100 elementor-top-column elementor-element elementor-element-4ba49b6\" data-id=\"4ba49b6\" data-element_type=\"column\" data-e-type=\"column\">\n\t\t\t<div class=\"elementor-widget-wrap elementor-element-populated\">\n\t\t\t\t\t\t<div class=\"elementor-element elementor-element-889df7b elementor-widget elementor-widget-heading\" data-id=\"889df7b\" data-element_type=\"widget\" data-e-type=\"widget\" data-widget_type=\"heading.default\">\n\t\t\t\t<div class=\"elementor-widget-container\">\n\t\t\t\t\t<h2 class=\"elementor-heading-title elementor-size-default\">TERMS AND CONDITIONS<\/h2>\t\t\t\t<\/div>\n\t\t\t\t<\/div>\n\t\t\t\t\t<\/div>\n\t\t<\/div>\n\t\t\t\t\t<\/div>\n\t\t<\/section>\n\t\t\t\t<section class=\"elementor-section elementor-top-section elementor-element elementor-element-7a848585 elementor-section-boxed elementor-section-height-default elementor-section-height-default\" data-id=\"7a848585\" data-element_type=\"section\" data-e-type=\"section\">\n\t\t\t\t\t\t<div class=\"elementor-container elementor-column-gap-default\">\n\t\t\t\t\t<div class=\"elementor-column elementor-col-100 elementor-top-column elementor-element elementor-element-5ddaaa82\" data-id=\"5ddaaa82\" data-element_type=\"column\" data-e-type=\"column\">\n\t\t\t<div class=\"elementor-widget-wrap elementor-element-populated\">\n\t\t\t\t\t\t<div class=\"elementor-element elementor-element-bd1da0c elementor-widget elementor-widget-image\" data-id=\"bd1da0c\" data-element_type=\"widget\" data-e-type=\"widget\" data-widget_type=\"image.default\">\n\t\t\t\t<div class=\"elementor-widget-container\">\n\t\t\t\t\t\t\t\t\t\t\t\t\t\t\t<img fetchpriority=\"high\" decoding=\"async\" width=\"768\" height=\"513\" src=\"https:\/\/www.lfmpabuja.com\/wp-content\/uploads\/2020\/11\/home-768x513.jpg\" class=\"attachment-medium_large size-medium_large wp-image-25217\" alt=\"\" srcset=\"https:\/\/www.lfmpabuja.com\/wp-content\/uploads\/2020\/11\/home-768x513.jpg 768w, https:\/\/www.lfmpabuja.com\/wp-content\/uploads\/2020\/11\/home-300x200.jpg 300w, https:\/\/www.lfmpabuja.com\/wp-content\/uploads\/2020\/11\/home-600x401.jpg 600w, https:\/\/www.lfmpabuja.com\/wp-content\/uploads\/2020\/11\/home.jpg 1024w\" sizes=\"(max-width: 768px) 100vw, 768px\" \/>\t\t\t\t\t\t\t\t\t\t\t\t\t\t\t<\/div>\n\t\t\t\t<\/div>\n\t\t\t\t<div class=\"elementor-element elementor-element-8a87ed5 elementor-widget elementor-widget-text-editor\" data-id=\"8a87ed5\" data-element_type=\"widget\" data-e-type=\"widget\" data-widget_type=\"text-editor.default\">\n\t\t\t\t<div class=\"elementor-widget-container\">\n\t\t\t\t\t\t\t\t\t<p class=\"font_8\"><span class=\"color_15\">The Marcel Pagnol French School Abuja welcomes children of all nationalities from the age of 2 (reached at the time of enrolment) up to the age of 18. Children must have acquired sufficient and habitual control over their bodily hygiene.<\/span><\/p><ul class=\"font_8 color_15\"><li><p class=\"font_8\"><span class=\"color_15\">Students coming from the French system are enrolled in the class recommended by their previous school (evaluation booklet or report card with notice of passage).<\/span><\/p><\/li><li><p class=\"font_8\"><span class=\"color_15\">\u00a0For students coming from another school system, a pre-enrolment interview with the parents and the student may be requested by the Headmaster.<\/span><\/p><\/li><li><strong><a href=\"https:\/\/www.lfmpabuja.com\/en\/bienvenue-aux-eleves-anglophones\/\">Integrating into LFMPA as an English speaking student<\/a><\/strong><\/li><\/ul><p class=\"font_8\"><span class=\"color_15\">\u00a0Students are registered according to their age group.<\/span><\/p><p class=\"font_8\"><span class=\"color_15\">Mastering of the French language<\/span><\/p><ul class=\"font_8 color_15\"><li><p class=\"font_8\"><span class=\"color_15\">There are no language requirements until the age of 4.<\/span><\/p><\/li><li><p class=\"font_8\"><span class=\"color_15\">Beyond that, students may be subject to an assessment test in French language. French is the language of instruction and communication in the school.<\/span><\/p><\/li><\/ul><p class=\"font_8\"><span class=\"color_15\">Enrolment or re-enrolment at the Marcel Pagnol French school Abuja is done via the Eduka portal. Click on the link to register: <a href=\"https:\/\/efabuja.eduka.school\/login\" target=\"_blank\" rel=\"noopener\">LFMPA EDUKA PORTAL<\/a><\/span><\/p><p class=\"font_8\"><span class=\"color_15\">To learn more about the registration process, click on this link:\u00a0 <a href=\"https:\/\/www.lfmpabuja.com\/wp-content\/uploads\/2020\/11\/EMFPA-New-family-Registration.pdf\" target=\"_blank\" rel=\"noopener noreferrer\">EDUKA TUTORIAL\u00a0<\/a><\/span><\/p><p><span class=\"color_15\">To learn more about the re-registration process, click on this link:\u00a0 <a href=\"https:\/\/www.lfmpabuja.com\/wp-content\/uploads\/2022\/04\/Reenrolment-Process-2022-2023.pdf\" target=\"_blank\" rel=\"noopener noreferrer\">EDUKA TUTORIAL\u00a0<\/a><\/span><\/p><p class=\"font_8\"><span class=\"color_15\">Registration becomes final only after payment of the registration fee and validation of the file by the school management. Registration fees are not refunded if the child does not show up.<\/span><\/p><p class=\"font_8\"><a href=\"https:\/\/www.lfmpabuja.com\/en\/frais-de-scolarite\/\" target=\"_blank\" rel=\"noopener\">SCHOOL FEES<\/a><\/p><p class=\"font_8\"><span class=\"color_15\">If you wish a visit of our school, or for any further information:<\/span><\/p><p class=\"font_8\"><a href=\"https:\/\/www.lfmpabuja.com\/en\/contact\/\" target=\"_blank\" rel=\"noopener\">CONTACT US !<\/a><\/p><p class=\"font_8\">\u00a0<\/p>\t\t\t\t\t\t\t\t<\/div>\n\t\t\t\t<\/div>\n\t\t\t\t\t<\/div>\n\t\t<\/div>\n\t\t\t\t\t<\/div>\n\t\t<\/section>\n\t\t\t\t<\/div>","protected":false},"excerpt":{"rendered":"<p>MODALITES ET CONDITIONS Le lyc\u00e9e fran\u00e7ais Marcel Pagnol d\u2019Abuja accueille des enfants de toutes nationalit\u00e9s d\u00e8s 2 ans (\u00e2ge atteint au moment de l\u2019inscription) jusqu\u2019\u00e0 18 ans. Les enfants doivent en particulier avoir acquis une propret\u00e9 corporelle suffisante et r\u00e9guli\u00e8re. Les \u00e9l\u00e8ves venant du syst\u00e8me fran\u00e7ais sont inscrits dans la classe pr\u00e9conis\u00e9e par leur \u00e9tablissement [&hellip;]<\/p>\n","protected":false},"author":1,"featured_media":0,"parent":0,"menu_order":0,"comment_status":"closed","ping_status":"closed","template":"","meta":{"_monsterinsights_skip_tracking":false,"_monsterinsights_sitenote_active":false,"_monsterinsights_sitenote_note":"","_monsterinsights_sitenote_category":0,"site-sidebar-layout":"default","site-content-layout":"default","ast-site-content-layout":"default","site-content-style":"default","site-sidebar-style":"default","ast-global-header-display":"","ast-banner-title-visibility":"","ast-main-header-display":"","ast-hfb-above-header-display":"","ast-hfb-below-header-display":"","ast-hfb-mobile-header-display":"","site-post-title":"","ast-breadcrumbs-content":"","ast-featured-img":"","footer-sml-layout":"","ast-disable-related-posts":"","theme-transparent-header-meta":"default","adv-header-id-meta":"","stick-header-meta":"","header-above-stick-meta":"","header-main-stick-meta":"","header-below-stick-meta":"","astra-migrate-meta-layouts":"default","ast-page-background-enabled":"default","ast-page-background-meta":{"desktop":{"background-color":"","background-image":"","background-repeat":"repeat","background-position":"center center","background-size":"auto","background-attachment":"scroll","background-type":"","background-media":"","overlay-type":"","overlay-color":"","overlay-opacity":"","overlay-gradient":""},"tablet":{"background-color":"","background-image":"","background-repeat":"repeat","background-position":"center center","background-size":"auto","background-attachment":"scroll","background-type":"","background-media":"","overlay-type":"","overlay-color":"","overlay-opacity":"","overlay-gradient":""},"mobile":{"background-color":"","background-image":"","background-repeat":"repeat","background-position":"center center","background-size":"auto","background-attachment":"scroll","background-type":"","background-media":"","overlay-type":"","overlay-color":"","overlay-opacity":"","overlay-gradient":""}},"ast-content-background-meta":{"desktop":{"background-color":"var(--ast-global-color-5)","background-image":"","background-repeat":"repeat","background-position":"center center","background-size":"auto","background-attachment":"scroll","background-type":"","background-media":"","overlay-type":"","overlay-color":"","overlay-opacity":"","overlay-gradient":""},"tablet":{"background-color":"var(--ast-global-color-5)","background-image":"","background-repeat":"repeat","background-position":"center center","background-size":"auto","background-attachment":"scroll","background-type":"","background-media":"","overlay-type":"","overlay-color":"","overlay-opacity":"","overlay-gradient":""},"mobile":{"background-color":"var(--ast-global-color-5)","background-image":"","background-repeat":"repeat","background-position":"center center","background-size":"auto","background-attachment":"scroll","background-type":"","background-media":"","overlay-type":"","overlay-color":"","overlay-opacity":"","overlay-gradient":""}},"footnotes":""},"class_list":["post-25023","page","type-page","status-publish","hentry"],"_links":{"self":[{"href":"https:\/\/www.lfmpabuja.com\/en\/wp-json\/wp\/v2\/pages\/25023","targetHints":{"allow":["GET"]}}],"collection":[{"href":"https:\/\/www.lfmpabuja.com\/en\/wp-json\/wp\/v2\/pages"}],"about":[{"href":"https:\/\/www.lfmpabuja.com\/en\/wp-json\/wp\/v2\/types\/page"}],"author":[{"embeddable":true,"href":"https:\/\/www.lfmpabuja.com\/en\/wp-json\/wp\/v2\/users\/1"}],"replies":[{"embeddable":true,"href":"https:\/\/www.lfmpabuja.com\/en\/wp-json\/wp\/v2\/comments?post=25023"}],"version-history":[{"count":58,"href":"https:\/\/www.lfmpabuja.com\/en\/wp-json\/wp\/v2\/pages\/25023\/revisions"}],"predecessor-version":[{"id":30103,"href":"https:\/\/www.lfmpabuja.com\/en\/wp-json\/wp\/v2\/pages\/25023\/revisions\/30103"}],"wp:attachment":[{"href":"https:\/\/www.lfmpabuja.com\/en\/wp-json\/wp\/v2\/media?parent=25023"}],"curies":[{"name":"wp","href":"https:\/\/api.w.org\/{rel}","templated":true}]}}