{"id":25028,"date":"2020-10-30T12:47:06","date_gmt":"2020-10-30T11:47:06","guid":{"rendered":"https:\/\/ecolefrancaiseabuja.com\/?page_id=25028"},"modified":"2021-01-13T14:04:39","modified_gmt":"2021-01-13T13:04:39","slug":"college","status":"publish","type":"page","link":"https:\/\/www.lfmpabuja.com\/en\/college\/","title":{"rendered":"MIDDLE SCHOOL"},"content":{"rendered":"<div data-elementor-type=\"wp-page\" data-elementor-id=\"25028\" class=\"elementor elementor-25028\">\n\t\t\t\t\t\t<section class=\"elementor-section elementor-top-section elementor-element elementor-element-7afc91d elementor-section-boxed elementor-section-height-default elementor-section-height-default\" data-id=\"7afc91d\" data-element_type=\"section\" data-e-type=\"section\">\n\t\t\t\t\t\t<div class=\"elementor-container elementor-column-gap-default\">\n\t\t\t\t\t<div class=\"elementor-column elementor-col-33 elementor-top-column elementor-element elementor-element-4760f9b\" data-id=\"4760f9b\" data-element_type=\"column\" data-e-type=\"column\">\n\t\t\t<div class=\"elementor-widget-wrap elementor-element-populated\">\n\t\t\t\t\t\t<div class=\"elementor-element elementor-element-1a3ff77 elementor-widget elementor-widget-image\" data-id=\"1a3ff77\" data-element_type=\"widget\" data-e-type=\"widget\" data-widget_type=\"image.default\">\n\t\t\t\t<div class=\"elementor-widget-container\">\n\t\t\t\t\t\t\t\t\t\t\t\t\t\t\t<img decoding=\"async\" src=\"https:\/\/www.lfmpabuja.com\/wp-content\/uploads\/elementor\/thumbs\/Visit-of-4e-Students-to-the-French-Development-Agency-2-scaled-p4apytxdil3j1ii8phml3sdt618f6aoj5is7uov66o.jpg\" title=\"Visit of 4\u00e8 Students to the French Development Agency 2\" alt=\"Visit of 4\u00e8 Students to the French Development Agency 2\" loading=\"lazy\" \/>\t\t\t\t\t\t\t\t\t\t\t\t\t\t\t<\/div>\n\t\t\t\t<\/div>\n\t\t\t\t\t<\/div>\n\t\t<\/div>\n\t\t\t\t<div class=\"elementor-column elementor-col-33 elementor-top-column elementor-element elementor-element-54fa22d\" data-id=\"54fa22d\" data-element_type=\"column\" data-e-type=\"column\">\n\t\t\t<div class=\"elementor-widget-wrap elementor-element-populated\">\n\t\t\t\t\t\t<div class=\"elementor-element elementor-element-dce3734 elementor-widget elementor-widget-text-editor\" data-id=\"dce3734\" data-element_type=\"widget\" data-e-type=\"widget\" data-widget_type=\"text-editor.default\">\n\t\t\t\t<div class=\"elementor-widget-container\">\n\t\t\t\t\t\t\t\t\t<h2>\u00a0<\/h2><h2>Middle School (Cycle 4)<\/h2><h2>In-depth Cycle<\/h2><h2>7th, 8th and 9th grades<\/h2>\t\t\t\t\t\t\t\t<\/div>\n\t\t\t\t<\/div>\n\t\t\t\t\t<\/div>\n\t\t<\/div>\n\t\t\t\t<div class=\"elementor-column elementor-col-33 elementor-top-column elementor-element elementor-element-f60eadc\" data-id=\"f60eadc\" data-element_type=\"column\" data-e-type=\"column\">\n\t\t\t<div class=\"elementor-widget-wrap elementor-element-populated\">\n\t\t\t\t\t\t<div class=\"elementor-element elementor-element-990b2ee elementor-widget elementor-widget-image\" data-id=\"990b2ee\" data-element_type=\"widget\" data-e-type=\"widget\" data-widget_type=\"image.default\">\n\t\t\t\t<div class=\"elementor-widget-container\">\n\t\t\t\t\t\t\t\t\t\t\t\t\t\t\t<img decoding=\"async\" src=\"https:\/\/www.lfmpabuja.com\/wp-content\/uploads\/elementor\/thumbs\/IMG_2763-p4apykizm8qntevw8dkbeur786ir1bn7s89d1x93ww.jpg\" title=\"\" alt=\"\" loading=\"lazy\" \/>\t\t\t\t\t\t\t\t\t\t\t\t\t\t\t<\/div>\n\t\t\t\t<\/div>\n\t\t\t\t\t<\/div>\n\t\t<\/div>\n\t\t\t\t\t<\/div>\n\t\t<\/section>\n\t\t\t\t<section class=\"elementor-section elementor-top-section elementor-element elementor-element-f137303 elementor-section-boxed elementor-section-height-default elementor-section-height-default\" data-id=\"f137303\" data-element_type=\"section\" data-e-type=\"section\">\n\t\t\t\t\t\t<div class=\"elementor-container elementor-column-gap-default\">\n\t\t\t\t\t<div class=\"elementor-column elementor-col-100 elementor-top-column elementor-element elementor-element-2fd0040\" data-id=\"2fd0040\" data-element_type=\"column\" data-e-type=\"column\">\n\t\t\t<div class=\"elementor-widget-wrap elementor-element-populated\">\n\t\t\t\t\t\t<div class=\"elementor-element elementor-element-23735bf elementor-widget elementor-widget-text-editor\" data-id=\"23735bf\" data-element_type=\"widget\" data-e-type=\"widget\" data-widget_type=\"text-editor.default\">\n\t\t\t\t<div class=\"elementor-widget-container\">\n\t\t\t\t\t\t\t\t\t<p><strong>Les\u00a0enseignements obligatoires<\/strong>\u00a0include common teachings and complementary teachings linked to them (personalized guidance) and interdisciplinary practical teachings.<\/p><p>To enable each student to develop his or her potential and make the best use of what they have learned, the adaptability of teaching methods, such as diversification or differentiation, allows the teacher to offer a framework conducive to the acquisition of skills.<\/p><p>For students with academic difficulties, educational support may be offered.<\/p>\t\t\t\t\t\t\t\t<\/div>\n\t\t\t\t<\/div>\n\t\t\t\t\t<\/div>\n\t\t<\/div>\n\t\t\t\t\t<\/div>\n\t\t<\/section>\n\t\t\t\t<section class=\"elementor-section elementor-top-section elementor-element elementor-element-a550d92 elementor-section-boxed elementor-section-height-default elementor-section-height-default\" data-id=\"a550d92\" data-element_type=\"section\" data-e-type=\"section\">\n\t\t\t\t\t\t<div class=\"elementor-container elementor-column-gap-default\">\n\t\t\t\t\t<div class=\"elementor-column elementor-col-100 elementor-top-column elementor-element elementor-element-686dab1\" data-id=\"686dab1\" data-element_type=\"column\" data-e-type=\"column\">\n\t\t\t<div class=\"elementor-widget-wrap elementor-element-populated\">\n\t\t\t\t\t\t<div class=\"elementor-element elementor-element-1b3cfdb elementor-widget elementor-widget-text-editor\" data-id=\"1b3cfdb\" data-element_type=\"widget\" data-e-type=\"widget\" data-widget_type=\"text-editor.default\">\n\t\t\t\t<div class=\"elementor-widget-container\">\n\t\t\t\t\t\t\t\t\t<p>Compulsory courses - 26 hours per week in 6th, 7th, 8th and 9th grades.<\/p><p>LANGUAGES: At EFMPA, a second language, Spanish is taught from the 6th grade upwards.<\/p>\t\t\t\t\t\t\t\t<\/div>\n\t\t\t\t<\/div>\n\t\t\t\t\t<\/div>\n\t\t<\/div>\n\t\t\t\t\t<\/div>\n\t\t<\/section>\n\t\t\t\t<section class=\"elementor-section elementor-top-section elementor-element elementor-element-10aabab elementor-section-boxed elementor-section-height-default elementor-section-height-default\" data-id=\"10aabab\" data-element_type=\"section\" data-e-type=\"section\">\n\t\t\t\t\t\t<div class=\"elementor-container elementor-column-gap-default\">\n\t\t\t\t\t<div class=\"elementor-column elementor-col-100 elementor-top-column elementor-element elementor-element-35ae7ec\" data-id=\"35ae7ec\" data-element_type=\"column\" data-e-type=\"column\">\n\t\t\t<div class=\"elementor-widget-wrap elementor-element-populated\">\n\t\t\t\t\t\t<div class=\"elementor-element elementor-element-bbab6ff elementor-widget elementor-widget-text-editor\" data-id=\"bbab6ff\" data-element_type=\"widget\" data-e-type=\"widget\" data-widget_type=\"text-editor.default\">\n\t\t\t\t<div class=\"elementor-widget-container\">\n\t\t\t\t\t\t\t\t\t<p>The DNB: The National Diploma Certificate evaluates the knowledge and skills acquired at the end of college. It is balanced between evaluation of the basic curriculum (continuous assessment), written tests, and an oral test.<\/p><p>https:\/\/www.education.gouv.fr\/le-diplome-national-du-brevet<\/p>\t\t\t\t\t\t\t\t<\/div>\n\t\t\t\t<\/div>\n\t\t\t\t\t<\/div>\n\t\t<\/div>\n\t\t\t\t\t<\/div>\n\t\t<\/section>\n\t\t\t\t<section class=\"elementor-section elementor-top-section elementor-element elementor-element-03ed531 elementor-section-boxed elementor-section-height-default elementor-section-height-default\" data-id=\"03ed531\" data-element_type=\"section\" data-e-type=\"section\">\n\t\t\t\t\t\t<div class=\"elementor-container elementor-column-gap-default\">\n\t\t\t\t\t<div class=\"elementor-column elementor-col-100 elementor-top-column elementor-element elementor-element-fe2ddef\" data-id=\"fe2ddef\" data-element_type=\"column\" data-e-type=\"column\">\n\t\t\t<div class=\"elementor-widget-wrap elementor-element-populated\">\n\t\t\t\t\t\t<div class=\"elementor-element elementor-element-bd86080 elementor-tabs-view-horizontal elementor-widget elementor-widget-tabs\" data-id=\"bd86080\" data-element_type=\"widget\" data-e-type=\"widget\" data-widget_type=\"tabs.default\">\n\t\t\t\t<div class=\"elementor-widget-container\">\n\t\t\t\t\t\t\t<div class=\"elementor-tabs\">\n\t\t\t<div class=\"elementor-tabs-wrapper\" role=\"tablist\" >\n\t\t\t\t\t\t\t\t\t<div id=\"elementor-tab-title-1981\" class=\"elementor-tab-title elementor-tab-desktop-title\" aria-selected=\"true\" data-tab=\"1\" role=\"tab\" tabindex=\"0\" aria-controls=\"elementor-tab-content-1981\" aria-expanded=\"false\">Last year of cycle 3 (6th grade)<\/div>\n\t\t\t\t\t\t\t\t\t<div id=\"elementor-tab-title-1982\" class=\"elementor-tab-title elementor-tab-desktop-title\" aria-selected=\"false\" data-tab=\"2\" role=\"tab\" tabindex=\"-1\" aria-controls=\"elementor-tab-content-1982\" aria-expanded=\"false\">Cycle 4 (7th, 8th, 9th grade)<\/div>\n\t\t\t\t\t\t\t<\/div>\n\t\t\t<div class=\"elementor-tabs-content-wrapper\" role=\"tablist\" aria-orientation=\"vertical\">\n\t\t\t\t\t\t\t\t\t<div class=\"elementor-tab-title elementor-tab-mobile-title\" aria-selected=\"true\" data-tab=\"1\" role=\"tab\" tabindex=\"0\" aria-controls=\"elementor-tab-content-1981\" aria-expanded=\"false\">Last year of cycle 3 (6th grade)<\/div>\n\t\t\t\t\t<div id=\"elementor-tab-content-1981\" class=\"elementor-tab-content elementor-clearfix\" data-tab=\"1\" role=\"tabpanel\" aria-labelledby=\"elementor-tab-title-1981\" tabindex=\"0\" hidden=\"false\"><table><thead><tr><th>Compulsory courses<\/th><th>Weekly schedules<\/th><\/tr><\/thead><tbody><tr><td>Physical Education<\/td><td>4 hours<\/td><\/tr><tr><td>Artistic classes (Art + Music)<\/td><td>2 hours<\/td><\/tr><tr><td>French<\/td><td>4.5 hours<\/td><\/tr><tr><td>History-Geography-Civic and Moral Education<\/td><td>3 hours<\/td><\/tr><tr><td>Modern language<\/td><td>4 hours<\/td><\/tr><tr><td>Mathematics<\/td><td>4.5 hours<\/td><\/tr><tr><td>SVT, technology, physics-chemistry<\/td><td>4 hours<\/td><\/tr><tr><td><strong>Total (**)<\/strong><\/td><td><strong>26 hours<\/strong><\/td><\/tr><\/tbody><\/table><\/div>\n\t\t\t\t\t\t\t\t\t<div class=\"elementor-tab-title elementor-tab-mobile-title\" aria-selected=\"false\" data-tab=\"2\" role=\"tab\" tabindex=\"-1\" aria-controls=\"elementor-tab-content-1982\" aria-expanded=\"false\">Cycle 4 (7th, 8th, 9th grade)<\/div>\n\t\t\t\t\t<div id=\"elementor-tab-content-1982\" class=\"elementor-tab-content elementor-clearfix\" data-tab=\"2\" role=\"tabpanel\" aria-labelledby=\"elementor-tab-title-1982\" tabindex=\"0\" hidden=\"hidden\"><table><thead><tr><th rowspan=\"2\">Compulsory courses<\/th><th colspan=\"3\">Weekly schedules<\/th><\/tr><tr><th>7th Grade<\/th><th>8th Grade<\/th><th>9th Grade<\/th><\/tr><\/thead><tbody><tr><td>Physical Education<\/td><td>3 hours<\/td><td>3 hours<\/td><td>3 hours<\/td><\/tr><tr><td>Artistic classes (Art + Music)<\/td><td>2 hours<\/td><td>2 hours<\/td><td>2 hours<\/td><\/tr><tr><td>French<\/td><td>4.5 hours<\/td><td>4.5 hours<\/td><td>4 hours<\/td><\/tr><tr><td>History - Geography Moral and Civic Education<\/td><td>3 hours<\/td><td>3 hours<\/td><td>3,5 heures<\/td><\/tr><tr><td>Modern language 1<\/td><td>3 hours<\/td><td>3 hours<\/td><td>3 hours<\/td><\/tr><tr><td>Modern language 2<\/td><td>2,5 heures<\/td><td>2,5 heures<\/td><td>2,5 heures<\/td><\/tr><tr><td>Mathematics<\/td><td>3,5 heures<\/td><td>3,5 heures<\/td><td>3,5 heures<\/td><\/tr><tr><td>SVT<\/td><td>1,5 heure<\/td><td>1,5 heure<\/td><td>1,5 heure<\/td><\/tr><tr><td>Technology<\/td><td>1,5 heure<\/td><td>1,5 heure<\/td><td>1,5 heure<\/td><\/tr><tr><td>Physics-Chemistry<\/td><td>1,5 heure<\/td><td>1,5 heure<\/td><td>1,5 heure<\/td><\/tr><tr><td><strong>Total (**)<\/strong><\/td><td colspan=\"3\"><strong>26 hours<\/strong><\/td><\/tr><\/tbody><\/table><\/div>\n\t\t\t\t\t\t\t<\/div>\n\t\t<\/div>\n\t\t\t\t\t\t<\/div>\n\t\t\t\t<\/div>\n\t\t\t\t\t<\/div>\n\t\t<\/div>\n\t\t\t\t\t<\/div>\n\t\t<\/section>\n\t\t\t\t<\/div>","protected":false},"excerpt":{"rendered":"<p>\u00a0 Coll\u00e8ge (Cycle 4) Cycle Des Approfondissements (5\u00e8me, 4\u00e8me, 3\u00e8me) Les\u00a0enseignements obligatoires\u00a0comportent des enseignements communs et des enseignements compl\u00e9mentaires qui leur sont li\u00e9s (accompagnement personnalis\u00e9 et enseignements pratiques interdisciplinaires). Pour permettre \u00e0 chaque \u00e9l\u00e8ve de d\u00e9velopper son potentiel et utiliser au mieux ses acquis, l&rsquo;adaptabilit\u00e9 des m\u00e9thodes p\u00e9dagogiques, comme la diversification ou la diff\u00e9renciation, permet [&hellip;]<\/p>\n","protected":false},"author":1,"featured_media":0,"parent":0,"menu_order":0,"comment_status":"closed","ping_status":"closed","template":"","meta":{"_monsterinsights_skip_tracking":false,"_monsterinsights_sitenote_active":false,"_monsterinsights_sitenote_note":"","_monsterinsights_sitenote_category":0,"site-sidebar-layout":"no-sidebar","site-content-layout":"page-builder","ast-site-content-layout":"default","site-content-style":"default","site-sidebar-style":"default","ast-global-header-display":"","ast-banner-title-visibility":"","ast-main-header-display":"","ast-hfb-above-header-display":"","ast-hfb-below-header-display":"","ast-hfb-mobile-header-display":"","site-post-title":"disabled","ast-breadcrumbs-content":"","ast-featured-img":"disabled","footer-sml-layout":"","ast-disable-related-posts":"","theme-transparent-header-meta":"","adv-header-id-meta":"","stick-header-meta":"","header-above-stick-meta":"","header-main-stick-meta":"","header-below-stick-meta":"","astra-migrate-meta-layouts":"default","ast-page-background-enabled":"default","ast-page-background-meta":{"desktop":{"background-color":"","background-image":"","background-repeat":"repeat","background-position":"center center","background-size":"auto","background-attachment":"scroll","background-type":"","background-media":"","overlay-type":"","overlay-color":"","overlay-opacity":"","overlay-gradient":""},"tablet":{"background-color":"","background-image":"","background-repeat":"repeat","background-position":"center center","background-size":"auto","background-attachment":"scroll","background-type":"","background-media":"","overlay-type":"","overlay-color":"","overlay-opacity":"","overlay-gradient":""},"mobile":{"background-color":"","background-image":"","background-repeat":"repeat","background-position":"center center","background-size":"auto","background-attachment":"scroll","background-type":"","background-media":"","overlay-type":"","overlay-color":"","overlay-opacity":"","overlay-gradient":""}},"ast-content-background-meta":{"desktop":{"background-color":"var(--ast-global-color-5)","background-image":"","background-repeat":"repeat","background-position":"center center","background-size":"auto","background-attachment":"scroll","background-type":"","background-media":"","overlay-type":"","overlay-color":"","overlay-opacity":"","overlay-gradient":""},"tablet":{"background-color":"var(--ast-global-color-5)","background-image":"","background-repeat":"repeat","background-position":"center center","background-size":"auto","background-attachment":"scroll","background-type":"","background-media":"","overlay-type":"","overlay-color":"","overlay-opacity":"","overlay-gradient":""},"mobile":{"background-color":"var(--ast-global-color-5)","background-image":"","background-repeat":"repeat","background-position":"center center","background-size":"auto","background-attachment":"scroll","background-type":"","background-media":"","overlay-type":"","overlay-color":"","overlay-opacity":"","overlay-gradient":""}},"footnotes":""},"class_list":["post-25028","page","type-page","status-publish","hentry"],"_links":{"self":[{"href":"https:\/\/www.lfmpabuja.com\/en\/wp-json\/wp\/v2\/pages\/25028","targetHints":{"allow":["GET"]}}],"collection":[{"href":"https:\/\/www.lfmpabuja.com\/en\/wp-json\/wp\/v2\/pages"}],"about":[{"href":"https:\/\/www.lfmpabuja.com\/en\/wp-json\/wp\/v2\/types\/page"}],"author":[{"embeddable":true,"href":"https:\/\/www.lfmpabuja.com\/en\/wp-json\/wp\/v2\/users\/1"}],"replies":[{"embeddable":true,"href":"https:\/\/www.lfmpabuja.com\/en\/wp-json\/wp\/v2\/comments?post=25028"}],"version-history":[{"count":37,"href":"https:\/\/www.lfmpabuja.com\/en\/wp-json\/wp\/v2\/pages\/25028\/revisions"}],"predecessor-version":[{"id":26187,"href":"https:\/\/www.lfmpabuja.com\/en\/wp-json\/wp\/v2\/pages\/25028\/revisions\/26187"}],"wp:attachment":[{"href":"https:\/\/www.lfmpabuja.com\/en\/wp-json\/wp\/v2\/media?parent=25028"}],"curies":[{"name":"wp","href":"https:\/\/api.w.org\/{rel}","templated":true}]}}