{"id":25030,"date":"2020-10-30T12:47:06","date_gmt":"2020-10-30T11:47:06","guid":{"rendered":"https:\/\/ecolefrancaiseabuja.com\/?page_id=25030"},"modified":"2022-11-09T15:22:29","modified_gmt":"2022-11-09T14:22:29","slug":"examen","status":"publish","type":"page","link":"https:\/\/www.lfmpabuja.com\/en\/examen\/","title":{"rendered":""},"content":{"rendered":"<div data-elementor-type=\"wp-page\" data-elementor-id=\"25030\" class=\"elementor elementor-25030\">\n\t\t\t\t\t\t<section class=\"elementor-section elementor-top-section elementor-element elementor-element-33ed8dc elementor-section-boxed elementor-section-height-default elementor-section-height-default\" data-id=\"33ed8dc\" data-element_type=\"section\" data-e-type=\"section\">\n\t\t\t\t\t\t<div class=\"elementor-container elementor-column-gap-default\">\n\t\t\t\t\t<div class=\"elementor-column elementor-col-100 elementor-top-column elementor-element elementor-element-6ed6ff1\" data-id=\"6ed6ff1\" data-element_type=\"column\" data-e-type=\"column\">\n\t\t\t<div class=\"elementor-widget-wrap elementor-element-populated\">\n\t\t\t\t\t\t<div class=\"elementor-element elementor-element-5806f91 elementor-widget elementor-widget-heading\" data-id=\"5806f91\" data-element_type=\"widget\" data-e-type=\"widget\" data-widget_type=\"heading.default\">\n\t\t\t\t<div class=\"elementor-widget-container\">\n\t\t\t\t\t<h2 class=\"elementor-heading-title elementor-size-default\">The National Diploma Of The Brevet (DNB)<\/h2>\t\t\t\t<\/div>\n\t\t\t\t<\/div>\n\t\t\t\t\t<\/div>\n\t\t<\/div>\n\t\t\t\t\t<\/div>\n\t\t<\/section>\n\t\t\t\t<section class=\"elementor-section elementor-top-section elementor-element elementor-element-58e639ff elementor-section-boxed elementor-section-height-default elementor-section-height-default\" data-id=\"58e639ff\" data-element_type=\"section\" data-e-type=\"section\">\n\t\t\t\t\t\t<div class=\"elementor-container elementor-column-gap-default\">\n\t\t\t\t\t<div class=\"elementor-column elementor-col-100 elementor-top-column elementor-element elementor-element-4d78dcc2\" data-id=\"4d78dcc2\" data-element_type=\"column\" data-e-type=\"column\">\n\t\t\t<div class=\"elementor-widget-wrap elementor-element-populated\">\n\t\t\t\t\t\t<div class=\"elementor-element elementor-element-25469f62 elementor-widget elementor-widget-text-editor\" data-id=\"25469f62\" data-element_type=\"widget\" data-e-type=\"widget\" data-widget_type=\"text-editor.default\">\n\t\t\t\t<div class=\"elementor-widget-container\">\n\t\t\t\t\t\t\t\t\t<p class=\"font_8\">The National Certificate Diploma evaluates the knowledge and skills acquired at the end of college. It is balanced between assessment of the base (continuous assessment) and final tests. Each discipline evaluated is the subject of a separate test, except in science (two disciplines), and an oral test for academic candidates. Since the 2017 session, the awarding of the National Diploma of the Brevet (DNB) is based on continuous assessment and three compulsory exams taken at the end of Cycle 4 (9th grade):<\/p><ul class=\"font_8\"><li><p class=\"font_8\">An oral test during which the student presents a project worked on as part of an interdisciplinary practical education (EPI) or an educational path, allowing in particular to evaluate the quality of the oral expression.<\/p><\/li><li><p class=\"font_8\">A written test in French, history-geography and moral and civic education.<\/p><\/li><li><p class=\"font_8\">A written test on mathematics, life and earth sciences, physics-chemistry and technology.<\/p><\/li><\/ul><p class=\"font_8\">The success of the student of DNB attests to his mastery of the common basic knowledge, skills, and culture.<\/p><p class=\"font_8\">Taking this exam is not a condition to grant access to a higher class at the end of the 9th grade.<\/p>\t\t\t\t\t\t\t\t<\/div>\n\t\t\t\t<\/div>\n\t\t\t\t\t<\/div>\n\t\t<\/div>\n\t\t\t\t\t<\/div>\n\t\t<\/section>\n\t\t\t\t<section class=\"elementor-section elementor-top-section elementor-element elementor-element-0c53583 elementor-section-boxed elementor-section-height-default elementor-section-height-default\" data-id=\"0c53583\" data-element_type=\"section\" data-e-type=\"section\">\n\t\t\t\t\t\t<div class=\"elementor-container elementor-column-gap-default\">\n\t\t\t\t\t<div class=\"elementor-column elementor-col-100 elementor-top-column elementor-element elementor-element-c9544ed\" data-id=\"c9544ed\" data-element_type=\"column\" data-e-type=\"column\">\n\t\t\t<div class=\"elementor-widget-wrap elementor-element-populated\">\n\t\t\t\t\t\t<div class=\"elementor-element elementor-element-d15dba9 elementor-widget elementor-widget-heading\" data-id=\"d15dba9\" data-element_type=\"widget\" data-e-type=\"widget\" data-widget_type=\"heading.default\">\n\t\t\t\t<div class=\"elementor-widget-container\">\n\t\t\t\t\t<h2 class=\"elementor-heading-title elementor-size-default\">Baccalaur\u00e9at<\/h2>\t\t\t\t<\/div>\n\t\t\t\t<\/div>\n\t\t\t\t\t<\/div>\n\t\t<\/div>\n\t\t\t\t\t<\/div>\n\t\t<\/section>\n\t\t\t\t<section class=\"elementor-section elementor-top-section elementor-element elementor-element-56de313 elementor-section-boxed elementor-section-height-default elementor-section-height-default\" data-id=\"56de313\" data-element_type=\"section\" data-e-type=\"section\">\n\t\t\t\t\t\t<div class=\"elementor-container elementor-column-gap-default\">\n\t\t\t\t\t<div class=\"elementor-column elementor-col-100 elementor-top-column elementor-element elementor-element-d337986\" data-id=\"d337986\" data-element_type=\"column\" data-e-type=\"column\">\n\t\t\t<div class=\"elementor-widget-wrap elementor-element-populated\">\n\t\t\t\t\t\t<div class=\"elementor-element elementor-element-00666f9 elementor-widget elementor-widget-text-editor\" data-id=\"00666f9\" data-element_type=\"widget\" data-e-type=\"widget\" data-widget_type=\"text-editor.default\">\n\t\t\t\t<div class=\"elementor-widget-container\">\n\t\t\t\t\t\t\t\t\t<p><strong>Passing your Baccalaur\u00e9at in 2021<\/strong>\u00a0:<\/p><p>Brochure published by the MEN, summarizing the elements relating to the examination modalities of the new BAC 2021 (tests, calendar, distribution of assessments ...)<\/p>\t\t\t\t\t\t\t\t<\/div>\n\t\t\t\t<\/div>\n\t\t\t\t\t<\/div>\n\t\t<\/div>\n\t\t\t\t\t<\/div>\n\t\t<\/section>\n\t\t\t\t<section class=\"elementor-section elementor-top-section elementor-element elementor-element-6772141 elementor-section-boxed elementor-section-height-default elementor-section-height-default\" data-id=\"6772141\" data-element_type=\"section\" data-e-type=\"section\">\n\t\t\t\t\t\t<div class=\"elementor-container elementor-column-gap-default\">\n\t\t\t\t\t<div class=\"elementor-column elementor-col-50 elementor-top-column elementor-element elementor-element-14b2362\" data-id=\"14b2362\" data-element_type=\"column\" data-e-type=\"column\">\n\t\t\t<div class=\"elementor-widget-wrap elementor-element-populated\">\n\t\t\t\t\t\t<div class=\"elementor-element elementor-element-e03d772 elementor-widget elementor-widget-text-editor\" data-id=\"e03d772\" data-element_type=\"widget\" data-e-type=\"widget\" data-widget_type=\"text-editor.default\">\n\t\t\t\t<div class=\"elementor-widget-container\">\n\t\t\t\t\t\t\t\t\t<p><strong>General<\/strong>\u00a0:\u00a0<\/p>\t\t\t\t\t\t\t\t<\/div>\n\t\t\t\t<\/div>\n\t\t\t\t<div class=\"elementor-element elementor-element-fa872b4 elementor-widget elementor-widget-image\" data-id=\"fa872b4\" data-element_type=\"widget\" data-e-type=\"widget\" data-widget_type=\"image.default\">\n\t\t\t\t<div class=\"elementor-widget-container\">\n\t\t\t\t\t\t\t\t\t\t\t\t\t\t\t<img fetchpriority=\"high\" decoding=\"async\" width=\"236\" height=\"367\" src=\"https:\/\/www.lfmpabuja.com\/wp-content\/uploads\/2020\/12\/gbac2021-voiegenerale.jpg\" class=\"attachment-large size-large wp-image-25997\" alt=\"\" srcset=\"https:\/\/www.lfmpabuja.com\/wp-content\/uploads\/2020\/12\/gbac2021-voiegenerale.jpg 236w, https:\/\/www.lfmpabuja.com\/wp-content\/uploads\/2020\/12\/gbac2021-voiegenerale-193x300.jpg 193w, https:\/\/www.lfmpabuja.com\/wp-content\/uploads\/2020\/12\/gbac2021-voiegenerale-8x12.jpg 8w\" sizes=\"(max-width: 236px) 100vw, 236px\" \/>\t\t\t\t\t\t\t\t\t\t\t\t\t\t\t<\/div>\n\t\t\t\t<\/div>\n\t\t\t\t<div class=\"elementor-element elementor-element-b932183 elementor-align-center elementor-widget elementor-widget-button\" data-id=\"b932183\" data-element_type=\"widget\" data-e-type=\"widget\" data-widget_type=\"button.default\">\n\t\t\t\t<div class=\"elementor-widget-container\">\n\t\t\t\t\t\t\t\t\t<div class=\"elementor-button-wrapper\">\n\t\t\t\t\t<a class=\"elementor-button elementor-button-link elementor-size-sm\" href=\"https:\/\/lfmpabuja.com\/wp-content\/uploads\/2020\/12\/2019_depliant_1re_G_1191383.pdf\" target=\"_blank\">\n\t\t\t\t\t\t<span class=\"elementor-button-content-wrapper\">\n\t\t\t\t\t\t\t\t\t<span class=\"elementor-button-text\">DOWNLOAD<\/span>\n\t\t\t\t\t<\/span>\n\t\t\t\t\t<\/a>\n\t\t\t\t<\/div>\n\t\t\t\t\t\t\t\t<\/div>\n\t\t\t\t<\/div>\n\t\t\t\t\t<\/div>\n\t\t<\/div>\n\t\t\t\t<div class=\"elementor-column elementor-col-50 elementor-top-column elementor-element elementor-element-a5fd9b7\" data-id=\"a5fd9b7\" data-element_type=\"column\" data-e-type=\"column\">\n\t\t\t<div class=\"elementor-widget-wrap elementor-element-populated\">\n\t\t\t\t\t\t<div class=\"elementor-element elementor-element-36c24e8 elementor-widget elementor-widget-text-editor\" data-id=\"36c24e8\" data-element_type=\"widget\" data-e-type=\"widget\" data-widget_type=\"text-editor.default\">\n\t\t\t\t<div class=\"elementor-widget-container\">\n\t\t\t\t\t\t\t\t\t<p><strong>Technology<\/strong>\u00a0:<\/p>\t\t\t\t\t\t\t\t<\/div>\n\t\t\t\t<\/div>\n\t\t\t\t<div class=\"elementor-element elementor-element-adcb1fc elementor-widget elementor-widget-image\" data-id=\"adcb1fc\" data-element_type=\"widget\" data-e-type=\"widget\" data-widget_type=\"image.default\">\n\t\t\t\t<div class=\"elementor-widget-container\">\n\t\t\t\t\t\t\t\t\t\t\t\t\t\t\t<img decoding=\"async\" width=\"236\" height=\"378\" src=\"https:\/\/www.lfmpabuja.com\/wp-content\/uploads\/2020\/12\/gbac2021-voie_technologique.jpg\" class=\"attachment-large size-large wp-image-26003\" alt=\"\" srcset=\"https:\/\/www.lfmpabuja.com\/wp-content\/uploads\/2020\/12\/gbac2021-voie_technologique.jpg 236w, https:\/\/www.lfmpabuja.com\/wp-content\/uploads\/2020\/12\/gbac2021-voie_technologique-187x300.jpg 187w, https:\/\/www.lfmpabuja.com\/wp-content\/uploads\/2020\/12\/gbac2021-voie_technologique-7x12.jpg 7w\" sizes=\"(max-width: 236px) 100vw, 236px\" \/>\t\t\t\t\t\t\t\t\t\t\t\t\t\t\t<\/div>\n\t\t\t\t<\/div>\n\t\t\t\t<div class=\"elementor-element elementor-element-6204bf7 elementor-align-center elementor-widget elementor-widget-button\" data-id=\"6204bf7\" data-element_type=\"widget\" data-e-type=\"widget\" data-widget_type=\"button.default\">\n\t\t\t\t<div class=\"elementor-widget-container\">\n\t\t\t\t\t\t\t\t\t<div class=\"elementor-button-wrapper\">\n\t\t\t\t\t<a class=\"elementor-button elementor-button-link elementor-size-sm\" href=\"https:\/\/lfmpabuja.com\/wp-content\/uploads\/2020\/12\/2019_depliant_1re_techno_1191381.pdf\" target=\"_blank\">\n\t\t\t\t\t\t<span class=\"elementor-button-content-wrapper\">\n\t\t\t\t\t\t\t\t\t<span class=\"elementor-button-text\">DOWNLOAD<\/span>\n\t\t\t\t\t<\/span>\n\t\t\t\t\t<\/a>\n\t\t\t\t<\/div>\n\t\t\t\t\t\t\t\t<\/div>\n\t\t\t\t<\/div>\n\t\t\t\t\t<\/div>\n\t\t<\/div>\n\t\t\t\t\t<\/div>\n\t\t<\/section>\n\t\t\t\t<section class=\"elementor-section elementor-top-section elementor-element elementor-element-689dd4c elementor-section-boxed elementor-section-height-default elementor-section-height-default\" data-id=\"689dd4c\" data-element_type=\"section\" data-e-type=\"section\">\n\t\t\t\t\t\t<div class=\"elementor-container elementor-column-gap-default\">\n\t\t\t\t\t<div class=\"elementor-column elementor-col-100 elementor-top-column elementor-element elementor-element-e1cb2fb\" data-id=\"e1cb2fb\" data-element_type=\"column\" data-e-type=\"column\">\n\t\t\t<div class=\"elementor-widget-wrap elementor-element-populated\">\n\t\t\t\t\t\t<div class=\"elementor-element elementor-element-1605ccf elementor-widget-divider--view-line elementor-widget elementor-widget-divider\" data-id=\"1605ccf\" data-element_type=\"widget\" data-e-type=\"widget\" data-widget_type=\"divider.default\">\n\t\t\t\t<div class=\"elementor-widget-container\">\n\t\t\t\t\t\t\t<div class=\"elementor-divider\">\n\t\t\t<span class=\"elementor-divider-separator\">\n\t\t\t\t\t\t<\/span>\n\t\t<\/div>\n\t\t\t\t\t\t<\/div>\n\t\t\t\t<\/div>\n\t\t\t\t<div class=\"elementor-element elementor-element-bcc1f47 elementor-align-center elementor-widget elementor-widget-button\" data-id=\"bcc1f47\" data-element_type=\"widget\" data-e-type=\"widget\" data-widget_type=\"button.default\">\n\t\t\t\t<div class=\"elementor-widget-container\">\n\t\t\t\t\t\t\t\t\t<div class=\"elementor-button-wrapper\">\n\t\t\t\t\t<a class=\"elementor-button elementor-button-link elementor-size-sm\" href=\"https:\/\/www.lfmpabuja.com\/wp-content\/uploads\/2021\/12\/Projet-evaluation-LFMPA.pdf\">\n\t\t\t\t\t\t<span class=\"elementor-button-content-wrapper\">\n\t\t\t\t\t\t\t\t\t<span class=\"elementor-button-text\">Download the LFMPA evaluation project<\/span>\n\t\t\t\t\t<\/span>\n\t\t\t\t\t<\/a>\n\t\t\t\t<\/div>\n\t\t\t\t\t\t\t\t<\/div>\n\t\t\t\t<\/div>\n\t\t\t\t\t<\/div>\n\t\t<\/div>\n\t\t\t\t\t<\/div>\n\t\t<\/section>\n\t\t\t\t<\/div>","protected":false},"excerpt":{"rendered":"<p>Le Dipl\u00f4me National Du Brevet (DNB) Le dipl\u00f4me national du brevet \u00e9value les connaissances et les comp\u00e9tences acquises \u00e0 la fin du coll\u00e8ge. Il est \u00e9quilibr\u00e9 entre \u00e9valuation du socle (contr\u00f4le continu) et \u00e9preuves finales. Chaque discipline \u00e9valu\u00e9e fait l&rsquo;objet d&rsquo;une \u00e9preuve distincte, sauf en sciences (deux disciplines), et d&rsquo;une \u00e9preuve orale pour les candidats [&hellip;]<\/p>\n","protected":false},"author":1,"featured_media":0,"parent":0,"menu_order":0,"comment_status":"closed","ping_status":"closed","template":"","meta":{"_monsterinsights_skip_tracking":false,"_monsterinsights_sitenote_active":false,"_monsterinsights_sitenote_note":"","_monsterinsights_sitenote_category":0,"site-sidebar-layout":"default","site-content-layout":"default","ast-site-content-layout":"default","site-content-style":"default","site-sidebar-style":"default","ast-global-header-display":"","ast-banner-title-visibility":"","ast-main-header-display":"","ast-hfb-above-header-display":"","ast-hfb-below-header-display":"","ast-hfb-mobile-header-display":"","site-post-title":"","ast-breadcrumbs-content":"","ast-featured-img":"","footer-sml-layout":"","ast-disable-related-posts":"","theme-transparent-header-meta":"default","adv-header-id-meta":"","stick-header-meta":"","header-above-stick-meta":"","header-main-stick-meta":"","header-below-stick-meta":"","astra-migrate-meta-layouts":"default","ast-page-background-enabled":"default","ast-page-background-meta":{"desktop":{"background-color":"","background-image":"","background-repeat":"repeat","background-position":"center center","background-size":"auto","background-attachment":"scroll","background-type":"","background-media":"","overlay-type":"","overlay-color":"","overlay-opacity":"","overlay-gradient":""},"tablet":{"background-color":"","background-image":"","background-repeat":"repeat","background-position":"center center","background-size":"auto","background-attachment":"scroll","background-type":"","background-media":"","overlay-type":"","overlay-color":"","overlay-opacity":"","overlay-gradient":""},"mobile":{"background-color":"","background-image":"","background-repeat":"repeat","background-position":"center center","background-size":"auto","background-attachment":"scroll","background-type":"","background-media":"","overlay-type":"","overlay-color":"","overlay-opacity":"","overlay-gradient":""}},"ast-content-background-meta":{"desktop":{"background-color":"var(--ast-global-color-5)","background-image":"","background-repeat":"repeat","background-position":"center center","background-size":"auto","background-attachment":"scroll","background-type":"","background-media":"","overlay-type":"","overlay-color":"","overlay-opacity":"","overlay-gradient":""},"tablet":{"background-color":"var(--ast-global-color-5)","background-image":"","background-repeat":"repeat","background-position":"center center","background-size":"auto","background-attachment":"scroll","background-type":"","background-media":"","overlay-type":"","overlay-color":"","overlay-opacity":"","overlay-gradient":""},"mobile":{"background-color":"var(--ast-global-color-5)","background-image":"","background-repeat":"repeat","background-position":"center center","background-size":"auto","background-attachment":"scroll","background-type":"","background-media":"","overlay-type":"","overlay-color":"","overlay-opacity":"","overlay-gradient":""}},"footnotes":""},"class_list":["post-25030","page","type-page","status-publish","hentry"],"_links":{"self":[{"href":"https:\/\/www.lfmpabuja.com\/en\/wp-json\/wp\/v2\/pages\/25030","targetHints":{"allow":["GET"]}}],"collection":[{"href":"https:\/\/www.lfmpabuja.com\/en\/wp-json\/wp\/v2\/pages"}],"about":[{"href":"https:\/\/www.lfmpabuja.com\/en\/wp-json\/wp\/v2\/types\/page"}],"author":[{"embeddable":true,"href":"https:\/\/www.lfmpabuja.com\/en\/wp-json\/wp\/v2\/users\/1"}],"replies":[{"embeddable":true,"href":"https:\/\/www.lfmpabuja.com\/en\/wp-json\/wp\/v2\/comments?post=25030"}],"version-history":[{"count":33,"href":"https:\/\/www.lfmpabuja.com\/en\/wp-json\/wp\/v2\/pages\/25030\/revisions"}],"predecessor-version":[{"id":28813,"href":"https:\/\/www.lfmpabuja.com\/en\/wp-json\/wp\/v2\/pages\/25030\/revisions\/28813"}],"wp:attachment":[{"href":"https:\/\/www.lfmpabuja.com\/en\/wp-json\/wp\/v2\/media?parent=25030"}],"curies":[{"name":"wp","href":"https:\/\/api.w.org\/{rel}","templated":true}]}}