{"id":25036,"date":"2020-10-30T12:47:06","date_gmt":"2020-10-30T11:47:06","guid":{"rendered":"https:\/\/ecolefrancaiseabuja.com\/?page_id=25036"},"modified":"2022-10-21T15:29:33","modified_gmt":"2022-10-21T14:29:33","slug":"activites-periscolaires","status":"publish","type":"page","link":"https:\/\/www.lfmpabuja.com\/en\/activites-periscolaires\/","title":{"rendered":"EXTRACURRICULA ACTIVITIES"},"content":{"rendered":"<div data-elementor-type=\"wp-page\" data-elementor-id=\"25036\" class=\"elementor elementor-25036\">\n\t\t\t\t\t\t<section class=\"elementor-section elementor-top-section elementor-element elementor-element-5c070b6 elementor-section-boxed elementor-section-height-default elementor-section-height-default\" data-id=\"5c070b6\" data-element_type=\"section\" data-e-type=\"section\">\n\t\t\t\t\t\t<div class=\"elementor-container elementor-column-gap-default\">\n\t\t\t\t\t<div class=\"elementor-column elementor-col-100 elementor-top-column elementor-element elementor-element-ca91010\" data-id=\"ca91010\" data-element_type=\"column\" data-e-type=\"column\">\n\t\t\t<div class=\"elementor-widget-wrap elementor-element-populated\">\n\t\t\t\t\t\t<div class=\"elementor-element elementor-element-fc2cbed elementor-widget elementor-widget-spacer\" data-id=\"fc2cbed\" data-element_type=\"widget\" data-e-type=\"widget\" data-widget_type=\"spacer.default\">\n\t\t\t\t<div class=\"elementor-widget-container\">\n\t\t\t\t\t\t\t<div class=\"elementor-spacer\">\n\t\t\t<div class=\"elementor-spacer-inner\"><\/div>\n\t\t<\/div>\n\t\t\t\t\t\t<\/div>\n\t\t\t\t<\/div>\n\t\t\t\t\t<\/div>\n\t\t<\/div>\n\t\t\t\t\t<\/div>\n\t\t<\/section>\n\t\t\t\t<section class=\"elementor-section elementor-top-section elementor-element elementor-element-fb3f759 elementor-section-boxed elementor-section-height-default elementor-section-height-default\" data-id=\"fb3f759\" data-element_type=\"section\" data-e-type=\"section\">\n\t\t\t\t\t\t<div class=\"elementor-container elementor-column-gap-default\">\n\t\t\t\t\t<div class=\"elementor-column elementor-col-100 elementor-top-column elementor-element elementor-element-7f6576f\" data-id=\"7f6576f\" data-element_type=\"column\" data-e-type=\"column\">\n\t\t\t<div class=\"elementor-widget-wrap elementor-element-populated\">\n\t\t\t\t\t\t<div class=\"elementor-element elementor-element-f0bb96e elementor-widget elementor-widget-heading\" data-id=\"f0bb96e\" data-element_type=\"widget\" data-e-type=\"widget\" data-widget_type=\"heading.default\">\n\t\t\t\t<div class=\"elementor-widget-container\">\n\t\t\t\t\t<h2 class=\"elementor-heading-title elementor-size-default\">Extracurricular Activities<\/h2>\t\t\t\t<\/div>\n\t\t\t\t<\/div>\n\t\t\t\t\t<\/div>\n\t\t<\/div>\n\t\t\t\t\t<\/div>\n\t\t<\/section>\n\t\t\t\t<section class=\"elementor-section elementor-top-section elementor-element elementor-element-7d1cd75 elementor-section-boxed elementor-section-height-default elementor-section-height-default\" data-id=\"7d1cd75\" data-element_type=\"section\" data-e-type=\"section\">\n\t\t\t\t\t\t<div class=\"elementor-container elementor-column-gap-default\">\n\t\t\t\t\t<div class=\"elementor-column elementor-col-33 elementor-top-column elementor-element elementor-element-5eef47e\" data-id=\"5eef47e\" data-element_type=\"column\" data-e-type=\"column\">\n\t\t\t<div class=\"elementor-widget-wrap\">\n\t\t\t\t\t\t\t<\/div>\n\t\t<\/div>\n\t\t\t\t<div class=\"elementor-column elementor-col-33 elementor-top-column elementor-element elementor-element-309add6\" data-id=\"309add6\" data-element_type=\"column\" data-e-type=\"column\">\n\t\t\t<div class=\"elementor-widget-wrap elementor-element-populated\">\n\t\t\t\t\t\t<div class=\"elementor-element elementor-element-f77ceae elementor-widget elementor-widget-image\" data-id=\"f77ceae\" data-element_type=\"widget\" data-e-type=\"widget\" data-widget_type=\"image.default\">\n\t\t\t\t<div class=\"elementor-widget-container\">\n\t\t\t\t\t\t\t\t\t\t\t\t\t\t\t<img fetchpriority=\"high\" decoding=\"async\" width=\"1024\" height=\"650\" src=\"https:\/\/www.lfmpabuja.com\/wp-content\/uploads\/2022\/10\/WhatsApp-Image-2022-10-05-at-16.39.59-1-1024x650.jpeg\" class=\"attachment-large size-large wp-image-28721\" alt=\"\" srcset=\"https:\/\/www.lfmpabuja.com\/wp-content\/uploads\/2022\/10\/WhatsApp-Image-2022-10-05-at-16.39.59-1-1024x650.jpeg 1024w, https:\/\/www.lfmpabuja.com\/wp-content\/uploads\/2022\/10\/WhatsApp-Image-2022-10-05-at-16.39.59-1-300x191.jpeg 300w, https:\/\/www.lfmpabuja.com\/wp-content\/uploads\/2022\/10\/WhatsApp-Image-2022-10-05-at-16.39.59-1-768x488.jpeg 768w, https:\/\/www.lfmpabuja.com\/wp-content\/uploads\/2022\/10\/WhatsApp-Image-2022-10-05-at-16.39.59-1-18x12.jpeg 18w, https:\/\/www.lfmpabuja.com\/wp-content\/uploads\/2022\/10\/WhatsApp-Image-2022-10-05-at-16.39.59-1.jpeg 1080w\" sizes=\"(max-width: 1024px) 100vw, 1024px\" \/>\t\t\t\t\t\t\t\t\t\t\t\t\t\t\t<\/div>\n\t\t\t\t<\/div>\n\t\t\t\t\t<\/div>\n\t\t<\/div>\n\t\t\t\t<div class=\"elementor-column elementor-col-33 elementor-top-column elementor-element elementor-element-1854c84\" data-id=\"1854c84\" data-element_type=\"column\" data-e-type=\"column\">\n\t\t\t<div class=\"elementor-widget-wrap\">\n\t\t\t\t\t\t\t<\/div>\n\t\t<\/div>\n\t\t\t\t\t<\/div>\n\t\t<\/section>\n\t\t\t\t<section class=\"elementor-section elementor-top-section elementor-element elementor-element-0b0dfba elementor-section-boxed elementor-section-height-default elementor-section-height-default\" data-id=\"0b0dfba\" data-element_type=\"section\" data-e-type=\"section\">\n\t\t\t\t\t\t<div class=\"elementor-container elementor-column-gap-default\">\n\t\t\t\t\t<div class=\"elementor-column elementor-col-33 elementor-top-column elementor-element elementor-element-a8a95e8\" data-id=\"a8a95e8\" data-element_type=\"column\" data-e-type=\"column\">\n\t\t\t<div class=\"elementor-widget-wrap\">\n\t\t\t\t\t\t\t<\/div>\n\t\t<\/div>\n\t\t\t\t<div class=\"elementor-column elementor-col-33 elementor-top-column elementor-element elementor-element-6db5010\" data-id=\"6db5010\" data-element_type=\"column\" data-e-type=\"column\">\n\t\t\t<div class=\"elementor-widget-wrap elementor-element-populated\">\n\t\t\t\t\t\t<div class=\"elementor-element elementor-element-10dbbb2 elementor-widget elementor-widget-text-editor\" data-id=\"10dbbb2\" data-element_type=\"widget\" data-e-type=\"widget\" data-widget_type=\"text-editor.default\">\n\t\t\t\t<div class=\"elementor-widget-container\">\n\t\t\t\t\t\t\t\t\t<p class=\"font_8\" style=\"box-sizing: inherit; font-size: 16px; font-style: normal; font-weight: 400;\"><span class=\"color_15\" style=\"box-sizing: inherit; font-size: 16px;\">\u00a0 Numerous activities are offered to students from 6 years old. They are organized by the parents. Examples of the activities offered are :\u00a0<\/span><\/p><ul class=\"font_8 color_15\" style=\"box-sizing: inherit; font-size: 16px; font-style: normal; font-weight: 400;\"><li>Arts plastiques et cr\u00e9atifs<\/li><li>Help with homework<\/li><li>\u00a0Ballet<\/li><li>Basketball<\/li><li>Club Lecture<\/li><li>Coding<\/li><li>English conversation<\/li><li>French conversation<\/li><li>Spanish conversation<\/li><li>Cooking<\/li><li>Danse contemporaine<\/li><li>Chess<\/li><li>Engineering for kids<\/li><li>Football<\/li><li>Guitare<\/li><li>Gymnastics<\/li><li>Melodica<\/li><li>Hausa<\/li><li>Swimming<\/li><li>Fashion<\/li><li>Taekwando<\/li><li>Tennis<\/li><li>Tye and Dye<\/li><li>Violin<\/li><li>Yoruba<\/li><li>Chorale<\/li><li>\u00a0Afrodance\/Hiphop<\/li><\/ul><p>The school also has a sports association for the college and highschool students.<br \/>This gives students the opportunity to get trained in football, basketball and swimming. Students representing the school during competitions are often selected from the LFMPA sports association.<\/p><p>please click on the button to consult the association schedule<\/p>\t\t\t\t\t\t\t\t<\/div>\n\t\t\t\t<\/div>\n\t\t\t\t<div class=\"elementor-element elementor-element-c8b56d1 elementor-widget elementor-widget-button\" data-id=\"c8b56d1\" data-element_type=\"widget\" data-e-type=\"widget\" data-widget_type=\"button.default\">\n\t\t\t\t<div class=\"elementor-widget-container\">\n\t\t\t\t\t\t\t\t\t<div class=\"elementor-button-wrapper\">\n\t\t\t\t\t<a class=\"elementor-button elementor-button-link elementor-size-sm\" href=\"https:\/\/www.lfmpabuja.com\/wp-content\/uploads\/2022\/10\/affiche-EDT-activites.pdf\" target=\"_blank\">\n\t\t\t\t\t\t<span class=\"elementor-button-content-wrapper\">\n\t\t\t\t\t\t\t\t\t<span class=\"elementor-button-text\">Click here<\/span>\n\t\t\t\t\t<\/span>\n\t\t\t\t\t<\/a>\n\t\t\t\t<\/div>\n\t\t\t\t\t\t\t\t<\/div>\n\t\t\t\t<\/div>\n\t\t\t\t\t<\/div>\n\t\t<\/div>\n\t\t\t\t<div class=\"elementor-column elementor-col-33 elementor-top-column elementor-element elementor-element-7b58453\" data-id=\"7b58453\" data-element_type=\"column\" data-e-type=\"column\">\n\t\t\t<div class=\"elementor-widget-wrap\">\n\t\t\t\t\t\t\t<\/div>\n\t\t<\/div>\n\t\t\t\t\t<\/div>\n\t\t<\/section>\n\t\t\t\t<section class=\"elementor-section elementor-top-section elementor-element elementor-element-bee1499 elementor-section-boxed elementor-section-height-default elementor-section-height-default\" data-id=\"bee1499\" data-element_type=\"section\" data-e-type=\"section\">\n\t\t\t\t\t\t<div class=\"elementor-container elementor-column-gap-default\">\n\t\t\t\t\t<div class=\"elementor-column elementor-col-25 elementor-top-column elementor-element elementor-element-d9c32d7\" data-id=\"d9c32d7\" data-element_type=\"column\" data-e-type=\"column\">\n\t\t\t<div class=\"elementor-widget-wrap\">\n\t\t\t\t\t\t\t<\/div>\n\t\t<\/div>\n\t\t\t\t<div class=\"elementor-column elementor-col-25 elementor-top-column elementor-element elementor-element-b6dad9a\" data-id=\"b6dad9a\" data-element_type=\"column\" data-e-type=\"column\">\n\t\t\t<div class=\"elementor-widget-wrap elementor-element-populated\">\n\t\t\t\t\t\t<div class=\"elementor-element elementor-element-969f171 elementor-widget elementor-widget-image\" data-id=\"969f171\" data-element_type=\"widget\" data-e-type=\"widget\" data-widget_type=\"image.default\">\n\t\t\t\t<div class=\"elementor-widget-container\">\n\t\t\t\t\t\t\t\t\t\t\t\t\t\t\t<img decoding=\"async\" width=\"1024\" height=\"650\" src=\"https:\/\/www.lfmpabuja.com\/wp-content\/uploads\/2022\/10\/WhatsApp-Image-2022-10-05-at-16.39.59-2-1024x650.jpeg\" class=\"attachment-large size-large wp-image-28720\" alt=\"\" srcset=\"https:\/\/www.lfmpabuja.com\/wp-content\/uploads\/2022\/10\/WhatsApp-Image-2022-10-05-at-16.39.59-2-1024x650.jpeg 1024w, https:\/\/www.lfmpabuja.com\/wp-content\/uploads\/2022\/10\/WhatsApp-Image-2022-10-05-at-16.39.59-2-300x191.jpeg 300w, https:\/\/www.lfmpabuja.com\/wp-content\/uploads\/2022\/10\/WhatsApp-Image-2022-10-05-at-16.39.59-2-768x488.jpeg 768w, https:\/\/www.lfmpabuja.com\/wp-content\/uploads\/2022\/10\/WhatsApp-Image-2022-10-05-at-16.39.59-2-18x12.jpeg 18w, https:\/\/www.lfmpabuja.com\/wp-content\/uploads\/2022\/10\/WhatsApp-Image-2022-10-05-at-16.39.59-2.jpeg 1080w\" sizes=\"(max-width: 1024px) 100vw, 1024px\" \/>\t\t\t\t\t\t\t\t\t\t\t\t\t\t\t<\/div>\n\t\t\t\t<\/div>\n\t\t\t\t\t<\/div>\n\t\t<\/div>\n\t\t\t\t<div class=\"elementor-column elementor-col-25 elementor-top-column elementor-element elementor-element-77082fc\" data-id=\"77082fc\" data-element_type=\"column\" data-e-type=\"column\">\n\t\t\t<div class=\"elementor-widget-wrap elementor-element-populated\">\n\t\t\t\t\t\t<div class=\"elementor-element elementor-element-4c68999 elementor-widget elementor-widget-image\" data-id=\"4c68999\" data-element_type=\"widget\" data-e-type=\"widget\" data-widget_type=\"image.default\">\n\t\t\t\t<div class=\"elementor-widget-container\">\n\t\t\t\t\t\t\t\t\t\t\t\t\t\t\t<img decoding=\"async\" width=\"1024\" height=\"650\" src=\"https:\/\/www.lfmpabuja.com\/wp-content\/uploads\/2022\/10\/WhatsApp-Image-2022-10-05-at-16.39.59-1024x650.jpeg\" class=\"attachment-large size-large wp-image-28722\" alt=\"\" srcset=\"https:\/\/www.lfmpabuja.com\/wp-content\/uploads\/2022\/10\/WhatsApp-Image-2022-10-05-at-16.39.59-1024x650.jpeg 1024w, https:\/\/www.lfmpabuja.com\/wp-content\/uploads\/2022\/10\/WhatsApp-Image-2022-10-05-at-16.39.59-300x191.jpeg 300w, https:\/\/www.lfmpabuja.com\/wp-content\/uploads\/2022\/10\/WhatsApp-Image-2022-10-05-at-16.39.59-768x488.jpeg 768w, https:\/\/www.lfmpabuja.com\/wp-content\/uploads\/2022\/10\/WhatsApp-Image-2022-10-05-at-16.39.59-18x12.jpeg 18w, https:\/\/www.lfmpabuja.com\/wp-content\/uploads\/2022\/10\/WhatsApp-Image-2022-10-05-at-16.39.59.jpeg 1080w\" sizes=\"(max-width: 1024px) 100vw, 1024px\" \/>\t\t\t\t\t\t\t\t\t\t\t\t\t\t\t<\/div>\n\t\t\t\t<\/div>\n\t\t\t\t\t<\/div>\n\t\t<\/div>\n\t\t\t\t<div class=\"elementor-column elementor-col-25 elementor-top-column elementor-element elementor-element-c09ddb4\" data-id=\"c09ddb4\" data-element_type=\"column\" data-e-type=\"column\">\n\t\t\t<div class=\"elementor-widget-wrap\">\n\t\t\t\t\t\t\t<\/div>\n\t\t<\/div>\n\t\t\t\t\t<\/div>\n\t\t<\/section>\n\t\t\t\t<\/div>","protected":false},"excerpt":{"rendered":"<p>Des Activit\u00e9s P\u00e9riscolaires \u00a0 Les nombreux activit\u00e9s sont propos\u00e9es aux \u00e9l\u00e8ves \u00e0 partir de 6ans. Elles sont organis\u00e9es par les parents. Exemples des activit\u00e9s propos\u00e9es sont :\u00a0 Arts plastiques et cr\u00e9atifs Aide aux devoirs \u00a0Ballet Basketball Club Lecture Codage Conversation en anglais Conversation en fran\u00e7ais Conversation en espagnol Cuisine Danse contemporaine Echecs Engineering for kids [&hellip;]<\/p>\n","protected":false},"author":1,"featured_media":0,"parent":0,"menu_order":0,"comment_status":"closed","ping_status":"closed","template":"","meta":{"_monsterinsights_skip_tracking":false,"_monsterinsights_sitenote_active":false,"_monsterinsights_sitenote_note":"","_monsterinsights_sitenote_category":0,"site-sidebar-layout":"no-sidebar","site-content-layout":"page-builder","ast-site-content-layout":"default","site-content-style":"default","site-sidebar-style":"default","ast-global-header-display":"","ast-banner-title-visibility":"","ast-main-header-display":"","ast-hfb-above-header-display":"","ast-hfb-below-header-display":"","ast-hfb-mobile-header-display":"","site-post-title":"disabled","ast-breadcrumbs-content":"","ast-featured-img":"disabled","footer-sml-layout":"","ast-disable-related-posts":"","theme-transparent-header-meta":"default","adv-header-id-meta":"","stick-header-meta":"","header-above-stick-meta":"","header-main-stick-meta":"","header-below-stick-meta":"","astra-migrate-meta-layouts":"default","ast-page-background-enabled":"default","ast-page-background-meta":{"desktop":{"background-color":"","background-image":"","background-repeat":"repeat","background-position":"center center","background-size":"auto","background-attachment":"scroll","background-type":"","background-media":"","overlay-type":"","overlay-color":"","overlay-opacity":"","overlay-gradient":""},"tablet":{"background-color":"","background-image":"","background-repeat":"repeat","background-position":"center center","background-size":"auto","background-attachment":"scroll","background-type":"","background-media":"","overlay-type":"","overlay-color":"","overlay-opacity":"","overlay-gradient":""},"mobile":{"background-color":"","background-image":"","background-repeat":"repeat","background-position":"center center","background-size":"auto","background-attachment":"scroll","background-type":"","background-media":"","overlay-type":"","overlay-color":"","overlay-opacity":"","overlay-gradient":""}},"ast-content-background-meta":{"desktop":{"background-color":"var(--ast-global-color-5)","background-image":"","background-repeat":"repeat","background-position":"center center","background-size":"auto","background-attachment":"scroll","background-type":"","background-media":"","overlay-type":"","overlay-color":"","overlay-opacity":"","overlay-gradient":""},"tablet":{"background-color":"var(--ast-global-color-5)","background-image":"","background-repeat":"repeat","background-position":"center center","background-size":"auto","background-attachment":"scroll","background-type":"","background-media":"","overlay-type":"","overlay-color":"","overlay-opacity":"","overlay-gradient":""},"mobile":{"background-color":"var(--ast-global-color-5)","background-image":"","background-repeat":"repeat","background-position":"center center","background-size":"auto","background-attachment":"scroll","background-type":"","background-media":"","overlay-type":"","overlay-color":"","overlay-opacity":"","overlay-gradient":""}},"footnotes":""},"class_list":["post-25036","page","type-page","status-publish","hentry"],"_links":{"self":[{"href":"https:\/\/www.lfmpabuja.com\/en\/wp-json\/wp\/v2\/pages\/25036","targetHints":{"allow":["GET"]}}],"collection":[{"href":"https:\/\/www.lfmpabuja.com\/en\/wp-json\/wp\/v2\/pages"}],"about":[{"href":"https:\/\/www.lfmpabuja.com\/en\/wp-json\/wp\/v2\/types\/page"}],"author":[{"embeddable":true,"href":"https:\/\/www.lfmpabuja.com\/en\/wp-json\/wp\/v2\/users\/1"}],"replies":[{"embeddable":true,"href":"https:\/\/www.lfmpabuja.com\/en\/wp-json\/wp\/v2\/comments?post=25036"}],"version-history":[{"count":36,"href":"https:\/\/www.lfmpabuja.com\/en\/wp-json\/wp\/v2\/pages\/25036\/revisions"}],"predecessor-version":[{"id":28725,"href":"https:\/\/www.lfmpabuja.com\/en\/wp-json\/wp\/v2\/pages\/25036\/revisions\/28725"}],"wp:attachment":[{"href":"https:\/\/www.lfmpabuja.com\/en\/wp-json\/wp\/v2\/media?parent=25036"}],"curies":[{"name":"wp","href":"https:\/\/api.w.org\/{rel}","templated":true}]}}