{"id":25040,"date":"2020-10-30T12:47:06","date_gmt":"2020-10-30T11:47:06","guid":{"rendered":"https:\/\/ecolefrancaiseabuja.com\/?page_id=25040"},"modified":"2021-09-11T13:07:43","modified_gmt":"2021-09-11T12:07:43","slug":"action-contre-la-faim","status":"publish","type":"page","link":"https:\/\/www.lfmpabuja.com\/en\/action-contre-la-faim\/","title":{"rendered":"ACTION AGAINST HUNGER"},"content":{"rendered":"<div data-elementor-type=\"wp-page\" data-elementor-id=\"25040\" class=\"elementor elementor-25040\">\n\t\t\t\t\t\t<section class=\"elementor-section elementor-top-section elementor-element elementor-element-d756e70 elementor-section-boxed elementor-section-height-default elementor-section-height-default\" data-id=\"d756e70\" data-element_type=\"section\" data-e-type=\"section\">\n\t\t\t\t\t\t<div class=\"elementor-container elementor-column-gap-default\">\n\t\t\t\t\t<div class=\"elementor-column elementor-col-100 elementor-top-column elementor-element elementor-element-325b518\" data-id=\"325b518\" data-element_type=\"column\" data-e-type=\"column\">\n\t\t\t<div class=\"elementor-widget-wrap elementor-element-populated\">\n\t\t\t\t\t\t<div class=\"elementor-element elementor-element-45ece09 elementor-widget elementor-widget-spacer\" data-id=\"45ece09\" data-element_type=\"widget\" data-e-type=\"widget\" data-widget_type=\"spacer.default\">\n\t\t\t\t<div class=\"elementor-widget-container\">\n\t\t\t\t\t\t\t<div class=\"elementor-spacer\">\n\t\t\t<div class=\"elementor-spacer-inner\"><\/div>\n\t\t<\/div>\n\t\t\t\t\t\t<\/div>\n\t\t\t\t<\/div>\n\t\t\t\t\t<\/div>\n\t\t<\/div>\n\t\t\t\t\t<\/div>\n\t\t<\/section>\n\t\t\t\t<section class=\"elementor-section elementor-top-section elementor-element elementor-element-7a89ba2 elementor-section-boxed elementor-section-height-default elementor-section-height-default\" data-id=\"7a89ba2\" data-element_type=\"section\" data-e-type=\"section\">\n\t\t\t\t\t\t<div class=\"elementor-container elementor-column-gap-default\">\n\t\t\t\t\t<div class=\"elementor-column elementor-col-50 elementor-top-column elementor-element elementor-element-2114798\" data-id=\"2114798\" data-element_type=\"column\" data-e-type=\"column\">\n\t\t\t<div class=\"elementor-widget-wrap\">\n\t\t\t\t\t\t\t<\/div>\n\t\t<\/div>\n\t\t\t\t<div class=\"elementor-column elementor-col-50 elementor-top-column elementor-element elementor-element-1fd8f26\" data-id=\"1fd8f26\" data-element_type=\"column\" data-e-type=\"column\">\n\t\t\t<div class=\"elementor-widget-wrap elementor-element-populated\">\n\t\t\t\t\t\t<div class=\"elementor-element elementor-element-2320fc9 elementor-widget elementor-widget-heading\" data-id=\"2320fc9\" data-element_type=\"widget\" data-e-type=\"widget\" data-widget_type=\"heading.default\">\n\t\t\t\t<div class=\"elementor-widget-container\">\n\t\t\t\t\t<h2 class=\"elementor-heading-title elementor-size-medium\">ACTION AGAINST HUNGER<\/h2>\t\t\t\t<\/div>\n\t\t\t\t<\/div>\n\t\t\t\t\t<\/div>\n\t\t<\/div>\n\t\t\t\t\t<\/div>\n\t\t<\/section>\n\t\t\t\t<section class=\"elementor-section elementor-top-section elementor-element elementor-element-6a26cee elementor-section-boxed elementor-section-height-default elementor-section-height-default\" data-id=\"6a26cee\" data-element_type=\"section\" data-e-type=\"section\">\n\t\t\t\t\t\t<div class=\"elementor-container elementor-column-gap-default\">\n\t\t\t\t\t<div class=\"elementor-column elementor-col-50 elementor-top-column elementor-element elementor-element-b79f59c\" data-id=\"b79f59c\" data-element_type=\"column\" data-e-type=\"column\">\n\t\t\t<div class=\"elementor-widget-wrap\">\n\t\t\t\t\t\t\t<\/div>\n\t\t<\/div>\n\t\t\t\t<div class=\"elementor-column elementor-col-50 elementor-top-column elementor-element elementor-element-8019211\" data-id=\"8019211\" data-element_type=\"column\" data-e-type=\"column\">\n\t\t\t<div class=\"elementor-widget-wrap elementor-element-populated\">\n\t\t\t\t\t\t<div class=\"elementor-element elementor-element-c8a1202 elementor-widget elementor-widget-image\" data-id=\"c8a1202\" data-element_type=\"widget\" data-e-type=\"widget\" data-widget_type=\"image.default\">\n\t\t\t\t<div class=\"elementor-widget-container\">\n\t\t\t\t\t\t\t\t\t\t\t\t\t\t\t<img fetchpriority=\"high\" decoding=\"async\" width=\"300\" height=\"167\" src=\"https:\/\/www.lfmpabuja.com\/wp-content\/uploads\/2020\/11\/action-contre-la-faim-vector-logo-300x167.png\" class=\"attachment-medium size-medium wp-image-25294\" alt=\"\" srcset=\"https:\/\/www.lfmpabuja.com\/wp-content\/uploads\/2020\/11\/action-contre-la-faim-vector-logo-300x167.png 300w, https:\/\/www.lfmpabuja.com\/wp-content\/uploads\/2020\/11\/action-contre-la-faim-vector-logo-768x427.png 768w, https:\/\/www.lfmpabuja.com\/wp-content\/uploads\/2020\/11\/action-contre-la-faim-vector-logo-600x333.png 600w, https:\/\/www.lfmpabuja.com\/wp-content\/uploads\/2020\/11\/action-contre-la-faim-vector-logo.png 900w\" sizes=\"(max-width: 300px) 100vw, 300px\" \/>\t\t\t\t\t\t\t\t\t\t\t\t\t\t\t<\/div>\n\t\t\t\t<\/div>\n\t\t\t\t\t<\/div>\n\t\t<\/div>\n\t\t\t\t\t<\/div>\n\t\t<\/section>\n\t\t\t\t<section class=\"elementor-section elementor-top-section elementor-element elementor-element-9cda8b0 elementor-section-boxed elementor-section-height-default elementor-section-height-default\" data-id=\"9cda8b0\" data-element_type=\"section\" data-e-type=\"section\">\n\t\t\t\t\t\t<div class=\"elementor-container elementor-column-gap-default\">\n\t\t\t\t\t<div class=\"elementor-column elementor-col-33 elementor-top-column elementor-element elementor-element-2b54ee6\" data-id=\"2b54ee6\" data-element_type=\"column\" data-e-type=\"column\">\n\t\t\t<div class=\"elementor-widget-wrap\">\n\t\t\t\t\t\t\t<\/div>\n\t\t<\/div>\n\t\t\t\t<div class=\"elementor-column elementor-col-33 elementor-top-column elementor-element elementor-element-5b4f00f\" data-id=\"5b4f00f\" data-element_type=\"column\" data-e-type=\"column\">\n\t\t\t<div class=\"elementor-widget-wrap elementor-element-populated\">\n\t\t\t\t\t\t<div class=\"elementor-element elementor-element-6a9202a elementor-widget elementor-widget-text-editor\" data-id=\"6a9202a\" data-element_type=\"widget\" data-e-type=\"widget\" data-widget_type=\"text-editor.default\">\n\t\t\t\t<div class=\"elementor-widget-container\">\n\t\t\t\t\t\t\t\t\t<div id=\"PAGES_CONTAINER\" data-dead-comp=\"true\"><div id=\"SITE_PAGES\"><div id=\"c1a4e\" class=\"_2e6ps\"><div class=\"_2S9ms\"><div id=\"Containerc1a4e\" class=\"_3Mgpu\"><div class=\"\" data-mesh-id=\"Containerc1a4einlineContent\" data-testid=\"inline-content\"><div data-mesh-id=\"Containerc1a4einlineContent-gridContainer\" data-testid=\"mesh-container-content\"><div id=\"comp-kffkyva3\" class=\"_1Z_nJ\" data-testid=\"richTextElement\"><p class=\"font_8\"><span class=\"color_15\">Established in 1979, ACF is an international non-governmental organization fighting hunger worldwide. Its mission is to save lives by eliminating hunger through the prevention, detection and treatment of undernutrition, especially during and after emergencies related to conflict and natural disasters.<\/span><\/p><p class=\"font_8\"><span class=\"color_15\">Today, Action Against Hunger is a major player in the fight against hunger in the world. Structured in an international network , the organization leads a coordinated response in nearly 50 countries.<\/span><\/p><p class=\"font_8\"><span class=\"color_15\">Every year, the school partners with the ACF to fight hunger around the world by creating awareness and organizing fundraising events.\u00a0<a href=\"https:\/\/www.actionagainsthunger.org\/countries\/africa\/nigeria\" target=\"_blank\" rel=\"nofollow noopener\">https:\/\/www.actionagainsthunger.org\/countries\/africa\/nigeria<\/a><\/span><\/p><\/div><p>\u00a0<\/p><div data-mesh-id=\"Containerc1a4einlineContent-wedge-5\">\u00a0<\/div><div data-mesh-id=\"Containerc1a4einlineContent-wedge-10\">\u00a0<\/div><\/div><\/div><\/div><\/div><\/div><\/div><\/div><div id=\"comp-jimwcc3p-pinned-layer\" class=\"_1w0tU\">\u00a0<\/div>\t\t\t\t\t\t\t\t<\/div>\n\t\t\t\t<\/div>\n\t\t\t\t\t<\/div>\n\t\t<\/div>\n\t\t\t\t<div class=\"elementor-column elementor-col-33 elementor-top-column elementor-element elementor-element-d4c18fe\" data-id=\"d4c18fe\" data-element_type=\"column\" data-e-type=\"column\">\n\t\t\t<div class=\"elementor-widget-wrap\">\n\t\t\t\t\t\t\t<\/div>\n\t\t<\/div>\n\t\t\t\t\t<\/div>\n\t\t<\/section>\n\t\t\t\t<\/div>","protected":false},"excerpt":{"rendered":"<p>ACTION CONTRE LA FAIM Cr\u00e9\u00e9e en 1979, ACF est une organisation non-gouvernementale internationale qui lutte contre la faim dans le monde. Sa mission est de sauver des vies en \u00e9liminant la faim par la pr\u00e9vention, la d\u00e9tection et le traitement de la sous-nutrition, en particulier pendant et apr\u00e8s les situations d\u2019urgence li\u00e9es aux conflits et [&hellip;]<\/p>\n","protected":false},"author":1,"featured_media":0,"parent":0,"menu_order":0,"comment_status":"closed","ping_status":"closed","template":"","meta":{"_monsterinsights_skip_tracking":false,"_monsterinsights_sitenote_active":false,"_monsterinsights_sitenote_note":"","_monsterinsights_sitenote_category":0,"site-sidebar-layout":"no-sidebar","site-content-layout":"page-builder","ast-site-content-layout":"default","site-content-style":"default","site-sidebar-style":"default","ast-global-header-display":"","ast-banner-title-visibility":"","ast-main-header-display":"","ast-hfb-above-header-display":"","ast-hfb-below-header-display":"","ast-hfb-mobile-header-display":"","site-post-title":"disabled","ast-breadcrumbs-content":"","ast-featured-img":"disabled","footer-sml-layout":"","ast-disable-related-posts":"","theme-transparent-header-meta":"default","adv-header-id-meta":"","stick-header-meta":"","header-above-stick-meta":"","header-main-stick-meta":"","header-below-stick-meta":"","astra-migrate-meta-layouts":"default","ast-page-background-enabled":"default","ast-page-background-meta":{"desktop":{"background-color":"","background-image":"","background-repeat":"repeat","background-position":"center center","background-size":"auto","background-attachment":"scroll","background-type":"","background-media":"","overlay-type":"","overlay-color":"","overlay-opacity":"","overlay-gradient":""},"tablet":{"background-color":"","background-image":"","background-repeat":"repeat","background-position":"center center","background-size":"auto","background-attachment":"scroll","background-type":"","background-media":"","overlay-type":"","overlay-color":"","overlay-opacity":"","overlay-gradient":""},"mobile":{"background-color":"","background-image":"","background-repeat":"repeat","background-position":"center center","background-size":"auto","background-attachment":"scroll","background-type":"","background-media":"","overlay-type":"","overlay-color":"","overlay-opacity":"","overlay-gradient":""}},"ast-content-background-meta":{"desktop":{"background-color":"var(--ast-global-color-5)","background-image":"","background-repeat":"repeat","background-position":"center center","background-size":"auto","background-attachment":"scroll","background-type":"","background-media":"","overlay-type":"","overlay-color":"","overlay-opacity":"","overlay-gradient":""},"tablet":{"background-color":"var(--ast-global-color-5)","background-image":"","background-repeat":"repeat","background-position":"center center","background-size":"auto","background-attachment":"scroll","background-type":"","background-media":"","overlay-type":"","overlay-color":"","overlay-opacity":"","overlay-gradient":""},"mobile":{"background-color":"var(--ast-global-color-5)","background-image":"","background-repeat":"repeat","background-position":"center center","background-size":"auto","background-attachment":"scroll","background-type":"","background-media":"","overlay-type":"","overlay-color":"","overlay-opacity":"","overlay-gradient":""}},"footnotes":""},"class_list":["post-25040","page","type-page","status-publish","hentry"],"_links":{"self":[{"href":"https:\/\/www.lfmpabuja.com\/en\/wp-json\/wp\/v2\/pages\/25040","targetHints":{"allow":["GET"]}}],"collection":[{"href":"https:\/\/www.lfmpabuja.com\/en\/wp-json\/wp\/v2\/pages"}],"about":[{"href":"https:\/\/www.lfmpabuja.com\/en\/wp-json\/wp\/v2\/types\/page"}],"author":[{"embeddable":true,"href":"https:\/\/www.lfmpabuja.com\/en\/wp-json\/wp\/v2\/users\/1"}],"replies":[{"embeddable":true,"href":"https:\/\/www.lfmpabuja.com\/en\/wp-json\/wp\/v2\/comments?post=25040"}],"version-history":[{"count":18,"href":"https:\/\/www.lfmpabuja.com\/en\/wp-json\/wp\/v2\/pages\/25040\/revisions"}],"predecessor-version":[{"id":27412,"href":"https:\/\/www.lfmpabuja.com\/en\/wp-json\/wp\/v2\/pages\/25040\/revisions\/27412"}],"wp:attachment":[{"href":"https:\/\/www.lfmpabuja.com\/en\/wp-json\/wp\/v2\/media?parent=25040"}],"curies":[{"name":"wp","href":"https:\/\/api.w.org\/{rel}","templated":true}]}}