{"id":25695,"date":"2020-11-17T15:51:00","date_gmt":"2020-11-17T14:51:00","guid":{"rendered":"https:\/\/ecolefrancaiseabuja.com\/?page_id=25695"},"modified":"2026-02-16T16:12:55","modified_gmt":"2026-02-16T15:12:55","slug":"comite-de-gestion","status":"publish","type":"page","link":"https:\/\/www.lfmpabuja.com\/en\/comite-de-gestion\/","title":{"rendered":"Management Committee"},"content":{"rendered":"<div data-elementor-type=\"wp-page\" data-elementor-id=\"25695\" class=\"elementor elementor-25695\">\n\t\t\t\t\t\t<section class=\"elementor-section elementor-top-section elementor-element elementor-element-759cb1e elementor-section-boxed elementor-section-height-default elementor-section-height-default\" data-id=\"759cb1e\" data-element_type=\"section\" data-e-type=\"section\">\n\t\t\t\t\t\t<div class=\"elementor-container elementor-column-gap-default\">\n\t\t\t\t\t<div class=\"elementor-column elementor-col-100 elementor-top-column elementor-element elementor-element-edfd151\" data-id=\"edfd151\" data-element_type=\"column\" data-e-type=\"column\">\n\t\t\t<div class=\"elementor-widget-wrap elementor-element-populated\">\n\t\t\t\t\t\t<div class=\"elementor-element elementor-element-6eb2951 elementor-widget elementor-widget-spacer\" data-id=\"6eb2951\" data-element_type=\"widget\" data-e-type=\"widget\" data-widget_type=\"spacer.default\">\n\t\t\t\t<div class=\"elementor-widget-container\">\n\t\t\t\t\t\t\t<div class=\"elementor-spacer\">\n\t\t\t<div class=\"elementor-spacer-inner\"><\/div>\n\t\t<\/div>\n\t\t\t\t\t\t<\/div>\n\t\t\t\t<\/div>\n\t\t\t\t<div class=\"elementor-element elementor-element-9d1d4ad elementor-widget elementor-widget-heading\" data-id=\"9d1d4ad\" data-element_type=\"widget\" data-e-type=\"widget\" data-widget_type=\"heading.default\">\n\t\t\t\t<div class=\"elementor-widget-container\">\n\t\t\t\t\t<h2 class=\"elementor-heading-title elementor-size-default\">The Management Committee<\/h2>\t\t\t\t<\/div>\n\t\t\t\t<\/div>\n\t\t\t\t<div class=\"elementor-element elementor-element-23d1373 elementor-widget elementor-widget-spacer\" data-id=\"23d1373\" data-element_type=\"widget\" data-e-type=\"widget\" data-widget_type=\"spacer.default\">\n\t\t\t\t<div class=\"elementor-widget-container\">\n\t\t\t\t\t\t\t<div class=\"elementor-spacer\">\n\t\t\t<div class=\"elementor-spacer-inner\"><\/div>\n\t\t<\/div>\n\t\t\t\t\t\t<\/div>\n\t\t\t\t<\/div>\n\t\t\t\t\t<\/div>\n\t\t<\/div>\n\t\t\t\t\t<\/div>\n\t\t<\/section>\n\t\t\t\t<section class=\"elementor-section elementor-top-section elementor-element elementor-element-a451476 elementor-section-boxed elementor-section-height-default elementor-section-height-default\" data-id=\"a451476\" data-element_type=\"section\" data-e-type=\"section\">\n\t\t\t\t\t\t<div class=\"elementor-container elementor-column-gap-default\">\n\t\t\t\t\t<div class=\"elementor-column elementor-col-33 elementor-top-column elementor-element elementor-element-1279e7a\" data-id=\"1279e7a\" data-element_type=\"column\" data-e-type=\"column\">\n\t\t\t<div class=\"elementor-widget-wrap\">\n\t\t\t\t\t\t\t<\/div>\n\t\t<\/div>\n\t\t\t\t<div class=\"elementor-column elementor-col-33 elementor-top-column elementor-element elementor-element-abc86a5\" data-id=\"abc86a5\" data-element_type=\"column\" data-e-type=\"column\">\n\t\t\t<div class=\"elementor-widget-wrap elementor-element-populated\">\n\t\t\t\t\t\t<div class=\"elementor-element elementor-element-aa64bc3 elementor-widget elementor-widget-text-editor\" data-id=\"aa64bc3\" data-element_type=\"widget\" data-e-type=\"widget\" data-widget_type=\"text-editor.default\">\n\t\t\t\t<div class=\"elementor-widget-container\">\n\t\t\t\t\t\t\t\t\t<p><strong>By-laws of the Parents' Association:\u00a0<\/strong><\/p>\t\t\t\t\t\t\t\t<\/div>\n\t\t\t\t<\/div>\n\t\t\t\t\t<\/div>\n\t\t<\/div>\n\t\t\t\t<div class=\"elementor-column elementor-col-33 elementor-top-column elementor-element elementor-element-7098e6e\" data-id=\"7098e6e\" data-element_type=\"column\" data-e-type=\"column\">\n\t\t\t<div class=\"elementor-widget-wrap elementor-element-populated\">\n\t\t\t\t\t\t<div class=\"elementor-element elementor-element-39f9e5d elementor-widget elementor-widget-button\" data-id=\"39f9e5d\" data-element_type=\"widget\" data-e-type=\"widget\" data-widget_type=\"button.default\">\n\t\t\t\t<div class=\"elementor-widget-container\">\n\t\t\t\t\t\t\t\t\t<div class=\"elementor-button-wrapper\">\n\t\t\t\t\t<a class=\"elementor-button elementor-button-link elementor-size-sm\" href=\"https:\/\/www.lfmpabuja.com\/wp-content\/uploads\/2022\/10\/Constitution.pdf\" target=\"_blank\">\n\t\t\t\t\t\t<span class=\"elementor-button-content-wrapper\">\n\t\t\t\t\t\t\t\t\t<span class=\"elementor-button-text\">Download PDF<\/span>\n\t\t\t\t\t<\/span>\n\t\t\t\t\t<\/a>\n\t\t\t\t<\/div>\n\t\t\t\t\t\t\t\t<\/div>\n\t\t\t\t<\/div>\n\t\t\t\t\t<\/div>\n\t\t<\/div>\n\t\t\t\t\t<\/div>\n\t\t<\/section>\n\t\t\t\t<section class=\"elementor-section elementor-top-section elementor-element elementor-element-574487d elementor-section-boxed elementor-section-height-default elementor-section-height-default\" data-id=\"574487d\" data-element_type=\"section\" data-e-type=\"section\">\n\t\t\t\t\t\t<div class=\"elementor-container elementor-column-gap-default\">\n\t\t\t\t\t<div class=\"elementor-column elementor-col-100 elementor-top-column elementor-element elementor-element-6fffb12\" data-id=\"6fffb12\" data-element_type=\"column\" data-e-type=\"column\">\n\t\t\t<div class=\"elementor-widget-wrap\">\n\t\t\t\t\t\t\t<\/div>\n\t\t<\/div>\n\t\t\t\t\t<\/div>\n\t\t<\/section>\n\t\t\t\t<section class=\"elementor-section elementor-top-section elementor-element elementor-element-289b195 elementor-section-boxed elementor-section-height-default elementor-section-height-default\" data-id=\"289b195\" data-element_type=\"section\" data-e-type=\"section\">\n\t\t\t\t\t\t<div class=\"elementor-container elementor-column-gap-default\">\n\t\t\t\t\t<div class=\"elementor-column elementor-col-33 elementor-top-column elementor-element elementor-element-d04fdef\" data-id=\"d04fdef\" data-element_type=\"column\" data-e-type=\"column\">\n\t\t\t<div class=\"elementor-widget-wrap\">\n\t\t\t\t\t\t\t<\/div>\n\t\t<\/div>\n\t\t\t\t<div class=\"elementor-column elementor-col-33 elementor-top-column elementor-element elementor-element-b5df629\" data-id=\"b5df629\" data-element_type=\"column\" data-e-type=\"column\">\n\t\t\t<div class=\"elementor-widget-wrap elementor-element-populated\">\n\t\t\t\t\t\t<div class=\"elementor-element elementor-element-54820f2 elementor-widget elementor-widget-text-editor\" data-id=\"54820f2\" data-element_type=\"widget\" data-e-type=\"widget\" data-widget_type=\"text-editor.default\">\n\t\t\t\t<div class=\"elementor-widget-container\">\n\t\t\t\t\t\t\t\t\t<p class=\"font_8\">Abroad, parents choose to send their children to school in the French education system whose values they share and to which they contribute financially, which reinforces their sense of belonging and their motivation to take part in the life of the school community.<\/p><p class=\"font_8\">Parent associations have seen their role extended in many schools under agreement, for which they assume legal and financial responsibility in close collaboration with the management teams.<\/p><p class=\"font_8\">LFMPA is a school accredited by the AEFE:<\/p><ul class=\"font_8\"><li><p class=\"font_8\">It is a structure of local private law under an association (ALFMPA in Abuja)<\/p><\/li><li><p class=\"font_8\">The managing body is the parent-teacher association (ALFMPA), with legally recognized statutes at the local level.<\/p><\/li><li><p class=\"font_8\">The managing association administers and manages the school through its board of directors, the vast majority of whose members are elected by the general parents.<\/p><\/li><li><p class=\"font_8\">The Management Committee prepares and implements the annual budget in close cooperation with the principal. The Management Committee is the employer of locally recruited staff and ensures their individual and financial management in all its aspects. It is made up of twelve members elected at the parents at the beginning of the school year. Among them are :<\/p><ul class=\"font_8\"><li><p class=\"font_8\">10 parents of students (Volunteers)<\/p><\/li><li><p class=\"font_8\">1 representative of the administrative and service staff of the school<\/p><\/li><li><p class=\"font_8\">\u00a01 representative of local teaching staff<\/p><\/li><\/ul><\/li><\/ul><p class=\"font_8\">The President of the Management Committee is also the President of the association. It meets at least once a month or at the request of the President if necessary. The Counsellor for Cooperation and Cultural Action of the French Embassy in Nigeria or his representative, the Principal and the Administrative and Financial Director of the school sit in an advisory capacity on the Management Committee.<\/p><p><strong>Les membres du Comit\u00e9 de gestion (2025-2026) avec voix d\u00e9lib\u00e9ratives sont\u00a0<\/strong><\/p><ul><li>Pr\u00e9sident : M. DOUKOURE Mustapha<\/li><li>Vice-pr\u00e9sidente : Mme EFANGA Christine<\/li><li>Tr\u00e9sori\u00e8re : Mme OLATAWURA Omobala<\/li><li>Tr\u00e9sorier adjoint : M. SASSI Azmi<\/li><li>Secr\u00e9taire : Mme NWOGU Charl\u00e8ne<\/li><li>Secr\u00e9taire adjointe : Mme PECCOUX BARREAU Nathalie<\/li><li>Mme ALLANIC Caroline<\/li><li>Mme GRAHM-DOUGLAS Keji<\/li><li>Mme BOU DAMES Anita<\/li><li>Mme APPAH MENDIHARAT Gloria<\/li><\/ul><p><strong>3 Compulsory members<\/strong><\/p><ul><li>M. THIERRY Valentin (COCAC)<\/li><li>M. PICAUD Alexandre (Proviseur)<\/li><li>M. KOKOU Sena (DAF)<\/li><\/ul><p class=\"font_8\">Contact : <object width=\"300\" height=\"0\" data-mce-fragment=\"1\"><a href=\"mailto:comitedegestionabuja@gmail.com\">comitedegestionabuja@gmail.com<\/a><\/object><\/p><p class=\"font_8\"><strong>Minutes of previous committees are available at <a href=\"https:\/\/www.lfmpabuja.com\/en\/archives\/\">the Archives.<\/a><\/strong><\/p>\t\t\t\t\t\t\t\t<\/div>\n\t\t\t\t<\/div>\n\t\t\t\t<div class=\"elementor-element elementor-element-13955ca elementor-widget elementor-widget-spacer\" data-id=\"13955ca\" data-element_type=\"widget\" data-e-type=\"widget\" data-widget_type=\"spacer.default\">\n\t\t\t\t<div class=\"elementor-widget-container\">\n\t\t\t\t\t\t\t<div class=\"elementor-spacer\">\n\t\t\t<div class=\"elementor-spacer-inner\"><\/div>\n\t\t<\/div>\n\t\t\t\t\t\t<\/div>\n\t\t\t\t<\/div>\n\t\t\t\t\t<\/div>\n\t\t<\/div>\n\t\t\t\t<div class=\"elementor-column elementor-col-33 elementor-top-column elementor-element elementor-element-700e4e2\" data-id=\"700e4e2\" data-element_type=\"column\" data-e-type=\"column\">\n\t\t\t<div class=\"elementor-widget-wrap\">\n\t\t\t\t\t\t\t<\/div>\n\t\t<\/div>\n\t\t\t\t\t<\/div>\n\t\t<\/section>\n\t\t\t\t<section class=\"elementor-section elementor-top-section elementor-element elementor-element-21a5cfa elementor-hidden-desktop elementor-hidden-tablet elementor-hidden-mobile elementor-section-boxed elementor-section-height-default elementor-section-height-default\" data-id=\"21a5cfa\" data-element_type=\"section\" data-e-type=\"section\">\n\t\t\t\t\t\t<div class=\"elementor-container elementor-column-gap-default\">\n\t\t\t\t\t<div class=\"elementor-column elementor-col-100 elementor-top-column elementor-element elementor-element-70cf5f7\" data-id=\"70cf5f7\" data-element_type=\"column\" data-e-type=\"column\">\n\t\t\t<div class=\"elementor-widget-wrap elementor-element-populated\">\n\t\t\t\t\t\t<div class=\"elementor-element elementor-element-f701ff5 elementor-align-center elementor-widget elementor-widget-button\" data-id=\"f701ff5\" data-element_type=\"widget\" data-e-type=\"widget\" data-widget_type=\"button.default\">\n\t\t\t\t<div class=\"elementor-widget-container\">\n\t\t\t\t\t\t\t\t\t<div class=\"elementor-button-wrapper\">\n\t\t\t\t\t<a class=\"elementor-button elementor-button-link elementor-size-sm\" href=\"https:\/\/www.lfmpabuja.com\/wp-content\/uploads\/2022\/10\/CG-Activity-Report-2022.pdf\" target=\"_blank\">\n\t\t\t\t\t\t<span class=\"elementor-button-content-wrapper\">\n\t\t\t\t\t\t\t\t\t<span class=\"elementor-button-text\">CG ACTIVITY REPORT 2022<\/span>\n\t\t\t\t\t<\/span>\n\t\t\t\t\t<\/a>\n\t\t\t\t<\/div>\n\t\t\t\t\t\t\t\t<\/div>\n\t\t\t\t<\/div>\n\t\t\t\t\t<\/div>\n\t\t<\/div>\n\t\t\t\t\t<\/div>\n\t\t<\/section>\n\t\t\t\t<\/div>","protected":false},"excerpt":{"rendered":"<p>Le Comit\u00e9 De Gestion Statuts de l&rsquo;Association des parents d&rsquo;\u00e9l\u00e8ves :\u00a0 T\u00e9l\u00e9charger PDF \u00c0 l\u2019\u00e9tranger, les parents font le choix de scolariser leurs enfants dans le syst\u00e8me \u00e9ducatif fran\u00e7ais dont ils partagent les valeurs et auquel ils contribuent financi\u00e8rement, ce qui renforce leur sentiment d\u2019appartenance et leur motivation \u00e0 \u00eatre partie prenante \u00e0 la vie [&hellip;]<\/p>\n","protected":false},"author":1,"featured_media":0,"parent":0,"menu_order":0,"comment_status":"closed","ping_status":"closed","template":"","meta":{"_monsterinsights_skip_tracking":false,"_monsterinsights_sitenote_active":false,"_monsterinsights_sitenote_note":"","_monsterinsights_sitenote_category":0,"site-sidebar-layout":"no-sidebar","site-content-layout":"page-builder","ast-site-content-layout":"default","site-content-style":"default","site-sidebar-style":"default","ast-global-header-display":"","ast-banner-title-visibility":"","ast-main-header-display":"","ast-hfb-above-header-display":"","ast-hfb-below-header-display":"","ast-hfb-mobile-header-display":"","site-post-title":"disabled","ast-breadcrumbs-content":"","ast-featured-img":"disabled","footer-sml-layout":"","ast-disable-related-posts":"","theme-transparent-header-meta":"default","adv-header-id-meta":"","stick-header-meta":"","header-above-stick-meta":"","header-main-stick-meta":"","header-below-stick-meta":"","astra-migrate-meta-layouts":"default","ast-page-background-enabled":"default","ast-page-background-meta":{"desktop":{"background-color":"","background-image":"","background-repeat":"repeat","background-position":"center center","background-size":"auto","background-attachment":"scroll","background-type":"","background-media":"","overlay-type":"","overlay-color":"","overlay-opacity":"","overlay-gradient":""},"tablet":{"background-color":"","background-image":"","background-repeat":"repeat","background-position":"center center","background-size":"auto","background-attachment":"scroll","background-type":"","background-media":"","overlay-type":"","overlay-color":"","overlay-opacity":"","overlay-gradient":""},"mobile":{"background-color":"","background-image":"","background-repeat":"repeat","background-position":"center center","background-size":"auto","background-attachment":"scroll","background-type":"","background-media":"","overlay-type":"","overlay-color":"","overlay-opacity":"","overlay-gradient":""}},"ast-content-background-meta":{"desktop":{"background-color":"var(--ast-global-color-5)","background-image":"","background-repeat":"repeat","background-position":"center center","background-size":"auto","background-attachment":"scroll","background-type":"","background-media":"","overlay-type":"","overlay-color":"","overlay-opacity":"","overlay-gradient":""},"tablet":{"background-color":"var(--ast-global-color-5)","background-image":"","background-repeat":"repeat","background-position":"center center","background-size":"auto","background-attachment":"scroll","background-type":"","background-media":"","overlay-type":"","overlay-color":"","overlay-opacity":"","overlay-gradient":""},"mobile":{"background-color":"var(--ast-global-color-5)","background-image":"","background-repeat":"repeat","background-position":"center center","background-size":"auto","background-attachment":"scroll","background-type":"","background-media":"","overlay-type":"","overlay-color":"","overlay-opacity":"","overlay-gradient":""}},"footnotes":""},"class_list":["post-25695","page","type-page","status-publish","hentry"],"_links":{"self":[{"href":"https:\/\/www.lfmpabuja.com\/en\/wp-json\/wp\/v2\/pages\/25695","targetHints":{"allow":["GET"]}}],"collection":[{"href":"https:\/\/www.lfmpabuja.com\/en\/wp-json\/wp\/v2\/pages"}],"about":[{"href":"https:\/\/www.lfmpabuja.com\/en\/wp-json\/wp\/v2\/types\/page"}],"author":[{"embeddable":true,"href":"https:\/\/www.lfmpabuja.com\/en\/wp-json\/wp\/v2\/users\/1"}],"replies":[{"embeddable":true,"href":"https:\/\/www.lfmpabuja.com\/en\/wp-json\/wp\/v2\/comments?post=25695"}],"version-history":[{"count":128,"href":"https:\/\/www.lfmpabuja.com\/en\/wp-json\/wp\/v2\/pages\/25695\/revisions"}],"predecessor-version":[{"id":30366,"href":"https:\/\/www.lfmpabuja.com\/en\/wp-json\/wp\/v2\/pages\/25695\/revisions\/30366"}],"wp:attachment":[{"href":"https:\/\/www.lfmpabuja.com\/en\/wp-json\/wp\/v2\/media?parent=25695"}],"curies":[{"name":"wp","href":"https:\/\/api.w.org\/{rel}","templated":true}]}}