{"id":26067,"date":"2020-12-02T12:17:38","date_gmt":"2020-12-02T11:17:38","guid":{"rendered":"https:\/\/ecolefrancaiseabuja.com\/?page_id=26067"},"modified":"2021-01-13T14:59:53","modified_gmt":"2021-01-13T13:59:53","slug":"le-cned","status":"publish","type":"page","link":"https:\/\/www.lfmpabuja.com\/en\/le-cned\/","title":{"rendered":"LE CNED"},"content":{"rendered":"<div data-elementor-type=\"wp-page\" data-elementor-id=\"26067\" class=\"elementor elementor-26067\">\n\t\t\t\t\t\t<section class=\"elementor-section elementor-top-section elementor-element elementor-element-3f7656c elementor-section-boxed elementor-section-height-default elementor-section-height-default\" data-id=\"3f7656c\" data-element_type=\"section\" data-e-type=\"section\">\n\t\t\t\t\t\t<div class=\"elementor-container elementor-column-gap-default\">\n\t\t\t\t\t<div class=\"elementor-column elementor-col-100 elementor-top-column elementor-element elementor-element-156250a\" data-id=\"156250a\" data-element_type=\"column\" data-e-type=\"column\">\n\t\t\t<div class=\"elementor-widget-wrap elementor-element-populated\">\n\t\t\t\t\t\t<div class=\"elementor-element elementor-element-3838710 elementor-widget elementor-widget-text-editor\" data-id=\"3838710\" data-element_type=\"widget\" data-e-type=\"widget\" data-widget_type=\"text-editor.default\">\n\t\t\t\t<div class=\"elementor-widget-container\">\n\t\t\t\t\t\t\t\t\t<div class=\"_2S9ms\"><div id=\"Containerf9bzd\" class=\"_3Mgpu\"><div class=\"\" data-mesh-id=\"Containerf9bzdinlineContent\" data-testid=\"inline-content\"><div data-mesh-id=\"Containerf9bzdinlineContent-gridContainer\" data-testid=\"mesh-container-content\"><div id=\"comp-kfz69tg0\" class=\"_1Z_nJ\" data-testid=\"richTextElement\"><h2 class=\"font_2\"><span class=\"color_15\">Le CNED<\/span><\/h2><p class=\"font_8\"><span class=\"color_15\">The National Distance Education Center (CNED) is an official (public) establishment of the Ministry of Education that provides education in accordance with French educational curriculum.<\/span><\/p><p class=\"font_8\"><span class=\"color_15\">Our 11th and 12th grade students<sup>.<\/sup> are currently enrolled collectively in full and regulated classes, with teaching assistants who provide the necessary support to meet the CNED's homework requirements.<\/span><\/p><p class=\"font_8\"><span class=\"color_15\">The class council is managed by the CNED teachers who decide on the promotion to higher classes.<\/span><\/p><\/div><\/div><\/div><p>\u00a0<\/p><div class=\"\" data-mesh-id=\"Containerf9bzdinlineContent\" data-testid=\"inline-content\"><div data-mesh-id=\"Containerf9bzdinlineContent-gridContainer\" data-testid=\"mesh-container-content\"><div id=\"comp-kfz69tg0\" class=\"_1Z_nJ\" data-testid=\"richTextElement\"><p>\u00a0<\/p><p class=\"font_8\"><span class=\"color_15\">Functioning of CNED in EFMPA<\/span><\/p><p class=\"font_8\"><span class=\"color_15\">Registration at CNED is open in June: the registration procedure takes at least 5 weeks. The authorization of the diplomatic bag as well as the schooling notice of the Cultural Counsellor of the embassy are also compulsory.<\/span><\/p><p class=\"font_8\"><span class=\"color_15\">After obtaining the authorization to send the courses through the French diplomatic pouch, the student's registration is finalized at the CNED in Rennes.<\/span><\/p><p class=\"font_8\"><span class=\"color_15\">Registration fee for the year 2019 - 2020<\/span><\/p><p class=\"font_8\"><span class=\"color_15\">122 euros for the diplomatic pouch<br \/>995 euros for the courses: digital version + paper version<br \/>33 euros for stamps<br \/>Total \u2013 1150 euros<\/span><\/p><p class=\"font_8\"><span class=\"color_15\">After registration, students have access to their personal space :<\/span><\/p><p class=\"font_8\"><span class=\"color_15\">They can download courses, teaching aids and have exchanges with their CNED tutors in each subject.<\/span><\/p><p class=\"font_8\"><span class=\"color_15\">Homework: students receive lessons in all subjects, audio materials in languages and sometimes DVDs in science. Homework is completed and corrected by teachers from the French Ministry of Education.<\/span><\/p><p>\u00a0<\/p><p class=\"font_8\"><span class=\"color_15\">Organization of the courses<\/span><\/p><p class=\"font_8\"><span class=\"color_15\"><br \/>Students have a weekly schedule. Classes are divided into segments over the school year (from 3 to 12 segments) and each segment is divided into several sessions. At the end of each segment, the students do homework which is corrected by the CNED examiner. Our teachers check the homework before submitting it. To have a good academic pace, the student must send at least 4 assignments per week.<\/span><\/p><p class=\"font_8\"><span class=\"color_15\">Our teachers follow the program and the schedule of the CNED classes. The Vie Scolaire establishes a chart for each student's assignments.<br \/><a href=\"https:\/\/www.cned.fr\/\" target=\"_blank\" rel=\"nofollow noopener\">https:\/\/www.cned.fr\/<\/a><\/span><\/p><\/div><\/div><\/div><\/div><\/div>\t\t\t\t\t\t\t\t<\/div>\n\t\t\t\t<\/div>\n\t\t\t\t\t<\/div>\n\t\t<\/div>\n\t\t\t\t\t<\/div>\n\t\t<\/section>\n\t\t\t\t<\/div>","protected":false},"excerpt":{"rendered":"<p>Le CNED Le\u00a0Centre National d\u2019Enseignement \u00e0 Distance (CNED)\u00a0est un \u00e9tablissement (public) officiel du minist\u00e8re de l\u2019\u00c9ducation nationale qui dispense un enseignement conforme aux programmes fran\u00e7ais. Nos \u00e9l\u00e8ves de 1\u00e8re et Terminale sont actuellement inscrits collectivement en classe compl\u00e8te et r\u00e9glement\u00e9e, avec des assistants p\u00e9dagogiques qui leur apportent le soutien n\u00e9cessaire pour satisfaire aux exigences du [&hellip;]<\/p>\n","protected":false},"author":1,"featured_media":0,"parent":0,"menu_order":0,"comment_status":"closed","ping_status":"closed","template":"","meta":{"_monsterinsights_skip_tracking":false,"_monsterinsights_sitenote_active":false,"_monsterinsights_sitenote_note":"","_monsterinsights_sitenote_category":0,"site-sidebar-layout":"no-sidebar","site-content-layout":"page-builder","ast-site-content-layout":"default","site-content-style":"default","site-sidebar-style":"default","ast-global-header-display":"","ast-banner-title-visibility":"","ast-main-header-display":"","ast-hfb-above-header-display":"","ast-hfb-below-header-display":"","ast-hfb-mobile-header-display":"","site-post-title":"disabled","ast-breadcrumbs-content":"","ast-featured-img":"disabled","footer-sml-layout":"","ast-disable-related-posts":"","theme-transparent-header-meta":"default","adv-header-id-meta":"","stick-header-meta":"","header-above-stick-meta":"","header-main-stick-meta":"","header-below-stick-meta":"","astra-migrate-meta-layouts":"default","ast-page-background-enabled":"default","ast-page-background-meta":{"desktop":{"background-color":"","background-image":"","background-repeat":"repeat","background-position":"center center","background-size":"auto","background-attachment":"scroll","background-type":"","background-media":"","overlay-type":"","overlay-color":"","overlay-opacity":"","overlay-gradient":""},"tablet":{"background-color":"","background-image":"","background-repeat":"repeat","background-position":"center center","background-size":"auto","background-attachment":"scroll","background-type":"","background-media":"","overlay-type":"","overlay-color":"","overlay-opacity":"","overlay-gradient":""},"mobile":{"background-color":"","background-image":"","background-repeat":"repeat","background-position":"center center","background-size":"auto","background-attachment":"scroll","background-type":"","background-media":"","overlay-type":"","overlay-color":"","overlay-opacity":"","overlay-gradient":""}},"ast-content-background-meta":{"desktop":{"background-color":"var(--ast-global-color-5)","background-image":"","background-repeat":"repeat","background-position":"center center","background-size":"auto","background-attachment":"scroll","background-type":"","background-media":"","overlay-type":"","overlay-color":"","overlay-opacity":"","overlay-gradient":""},"tablet":{"background-color":"var(--ast-global-color-5)","background-image":"","background-repeat":"repeat","background-position":"center center","background-size":"auto","background-attachment":"scroll","background-type":"","background-media":"","overlay-type":"","overlay-color":"","overlay-opacity":"","overlay-gradient":""},"mobile":{"background-color":"var(--ast-global-color-5)","background-image":"","background-repeat":"repeat","background-position":"center center","background-size":"auto","background-attachment":"scroll","background-type":"","background-media":"","overlay-type":"","overlay-color":"","overlay-opacity":"","overlay-gradient":""}},"footnotes":""},"class_list":["post-26067","page","type-page","status-publish","hentry"],"_links":{"self":[{"href":"https:\/\/www.lfmpabuja.com\/en\/wp-json\/wp\/v2\/pages\/26067","targetHints":{"allow":["GET"]}}],"collection":[{"href":"https:\/\/www.lfmpabuja.com\/en\/wp-json\/wp\/v2\/pages"}],"about":[{"href":"https:\/\/www.lfmpabuja.com\/en\/wp-json\/wp\/v2\/types\/page"}],"author":[{"embeddable":true,"href":"https:\/\/www.lfmpabuja.com\/en\/wp-json\/wp\/v2\/users\/1"}],"replies":[{"embeddable":true,"href":"https:\/\/www.lfmpabuja.com\/en\/wp-json\/wp\/v2\/comments?post=26067"}],"version-history":[{"count":5,"href":"https:\/\/www.lfmpabuja.com\/en\/wp-json\/wp\/v2\/pages\/26067\/revisions"}],"predecessor-version":[{"id":26192,"href":"https:\/\/www.lfmpabuja.com\/en\/wp-json\/wp\/v2\/pages\/26067\/revisions\/26192"}],"wp:attachment":[{"href":"https:\/\/www.lfmpabuja.com\/en\/wp-json\/wp\/v2\/media?parent=26067"}],"curies":[{"name":"wp","href":"https:\/\/api.w.org\/{rel}","templated":true}]}}