{"id":26072,"date":"2020-12-02T12:23:10","date_gmt":"2020-12-02T11:23:10","guid":{"rendered":"https:\/\/ecolefrancaiseabuja.com\/?page_id=26072"},"modified":"2021-05-17T10:18:31","modified_gmt":"2021-05-17T09:18:31","slug":"baccalaureat","status":"publish","type":"page","link":"https:\/\/www.lfmpabuja.com\/en\/baccalaureat\/","title":{"rendered":"BACCALAUREAT"},"content":{"rendered":"<div data-elementor-type=\"wp-page\" data-elementor-id=\"26072\" class=\"elementor elementor-26072\">\n\t\t\t\t\t\t<section class=\"elementor-section elementor-top-section elementor-element elementor-element-87e8592 elementor-section-boxed elementor-section-height-default elementor-section-height-default\" data-id=\"87e8592\" data-element_type=\"section\" data-e-type=\"section\">\n\t\t\t\t\t\t<div class=\"elementor-container elementor-column-gap-default\">\n\t\t\t\t\t<div class=\"elementor-column elementor-col-100 elementor-top-column elementor-element elementor-element-3d37cd8\" data-id=\"3d37cd8\" data-element_type=\"column\" data-e-type=\"column\">\n\t\t\t<div class=\"elementor-widget-wrap elementor-element-populated\">\n\t\t\t\t\t\t<div class=\"elementor-element elementor-element-297c5d7 elementor-widget elementor-widget-text-editor\" data-id=\"297c5d7\" data-element_type=\"widget\" data-e-type=\"widget\" data-widget_type=\"text-editor.default\">\n\t\t\t\t<div class=\"elementor-widget-container\">\n\t\t\t\t\t\t\t\t\t<div class=\"_2S9ms\"><div id=\"Containerwg2op\" class=\"_3Mgpu\"><div class=\"\" data-mesh-id=\"Containerwg2opinlineContent\" data-testid=\"inline-content\"><div data-mesh-id=\"Containerwg2opinlineContent-gridContainer\" data-testid=\"mesh-container-content\"><div id=\"comp-kfz6flfj\" class=\"_1Z_nJ\" data-testid=\"richTextElement\"><h2 class=\"font_2\"><span class=\"color_15\">BACCALAUR\u00c9AT<\/span><\/h2><p class=\"font_8\"><span class=\"color_15\">Since the beginning of the 2019 school year, the reform of the high school has come into force for the 11th and 12th grades. The three series (L, ES and S) are no longer in use and replaced by specialists in the general series.<\/span><\/p><p class=\"font_8\"><span class=\"color_15\">In 10th grade, SES (economic and social sciences) and digital sciences are compulsory. <\/span><\/p><p class=\"font_8\"><span class=\"color_15\"><a href=\"https:\/\/eduscol.education.fr\/pid39201\/test-la-reforme-du-baccalaureat-et-du-lycee-d-enseignement-general-et-technologique.html\" target=\"_blank\" rel=\"nofollow noopener\">https:\/\/eduscol.education.fr\/pid39201\/test-la-reforme-du-baccalaureat-et-du-lycee-d-enseignement-general-et-technologique.html<\/a><\/span><\/p><p class=\"font_8\">\u00a0<\/p><\/div><\/div><\/div><\/div><\/div>\t\t\t\t\t\t\t\t<\/div>\n\t\t\t\t<\/div>\n\t\t\t\t<div class=\"elementor-element elementor-element-f249cde elementor-widget elementor-widget-image\" data-id=\"f249cde\" data-element_type=\"widget\" data-e-type=\"widget\" data-widget_type=\"image.default\">\n\t\t\t\t<div class=\"elementor-widget-container\">\n\t\t\t\t\t\t\t\t\t\t\t\t\t\t\t\t<a href=\"https:\/\/ecolefrancaiseabuja.com\/wp-content\/uploads\/2021\/05\/2021-04-brochure-etudier-en-france-apres-le-bac.pdf\" target=\"_blank\">\n\t\t\t\t\t\t\t<img fetchpriority=\"high\" decoding=\"async\" width=\"700\" height=\"384\" src=\"https:\/\/www.lfmpabuja.com\/wp-content\/uploads\/2021\/05\/2021-brochure-etudier-en-france-visuel-article.png\" class=\"attachment-medium_large size-medium_large wp-image-26642\" alt=\"\" srcset=\"https:\/\/www.lfmpabuja.com\/wp-content\/uploads\/2021\/05\/2021-brochure-etudier-en-france-visuel-article.png 700w, https:\/\/www.lfmpabuja.com\/wp-content\/uploads\/2021\/05\/2021-brochure-etudier-en-france-visuel-article-300x165.png 300w, https:\/\/www.lfmpabuja.com\/wp-content\/uploads\/2021\/05\/2021-brochure-etudier-en-france-visuel-article-16x9.png 16w\" sizes=\"(max-width: 700px) 100vw, 700px\" \/>\t\t\t\t\t\t\t\t<\/a>\n\t\t\t\t\t\t\t\t\t\t\t\t\t\t\t<\/div>\n\t\t\t\t<\/div>\n\t\t\t\t<div class=\"elementor-element elementor-element-1001dbc elementor-align-center elementor-widget elementor-widget-button\" data-id=\"1001dbc\" data-element_type=\"widget\" data-e-type=\"widget\" data-widget_type=\"button.default\">\n\t\t\t\t<div class=\"elementor-widget-container\">\n\t\t\t\t\t\t\t\t\t<div class=\"elementor-button-wrapper\">\n\t\t\t\t\t<a class=\"elementor-button elementor-button-link elementor-size-sm\" href=\"https:\/\/ecolefrancaiseabuja.com\/wp-content\/uploads\/2021\/05\/2021-04-brochure-etudier-en-france-apres-le-bac.pdf\" target=\"_blank\">\n\t\t\t\t\t\t<span class=\"elementor-button-content-wrapper\">\n\t\t\t\t\t\t\t\t\t<span class=\"elementor-button-text\">DOWNLOAD<\/span>\n\t\t\t\t\t<\/span>\n\t\t\t\t\t<\/a>\n\t\t\t\t<\/div>\n\t\t\t\t\t\t\t\t<\/div>\n\t\t\t\t<\/div>\n\t\t\t\t\t<\/div>\n\t\t<\/div>\n\t\t\t\t\t<\/div>\n\t\t<\/section>\n\t\t\t\t<\/div>","protected":false},"excerpt":{"rendered":"<p>BACCALAUR\u00c9AT Depuis la rentr\u00e9e 2019, la r\u00e9forme du lyc\u00e9e est entr\u00e9e en vigueur pour les classes de premi\u00e8re et terminale. Les trois s\u00e9ries (L, ES et S) sont supprim\u00e9es et remplac\u00e9es par des sp\u00e9cialit\u00e9s dans la s\u00e9ri\u00e9 g\u00e9n\u00e9rale. En Classe de Seconde,\u00a0les SES (sciences \u00e9conomiques et sociales) et les sciences num\u00e9riques deviennent obligatoires. https:\/\/eduscol.education.fr\/pid39201\/test-la-reforme-du-baccalaureat-et-du-lycee-d-enseignement-general-et-technologique.html \u00a0 [&hellip;]<\/p>\n","protected":false},"author":1,"featured_media":0,"parent":0,"menu_order":0,"comment_status":"closed","ping_status":"closed","template":"","meta":{"_monsterinsights_skip_tracking":false,"_monsterinsights_sitenote_active":false,"_monsterinsights_sitenote_note":"","_monsterinsights_sitenote_category":0,"site-sidebar-layout":"no-sidebar","site-content-layout":"page-builder","ast-site-content-layout":"default","site-content-style":"default","site-sidebar-style":"default","ast-global-header-display":"","ast-banner-title-visibility":"","ast-main-header-display":"","ast-hfb-above-header-display":"","ast-hfb-below-header-display":"","ast-hfb-mobile-header-display":"","site-post-title":"disabled","ast-breadcrumbs-content":"","ast-featured-img":"disabled","footer-sml-layout":"","ast-disable-related-posts":"","theme-transparent-header-meta":"default","adv-header-id-meta":"","stick-header-meta":"","header-above-stick-meta":"","header-main-stick-meta":"","header-below-stick-meta":"","astra-migrate-meta-layouts":"default","ast-page-background-enabled":"default","ast-page-background-meta":{"desktop":{"background-color":"","background-image":"","background-repeat":"repeat","background-position":"center center","background-size":"auto","background-attachment":"scroll","background-type":"","background-media":"","overlay-type":"","overlay-color":"","overlay-opacity":"","overlay-gradient":""},"tablet":{"background-color":"","background-image":"","background-repeat":"repeat","background-position":"center center","background-size":"auto","background-attachment":"scroll","background-type":"","background-media":"","overlay-type":"","overlay-color":"","overlay-opacity":"","overlay-gradient":""},"mobile":{"background-color":"","background-image":"","background-repeat":"repeat","background-position":"center center","background-size":"auto","background-attachment":"scroll","background-type":"","background-media":"","overlay-type":"","overlay-color":"","overlay-opacity":"","overlay-gradient":""}},"ast-content-background-meta":{"desktop":{"background-color":"var(--ast-global-color-5)","background-image":"","background-repeat":"repeat","background-position":"center center","background-size":"auto","background-attachment":"scroll","background-type":"","background-media":"","overlay-type":"","overlay-color":"","overlay-opacity":"","overlay-gradient":""},"tablet":{"background-color":"var(--ast-global-color-5)","background-image":"","background-repeat":"repeat","background-position":"center center","background-size":"auto","background-attachment":"scroll","background-type":"","background-media":"","overlay-type":"","overlay-color":"","overlay-opacity":"","overlay-gradient":""},"mobile":{"background-color":"var(--ast-global-color-5)","background-image":"","background-repeat":"repeat","background-position":"center center","background-size":"auto","background-attachment":"scroll","background-type":"","background-media":"","overlay-type":"","overlay-color":"","overlay-opacity":"","overlay-gradient":""}},"footnotes":""},"class_list":["post-26072","page","type-page","status-publish","hentry"],"_links":{"self":[{"href":"https:\/\/www.lfmpabuja.com\/en\/wp-json\/wp\/v2\/pages\/26072","targetHints":{"allow":["GET"]}}],"collection":[{"href":"https:\/\/www.lfmpabuja.com\/en\/wp-json\/wp\/v2\/pages"}],"about":[{"href":"https:\/\/www.lfmpabuja.com\/en\/wp-json\/wp\/v2\/types\/page"}],"author":[{"embeddable":true,"href":"https:\/\/www.lfmpabuja.com\/en\/wp-json\/wp\/v2\/users\/1"}],"replies":[{"embeddable":true,"href":"https:\/\/www.lfmpabuja.com\/en\/wp-json\/wp\/v2\/comments?post=26072"}],"version-history":[{"count":11,"href":"https:\/\/www.lfmpabuja.com\/en\/wp-json\/wp\/v2\/pages\/26072\/revisions"}],"predecessor-version":[{"id":26650,"href":"https:\/\/www.lfmpabuja.com\/en\/wp-json\/wp\/v2\/pages\/26072\/revisions\/26650"}],"wp:attachment":[{"href":"https:\/\/www.lfmpabuja.com\/en\/wp-json\/wp\/v2\/media?parent=26072"}],"curies":[{"name":"wp","href":"https:\/\/api.w.org\/{rel}","templated":true}]}}