{"id":26077,"date":"2020-12-02T12:25:38","date_gmt":"2020-12-02T11:25:38","guid":{"rendered":"https:\/\/ecolefrancaiseabuja.com\/?page_id=26077"},"modified":"2021-01-20T11:55:00","modified_gmt":"2021-01-20T10:55:00","slug":"parcoursup","status":"publish","type":"page","link":"https:\/\/www.lfmpabuja.com\/en\/parcoursup\/","title":{"rendered":"PARCOURSUP"},"content":{"rendered":"<div data-elementor-type=\"wp-page\" data-elementor-id=\"26077\" class=\"elementor elementor-26077\">\n\t\t\t\t\t\t<section class=\"elementor-section elementor-top-section elementor-element elementor-element-a43aab0 elementor-section-boxed elementor-section-height-default elementor-section-height-default\" data-id=\"a43aab0\" data-element_type=\"section\" data-e-type=\"section\">\n\t\t\t\t\t\t<div class=\"elementor-container elementor-column-gap-default\">\n\t\t\t\t\t<div class=\"elementor-column elementor-col-100 elementor-top-column elementor-element elementor-element-8ad4097\" data-id=\"8ad4097\" data-element_type=\"column\" data-e-type=\"column\">\n\t\t\t<div class=\"elementor-widget-wrap elementor-element-populated\">\n\t\t\t\t\t\t<div class=\"elementor-element elementor-element-6563b78 elementor-widget elementor-widget-text-editor\" data-id=\"6563b78\" data-element_type=\"widget\" data-e-type=\"widget\" data-widget_type=\"text-editor.default\">\n\t\t\t\t<div class=\"elementor-widget-container\">\n\t\t\t\t\t\t\t\t\t<div class=\"_2S9ms\"><div id=\"Containerdg0sz\" class=\"_3Mgpu\"><div class=\"\" data-mesh-id=\"Containerdg0szinlineContent\" data-testid=\"inline-content\"><div data-mesh-id=\"Containerdg0szinlineContent-gridContainer\" data-testid=\"mesh-container-content\"><div id=\"comp-kfz6dn7d\" class=\"_1Z_nJ\" data-testid=\"richTextElement\"><h2 class=\"font_2\"><span class=\"color_15\">PARCOURSUP<\/span><\/h2><p class=\"font_8\"><span class=\"color_15\">Parcoursup is the national platform for pre-enrolment in the first year of higher education in France.<\/span><\/p><p class=\"font_8\"><span class=\"color_15\">The platform allows high school students to access the first year in higher education, to pre-register, to submit their wishes for further studies and to respond to proposals for admission from institutions providing higher education training.<\/span><\/p><p class=\"font_8\"><span class=\"color_15\">Calendar<br \/><a href=\"https:\/\/www.parcoursup.fr\/index.php?desc=calendrier\" target=\"_blank\" rel=\"nofollow noopener\">https:\/\/www.parcoursup.fr\/index.php?desc=calendrier<\/a><\/span><\/p><p>For more information on 2021 enrolment, download this document :\u00a0<a href=\"https:\/\/ecolefrancaiseabuja.com\/wp-content\/uploads\/2021\/01\/parcoursup-2021-en-3-etapes-1.pdf\" target=\"_blank\" rel=\"noopener\">Parcoursup 2021 in 3 stages<\/a>\u00a0<\/p><\/div><\/div><\/div><\/div><\/div>\t\t\t\t\t\t\t\t<\/div>\n\t\t\t\t<\/div>\n\t\t\t\t\t<\/div>\n\t\t<\/div>\n\t\t\t\t\t<\/div>\n\t\t<\/section>\n\t\t\t\t<\/div>","protected":false},"excerpt":{"rendered":"<p>PARCOURSUP Parcoursup est la plateforme nationale de pr\u00e9inscription en premi\u00e8re ann\u00e9e de l\u2019enseignement sup\u00e9rieur en France. La plateforme permet aux lyc\u00e9ens d&rsquo;acc\u00e9der \u00e0 la premi\u00e8re ann\u00e9e dans l&rsquo;enseignement sup\u00e9rieur, de se pr\u00e9inscrire, de d\u00e9poser leurs\u00a0v\u0153ux\u00a0de poursuite d\u2019\u00e9tudes et de r\u00e9pondre aux propositions d\u2019admission des \u00e9tablissements dispensant des formations de l\u2019enseignement sup\u00e9rieur. Le calendrier\u00a0:https:\/\/www.parcoursup.fr\/index.php?desc=calendrier Pour plus [&hellip;]<\/p>\n","protected":false},"author":1,"featured_media":0,"parent":0,"menu_order":0,"comment_status":"closed","ping_status":"closed","template":"","meta":{"_monsterinsights_skip_tracking":false,"_monsterinsights_sitenote_active":false,"_monsterinsights_sitenote_note":"","_monsterinsights_sitenote_category":0,"site-sidebar-layout":"no-sidebar","site-content-layout":"page-builder","ast-site-content-layout":"default","site-content-style":"default","site-sidebar-style":"default","ast-global-header-display":"","ast-banner-title-visibility":"","ast-main-header-display":"","ast-hfb-above-header-display":"","ast-hfb-below-header-display":"","ast-hfb-mobile-header-display":"","site-post-title":"disabled","ast-breadcrumbs-content":"","ast-featured-img":"disabled","footer-sml-layout":"","ast-disable-related-posts":"","theme-transparent-header-meta":"default","adv-header-id-meta":"","stick-header-meta":"","header-above-stick-meta":"","header-main-stick-meta":"","header-below-stick-meta":"","astra-migrate-meta-layouts":"default","ast-page-background-enabled":"default","ast-page-background-meta":{"desktop":{"background-color":"","background-image":"","background-repeat":"repeat","background-position":"center center","background-size":"auto","background-attachment":"scroll","background-type":"","background-media":"","overlay-type":"","overlay-color":"","overlay-opacity":"","overlay-gradient":""},"tablet":{"background-color":"","background-image":"","background-repeat":"repeat","background-position":"center center","background-size":"auto","background-attachment":"scroll","background-type":"","background-media":"","overlay-type":"","overlay-color":"","overlay-opacity":"","overlay-gradient":""},"mobile":{"background-color":"","background-image":"","background-repeat":"repeat","background-position":"center center","background-size":"auto","background-attachment":"scroll","background-type":"","background-media":"","overlay-type":"","overlay-color":"","overlay-opacity":"","overlay-gradient":""}},"ast-content-background-meta":{"desktop":{"background-color":"var(--ast-global-color-5)","background-image":"","background-repeat":"repeat","background-position":"center center","background-size":"auto","background-attachment":"scroll","background-type":"","background-media":"","overlay-type":"","overlay-color":"","overlay-opacity":"","overlay-gradient":""},"tablet":{"background-color":"var(--ast-global-color-5)","background-image":"","background-repeat":"repeat","background-position":"center center","background-size":"auto","background-attachment":"scroll","background-type":"","background-media":"","overlay-type":"","overlay-color":"","overlay-opacity":"","overlay-gradient":""},"mobile":{"background-color":"var(--ast-global-color-5)","background-image":"","background-repeat":"repeat","background-position":"center center","background-size":"auto","background-attachment":"scroll","background-type":"","background-media":"","overlay-type":"","overlay-color":"","overlay-opacity":"","overlay-gradient":""}},"footnotes":""},"class_list":["post-26077","page","type-page","status-publish","hentry"],"_links":{"self":[{"href":"https:\/\/www.lfmpabuja.com\/en\/wp-json\/wp\/v2\/pages\/26077","targetHints":{"allow":["GET"]}}],"collection":[{"href":"https:\/\/www.lfmpabuja.com\/en\/wp-json\/wp\/v2\/pages"}],"about":[{"href":"https:\/\/www.lfmpabuja.com\/en\/wp-json\/wp\/v2\/types\/page"}],"author":[{"embeddable":true,"href":"https:\/\/www.lfmpabuja.com\/en\/wp-json\/wp\/v2\/users\/1"}],"replies":[{"embeddable":true,"href":"https:\/\/www.lfmpabuja.com\/en\/wp-json\/wp\/v2\/comments?post=26077"}],"version-history":[{"count":7,"href":"https:\/\/www.lfmpabuja.com\/en\/wp-json\/wp\/v2\/pages\/26077\/revisions"}],"predecessor-version":[{"id":26251,"href":"https:\/\/www.lfmpabuja.com\/en\/wp-json\/wp\/v2\/pages\/26077\/revisions\/26251"}],"wp:attachment":[{"href":"https:\/\/www.lfmpabuja.com\/en\/wp-json\/wp\/v2\/media?parent=26077"}],"curies":[{"name":"wp","href":"https:\/\/api.w.org\/{rel}","templated":true}]}}