{"id":27515,"date":"2021-09-30T16:32:16","date_gmt":"2021-09-30T15:32:16","guid":{"rendered":"https:\/\/www.lfmpabuja.com\/?page_id=27515"},"modified":"2021-10-14T14:24:05","modified_gmt":"2021-10-14T13:24:05","slug":"archives","status":"publish","type":"page","link":"https:\/\/www.lfmpabuja.com\/en\/archives\/","title":{"rendered":"archives du CG"},"content":{"rendered":"<div data-elementor-type=\"wp-page\" data-elementor-id=\"27515\" class=\"elementor elementor-27515\">\n\t\t\t\t\t\t<section class=\"elementor-section elementor-top-section elementor-element elementor-element-52d802f elementor-section-boxed elementor-section-height-default elementor-section-height-default\" data-id=\"52d802f\" data-element_type=\"section\" data-e-type=\"section\">\n\t\t\t\t\t\t<div class=\"elementor-container elementor-column-gap-default\">\n\t\t\t\t\t<div class=\"elementor-column elementor-col-100 elementor-top-column elementor-element elementor-element-b17517f\" data-id=\"b17517f\" data-element_type=\"column\" data-e-type=\"column\">\n\t\t\t<div class=\"elementor-widget-wrap elementor-element-populated\">\n\t\t\t\t\t\t<div class=\"elementor-element elementor-element-3580ab4 elementor-widget elementor-widget-spacer\" data-id=\"3580ab4\" data-element_type=\"widget\" data-e-type=\"widget\" data-widget_type=\"spacer.default\">\n\t\t\t\t<div class=\"elementor-widget-container\">\n\t\t\t\t\t\t\t<div class=\"elementor-spacer\">\n\t\t\t<div class=\"elementor-spacer-inner\"><\/div>\n\t\t<\/div>\n\t\t\t\t\t\t<\/div>\n\t\t\t\t<\/div>\n\t\t\t\t\t<\/div>\n\t\t<\/div>\n\t\t\t\t\t<\/div>\n\t\t<\/section>\n\t\t\t\t<section class=\"elementor-section elementor-top-section elementor-element elementor-element-3b5cb46 elementor-section-boxed elementor-section-height-default elementor-section-height-default\" data-id=\"3b5cb46\" data-element_type=\"section\" data-e-type=\"section\">\n\t\t\t\t\t\t<div class=\"elementor-container elementor-column-gap-default\">\n\t\t\t\t\t<div class=\"elementor-column elementor-col-33 elementor-top-column elementor-element elementor-element-0f81919\" data-id=\"0f81919\" data-element_type=\"column\" data-e-type=\"column\">\n\t\t\t<div class=\"elementor-widget-wrap\">\n\t\t\t\t\t\t\t<\/div>\n\t\t<\/div>\n\t\t\t\t<div class=\"elementor-column elementor-col-33 elementor-top-column elementor-element elementor-element-c5e913e\" data-id=\"c5e913e\" data-element_type=\"column\" data-e-type=\"column\">\n\t\t\t<div class=\"elementor-widget-wrap elementor-element-populated\">\n\t\t\t\t\t\t<div class=\"elementor-element elementor-element-24745f1 elementor-widget elementor-widget-heading\" data-id=\"24745f1\" data-element_type=\"widget\" data-e-type=\"widget\" data-widget_type=\"heading.default\">\n\t\t\t\t<div class=\"elementor-widget-container\">\n\t\t\t\t\t<h2 class=\"elementor-heading-title elementor-size-default\">Minutes of the past management committees<\/h2>\t\t\t\t<\/div>\n\t\t\t\t<\/div>\n\t\t\t\t<div class=\"elementor-element elementor-element-80b8fa9 elementor-widget elementor-widget-text-editor\" data-id=\"80b8fa9\" data-element_type=\"widget\" data-e-type=\"widget\" data-widget_type=\"text-editor.default\">\n\t\t\t\t<div class=\"elementor-widget-container\">\n\t\t\t\t\t\t\t\t\t<ol class=\"font_8\"><li><p class=\"font_8\"><a href=\"https:\/\/lfmpabuja.com\/wp-content\/uploads\/2020\/11\/CR-CG-19.11.2018-FRA.pdf\" target=\"_blank\" rel=\"noopener\">Minutes 19.11.2018<\/a><\/p><\/li><li><p class=\"font_8\"><a href=\"https:\/\/ecolefrancaiseabuja.com\/wp-content\/uploads\/2020\/11\/CR-CG-04.02.2019-ENG.pdf\" target=\"_blank\" rel=\"noopener\">Minutes<\/a><a href=\"https:\/\/lfmpabuja.com\/wp-content\/uploads\/2020\/11\/CR-CG-11.12.2018-FRA.pdf\" target=\"_blank\" rel=\"noopener\"> 11.12.2018<\/a><\/p><\/li><li><p class=\"font_8\"><a href=\"https:\/\/ecolefrancaiseabuja.com\/wp-content\/uploads\/2020\/11\/CR-CG-04.02.2019-ENG.pdf\" target=\"_blank\" rel=\"noopener\">Minutes<\/a><a href=\"https:\/\/lfmpabuja.com\/wp-content\/uploads\/2020\/11\/CR-CG-04.02.2019-FRA.pdf\" target=\"_blank\" rel=\"noopener\"> 04.02.2019<\/a><\/p><\/li><li><p class=\"font_8\"><a href=\"https:\/\/ecolefrancaiseabuja.com\/wp-content\/uploads\/2020\/11\/CR-CG-28.03.2019-ENG.pdf\" target=\"_blank\" rel=\"noopener\">Minutes<\/a><a href=\"https:\/\/lfmpabuja.com\/wp-content\/uploads\/2020\/11\/CR-CG-28.03.2019-FRA.pdf\" target=\"_blank\" rel=\"noopener\"> 28.03.2019<\/a><\/p><\/li><li><p class=\"font_8\"><a href=\"https:\/\/ecolefrancaiseabuja.com\/wp-content\/uploads\/2020\/11\/CR-CG-23.05.2019-ENG.pdf\" target=\"_blank\" rel=\"noopener\">Minutes<\/a><a href=\"https:\/\/lfmpabuja.com\/wp-content\/uploads\/2020\/11\/CR-CG-23.05.2019-FRA.pdf\" target=\"_blank\" rel=\"noopener\"> 23.05.2019<\/a><\/p><\/li><li><p class=\"font_8\"><a href=\"https:\/\/ecolefrancaiseabuja.com\/wp-content\/uploads\/2020\/11\/CR-CG-16.10.2019-English-French-1.pdf\" target=\"_blank\" rel=\"noopener\">Minutes<\/a><a href=\"https:\/\/lfmpabuja.com\/wp-content\/uploads\/2020\/11\/CR-CG-16.10.2019-English-French.pdf\" target=\"_blank\" rel=\"noopener\"> 16.10.2019<\/a><\/p><\/li><li><p class=\"font_8\"><a href=\"https:\/\/ecolefrancaiseabuja.com\/wp-content\/uploads\/2020\/11\/CR-CG-27.11.2019-ENG.pdf\" target=\"_blank\" rel=\"noopener\">Minutes<\/a><a href=\"https:\/\/lfmpabuja.com\/wp-content\/uploads\/2020\/11\/CR-CG-27.11.2019-FRA.pdf\" target=\"_blank\" rel=\"noopener\"> 27.11.2019<\/a><\/p><\/li><li><p class=\"font_8\"><a href=\"https:\/\/ecolefrancaiseabuja.com\/wp-content\/uploads\/2020\/11\/CR-CG-27.11.2019-ENG.pdf\" target=\"_blank\" rel=\"noopener\">Minutes<\/a><a href=\"https:\/\/lfmpabuja.com\/wp-content\/uploads\/2020\/11\/CR-CG-11.12.19-french1.pdf\" target=\"_blank\" rel=\"noopener\"> 11.12.19<\/a><\/p><\/li><li><a href=\"https:\/\/lfmpabuja.com\/wp-content\/uploads\/2020\/11\/CR-CG-10-11-V2.pdf\">Minutes 10.11.20 - First meeting for the 2020\/21 school year\u00a0<\/a><\/li><\/ol><p>\u00a0 \u00a0 10. <a href=\"https:\/\/www.lfmpabuja.com\/wp-content\/uploads\/2021\/10\/ACTIVITY-REPORT-FOR-THE-2020-2021-MANAGEMENT-COMMITTEE.pdf\">Activity report of the management committee (2020\/21 academic year)<\/a><\/p>\t\t\t\t\t\t\t\t<\/div>\n\t\t\t\t<\/div>\n\t\t\t\t\t<\/div>\n\t\t<\/div>\n\t\t\t\t<div class=\"elementor-column elementor-col-33 elementor-top-column elementor-element elementor-element-b3b3d4f\" data-id=\"b3b3d4f\" data-element_type=\"column\" data-e-type=\"column\">\n\t\t\t<div class=\"elementor-widget-wrap\">\n\t\t\t\t\t\t\t<\/div>\n\t\t<\/div>\n\t\t\t\t\t<\/div>\n\t\t<\/section>\n\t\t\t\t<\/div>","protected":false},"excerpt":{"rendered":"<p>Comptes rendus des comit\u00e9s pr\u00e9c\u00e9dents Compte Rendu 19.11.2018 Compte Rendu 11.12.2018 Compte Rendu 04.02.2019 Compte Rendu 28.03.2019 Compte Rendu 23.05.2019 Compte Rendu 16.10.2019 Compte Rendu 27.11.2019 Compte Rendu 11.12.19 Compte Rendu 10.11.20 &#8211; Premi\u00e8re r\u00e9union pour l&rsquo;ann\u00e9e scolaire 2020\/21\u00a0 10. Rapport d&rsquo;activit\u00e9 du Comit\u00e9 de Gestion (l&rsquo;ann\u00e9e scolaire 2020\/21)<\/p>","protected":false},"author":1,"featured_media":0,"parent":0,"menu_order":0,"comment_status":"closed","ping_status":"closed","template":"","meta":{"_monsterinsights_skip_tracking":false,"_monsterinsights_sitenote_active":false,"_monsterinsights_sitenote_note":"","_monsterinsights_sitenote_category":0,"site-sidebar-layout":"no-sidebar","site-content-layout":"page-builder","ast-site-content-layout":"default","site-content-style":"default","site-sidebar-style":"default","ast-global-header-display":"","ast-banner-title-visibility":"","ast-main-header-display":"","ast-hfb-above-header-display":"","ast-hfb-below-header-display":"","ast-hfb-mobile-header-display":"","site-post-title":"disabled","ast-breadcrumbs-content":"","ast-featured-img":"disabled","footer-sml-layout":"","ast-disable-related-posts":"","theme-transparent-header-meta":"default","adv-header-id-meta":"","stick-header-meta":"","header-above-stick-meta":"","header-main-stick-meta":"","header-below-stick-meta":"","astra-migrate-meta-layouts":"default","ast-page-background-enabled":"default","ast-page-background-meta":{"desktop":{"background-color":"","background-image":"","background-repeat":"repeat","background-position":"center center","background-size":"auto","background-attachment":"scroll","background-type":"","background-media":"","overlay-type":"","overlay-color":"","overlay-opacity":"","overlay-gradient":""},"tablet":{"background-color":"","background-image":"","background-repeat":"repeat","background-position":"center center","background-size":"auto","background-attachment":"scroll","background-type":"","background-media":"","overlay-type":"","overlay-color":"","overlay-opacity":"","overlay-gradient":""},"mobile":{"background-color":"","background-image":"","background-repeat":"repeat","background-position":"center center","background-size":"auto","background-attachment":"scroll","background-type":"","background-media":"","overlay-type":"","overlay-color":"","overlay-opacity":"","overlay-gradient":""}},"ast-content-background-meta":{"desktop":{"background-color":"var(--ast-global-color-5)","background-image":"","background-repeat":"repeat","background-position":"center center","background-size":"auto","background-attachment":"scroll","background-type":"","background-media":"","overlay-type":"","overlay-color":"","overlay-opacity":"","overlay-gradient":""},"tablet":{"background-color":"var(--ast-global-color-5)","background-image":"","background-repeat":"repeat","background-position":"center center","background-size":"auto","background-attachment":"scroll","background-type":"","background-media":"","overlay-type":"","overlay-color":"","overlay-opacity":"","overlay-gradient":""},"mobile":{"background-color":"var(--ast-global-color-5)","background-image":"","background-repeat":"repeat","background-position":"center center","background-size":"auto","background-attachment":"scroll","background-type":"","background-media":"","overlay-type":"","overlay-color":"","overlay-opacity":"","overlay-gradient":""}},"footnotes":""},"class_list":["post-27515","page","type-page","status-publish","hentry"],"_links":{"self":[{"href":"https:\/\/www.lfmpabuja.com\/en\/wp-json\/wp\/v2\/pages\/27515","targetHints":{"allow":["GET"]}}],"collection":[{"href":"https:\/\/www.lfmpabuja.com\/en\/wp-json\/wp\/v2\/pages"}],"about":[{"href":"https:\/\/www.lfmpabuja.com\/en\/wp-json\/wp\/v2\/types\/page"}],"author":[{"embeddable":true,"href":"https:\/\/www.lfmpabuja.com\/en\/wp-json\/wp\/v2\/users\/1"}],"replies":[{"embeddable":true,"href":"https:\/\/www.lfmpabuja.com\/en\/wp-json\/wp\/v2\/comments?post=27515"}],"version-history":[{"count":33,"href":"https:\/\/www.lfmpabuja.com\/en\/wp-json\/wp\/v2\/pages\/27515\/revisions"}],"predecessor-version":[{"id":27589,"href":"https:\/\/www.lfmpabuja.com\/en\/wp-json\/wp\/v2\/pages\/27515\/revisions\/27589"}],"wp:attachment":[{"href":"https:\/\/www.lfmpabuja.com\/en\/wp-json\/wp\/v2\/media?parent=27515"}],"curies":[{"name":"wp","href":"https:\/\/api.w.org\/{rel}","templated":true}]}}