{"id":28821,"date":"2022-11-14T13:09:33","date_gmt":"2022-11-14T12:09:33","guid":{"rendered":"https:\/\/www.lfmpabuja.com\/?page_id=28821"},"modified":"2022-12-16T13:21:28","modified_gmt":"2022-12-16T12:21:28","slug":"labellisation-efe3d","status":"publish","type":"page","link":"https:\/\/www.lfmpabuja.com\/en\/labellisation-efe3d\/","title":{"rendered":"Labellisation EFE3D"},"content":{"rendered":"<div data-elementor-type=\"wp-page\" data-elementor-id=\"28821\" class=\"elementor elementor-28821\">\n\t\t\t\t\t\t<section class=\"elementor-section elementor-top-section elementor-element elementor-element-eb19e3d elementor-section-boxed elementor-section-height-default elementor-section-height-default\" data-id=\"eb19e3d\" data-element_type=\"section\" data-e-type=\"section\">\n\t\t\t\t\t\t<div class=\"elementor-container elementor-column-gap-default\">\n\t\t\t\t\t<div class=\"elementor-column elementor-col-100 elementor-top-column elementor-element elementor-element-1273fbe\" data-id=\"1273fbe\" data-element_type=\"column\" data-e-type=\"column\">\n\t\t\t<div class=\"elementor-widget-wrap elementor-element-populated\">\n\t\t\t\t\t\t<div class=\"elementor-element elementor-element-5b9da7e elementor-widget elementor-widget-spacer\" data-id=\"5b9da7e\" data-element_type=\"widget\" data-e-type=\"widget\" data-widget_type=\"spacer.default\">\n\t\t\t\t<div class=\"elementor-widget-container\">\n\t\t\t\t\t\t\t<div class=\"elementor-spacer\">\n\t\t\t<div class=\"elementor-spacer-inner\"><\/div>\n\t\t<\/div>\n\t\t\t\t\t\t<\/div>\n\t\t\t\t<\/div>\n\t\t\t\t\t<\/div>\n\t\t<\/div>\n\t\t\t\t\t<\/div>\n\t\t<\/section>\n\t\t\t\t<section class=\"elementor-section elementor-top-section elementor-element elementor-element-d8dc2f9 elementor-section-boxed elementor-section-height-default elementor-section-height-default\" data-id=\"d8dc2f9\" data-element_type=\"section\" data-e-type=\"section\">\n\t\t\t\t\t\t<div class=\"elementor-container elementor-column-gap-default\">\n\t\t\t\t\t<div class=\"elementor-column elementor-col-33 elementor-top-column elementor-element elementor-element-9e9d2b4\" data-id=\"9e9d2b4\" data-element_type=\"column\" data-e-type=\"column\">\n\t\t\t<div class=\"elementor-widget-wrap\">\n\t\t\t\t\t\t\t<\/div>\n\t\t<\/div>\n\t\t\t\t<div class=\"elementor-column elementor-col-33 elementor-top-column elementor-element elementor-element-59d32bf\" data-id=\"59d32bf\" data-element_type=\"column\" data-e-type=\"column\">\n\t\t\t<div class=\"elementor-widget-wrap elementor-element-populated\">\n\t\t\t\t\t\t<div class=\"elementor-element elementor-element-0aa96f5 elementor-widget elementor-widget-heading\" data-id=\"0aa96f5\" data-element_type=\"widget\" data-e-type=\"widget\" data-widget_type=\"heading.default\">\n\t\t\t\t<div class=\"elementor-widget-container\">\n\t\t\t\t\t<h2 class=\"elementor-heading-title elementor-size-default\">Labellisation \"EFE3D\"<\/h2>\t\t\t\t<\/div>\n\t\t\t\t<\/div>\n\t\t\t\t\t<\/div>\n\t\t<\/div>\n\t\t\t\t<div class=\"elementor-column elementor-col-33 elementor-top-column elementor-element elementor-element-37e4245\" data-id=\"37e4245\" data-element_type=\"column\" data-e-type=\"column\">\n\t\t\t<div class=\"elementor-widget-wrap\">\n\t\t\t\t\t\t\t<\/div>\n\t\t<\/div>\n\t\t\t\t\t<\/div>\n\t\t<\/section>\n\t\t\t\t<section class=\"elementor-section elementor-top-section elementor-element elementor-element-a7b3aa1 elementor-section-boxed elementor-section-height-default elementor-section-height-default\" data-id=\"a7b3aa1\" data-element_type=\"section\" data-e-type=\"section\">\n\t\t\t\t\t\t<div class=\"elementor-container elementor-column-gap-default\">\n\t\t\t\t\t<div class=\"elementor-column elementor-col-100 elementor-top-column elementor-element elementor-element-0ac29c0\" data-id=\"0ac29c0\" data-element_type=\"column\" data-e-type=\"column\">\n\t\t\t<div class=\"elementor-widget-wrap elementor-element-populated\">\n\t\t\t\t\t\t<div class=\"elementor-element elementor-element-b93a008 elementor-widget elementor-widget-image\" data-id=\"b93a008\" data-element_type=\"widget\" data-e-type=\"widget\" data-widget_type=\"image.default\">\n\t\t\t\t<div class=\"elementor-widget-container\">\n\t\t\t\t\t\t\t\t\t\t\t\t\t\t\t<img fetchpriority=\"high\" decoding=\"async\" width=\"768\" height=\"405\" src=\"https:\/\/www.lfmpabuja.com\/wp-content\/uploads\/2022\/11\/EFE3D-niveau1-1-1-768x405.png\" class=\"attachment-medium_large size-medium_large wp-image-28824\" alt=\"\" srcset=\"https:\/\/www.lfmpabuja.com\/wp-content\/uploads\/2022\/11\/EFE3D-niveau1-1-1-768x405.png 768w, https:\/\/www.lfmpabuja.com\/wp-content\/uploads\/2022\/11\/EFE3D-niveau1-1-1-1024x540.png 1024w\" sizes=\"(max-width: 768px) 100vw, 768px\" \/>\t\t\t\t\t\t\t\t\t\t\t\t\t\t\t<\/div>\n\t\t\t\t<\/div>\n\t\t\t\t\t<\/div>\n\t\t<\/div>\n\t\t\t\t\t<\/div>\n\t\t<\/section>\n\t\t\t\t<section class=\"elementor-section elementor-top-section elementor-element elementor-element-859f727 elementor-section-boxed elementor-section-height-default elementor-section-height-default\" data-id=\"859f727\" data-element_type=\"section\" data-e-type=\"section\">\n\t\t\t\t\t\t<div class=\"elementor-container elementor-column-gap-default\">\n\t\t\t\t\t<div class=\"elementor-column elementor-col-33 elementor-top-column elementor-element elementor-element-2dc50fd\" data-id=\"2dc50fd\" data-element_type=\"column\" data-e-type=\"column\">\n\t\t\t<div class=\"elementor-widget-wrap\">\n\t\t\t\t\t\t\t<\/div>\n\t\t<\/div>\n\t\t\t\t<div class=\"elementor-column elementor-col-33 elementor-top-column elementor-element elementor-element-c621400\" data-id=\"c621400\" data-element_type=\"column\" data-e-type=\"column\">\n\t\t\t<div class=\"elementor-widget-wrap elementor-element-populated\">\n\t\t\t\t\t\t<div class=\"elementor-element elementor-element-1d8d73b elementor-widget elementor-widget-text-editor\" data-id=\"1d8d73b\" data-element_type=\"widget\" data-e-type=\"widget\" data-widget_type=\"text-editor.default\">\n\t\t\t\t<div class=\"elementor-widget-container\">\n\t\t\t\t\t\t\t\t\t<p>Le LFMPA obtient la labellisation \u00ab EFE3D \u00bb niveau 1 &#8211; Etablissement Fran\u00e7ais \u00e0 l\u2019Etranger en D\u00e9marche de D\u00e9veloppement Durable \u00bb aupr\u00e8s de l&rsquo;AEFE. Une d\u00e9marche de d\u00e9veloppement durable prend en compte, de fa\u00e7on articul\u00e9e, la dimension \u00e9ducative, avec la participation active des \u00e9l\u00e8ves et le fonctionnement de l&rsquo;\u00e9tablissement (dans ses aspects mat\u00e9riels et ses relations humaines).\u00a0<\/p>\t\t\t\t\t\t\t\t<\/div>\n\t\t\t\t<\/div>\n\t\t\t\t\t<\/div>\n\t\t<\/div>\n\t\t\t\t<div class=\"elementor-column elementor-col-33 elementor-top-column elementor-element elementor-element-335538e\" data-id=\"335538e\" data-element_type=\"column\" data-e-type=\"column\">\n\t\t\t<div class=\"elementor-widget-wrap\">\n\t\t\t\t\t\t\t<\/div>\n\t\t<\/div>\n\t\t\t\t\t<\/div>\n\t\t<\/section>\n\t\t\t\t<section class=\"elementor-section elementor-top-section elementor-element elementor-element-eb4a57f elementor-section-boxed elementor-section-height-default elementor-section-height-default\" data-id=\"eb4a57f\" data-element_type=\"section\" data-e-type=\"section\">\n\t\t\t\t\t\t<div class=\"elementor-container elementor-column-gap-default\">\n\t\t\t\t\t<div class=\"elementor-column elementor-col-25 elementor-top-column elementor-element elementor-element-ecaf8d0\" data-id=\"ecaf8d0\" data-element_type=\"column\" data-e-type=\"column\">\n\t\t\t<div class=\"elementor-widget-wrap\">\n\t\t\t\t\t\t\t<\/div>\n\t\t<\/div>\n\t\t\t\t<div class=\"elementor-column elementor-col-25 elementor-top-column elementor-element elementor-element-373ac95\" data-id=\"373ac95\" data-element_type=\"column\" data-e-type=\"column\">\n\t\t\t<div class=\"elementor-widget-wrap elementor-element-populated\">\n\t\t\t\t\t\t<div class=\"elementor-element elementor-element-6675ce6 elementor-widget elementor-widget-image\" data-id=\"6675ce6\" data-element_type=\"widget\" data-e-type=\"widget\" data-widget_type=\"image.default\">\n\t\t\t\t<div class=\"elementor-widget-container\">\n\t\t\t\t\t\t\t\t\t\t\t\t\t\t\t<img decoding=\"async\" width=\"1024\" height=\"724\" src=\"https:\/\/www.lfmpabuja.com\/wp-content\/uploads\/2022\/11\/EFE3D-attestation-Nigeria-Abuja--1024x724.jpg\" class=\"attachment-large size-large wp-image-28822\" alt=\"\" srcset=\"https:\/\/www.lfmpabuja.com\/wp-content\/uploads\/2022\/11\/EFE3D-attestation-Nigeria-Abuja--1024x724.jpg 1024w, https:\/\/www.lfmpabuja.com\/wp-content\/uploads\/2022\/11\/EFE3D-attestation-Nigeria-Abuja--300x212.jpg 300w, https:\/\/www.lfmpabuja.com\/wp-content\/uploads\/2022\/11\/EFE3D-attestation-Nigeria-Abuja--768x543.jpg 768w, https:\/\/www.lfmpabuja.com\/wp-content\/uploads\/2022\/11\/EFE3D-attestation-Nigeria-Abuja--1536x1086.jpg 1536w, https:\/\/www.lfmpabuja.com\/wp-content\/uploads\/2022\/11\/EFE3D-attestation-Nigeria-Abuja--2048x1448.jpg 2048w, https:\/\/www.lfmpabuja.com\/wp-content\/uploads\/2022\/11\/EFE3D-attestation-Nigeria-Abuja--18x12.jpg 18w, https:\/\/www.lfmpabuja.com\/wp-content\/uploads\/2022\/11\/EFE3D-attestation-Nigeria-Abuja--600x424.jpg 600w, https:\/\/www.lfmpabuja.com\/wp-content\/uploads\/2022\/11\/EFE3D-attestation-Nigeria-Abuja-.jpg 1307w\" sizes=\"(max-width: 1024px) 100vw, 1024px\" \/>\t\t\t\t\t\t\t\t\t\t\t\t\t\t\t<\/div>\n\t\t\t\t<\/div>\n\t\t\t\t\t<\/div>\n\t\t<\/div>\n\t\t\t\t<div class=\"elementor-column elementor-col-25 elementor-top-column elementor-element elementor-element-7b595d7\" data-id=\"7b595d7\" data-element_type=\"column\" data-e-type=\"column\">\n\t\t\t<div class=\"elementor-widget-wrap elementor-element-populated\">\n\t\t\t\t\t\t<div class=\"elementor-element elementor-element-e4e5255 elementor-widget elementor-widget-image\" data-id=\"e4e5255\" data-element_type=\"widget\" data-e-type=\"widget\" data-widget_type=\"image.default\">\n\t\t\t\t<div class=\"elementor-widget-container\">\n\t\t\t\t\t\t\t\t\t\t\t\t\t\t\t<img decoding=\"async\" width=\"1024\" height=\"683\" src=\"https:\/\/www.lfmpabuja.com\/wp-content\/uploads\/2022\/11\/imageedit_3_5316015277-1024x683.jpg\" class=\"attachment-large size-large wp-image-28828\" alt=\"\" srcset=\"https:\/\/www.lfmpabuja.com\/wp-content\/uploads\/2022\/11\/imageedit_3_5316015277-1024x683.jpg 1024w, https:\/\/www.lfmpabuja.com\/wp-content\/uploads\/2022\/11\/imageedit_3_5316015277-300x200.jpg 300w, https:\/\/www.lfmpabuja.com\/wp-content\/uploads\/2022\/11\/imageedit_3_5316015277-768x512.jpg 768w, https:\/\/www.lfmpabuja.com\/wp-content\/uploads\/2022\/11\/imageedit_3_5316015277-18x12.jpg 18w, https:\/\/www.lfmpabuja.com\/wp-content\/uploads\/2022\/11\/imageedit_3_5316015277-600x400.jpg 600w, https:\/\/www.lfmpabuja.com\/wp-content\/uploads\/2022\/11\/imageedit_3_5316015277.jpg 1146w\" sizes=\"(max-width: 1024px) 100vw, 1024px\" \/>\t\t\t\t\t\t\t\t\t\t\t\t\t\t\t<\/div>\n\t\t\t\t<\/div>\n\t\t\t\t\t<\/div>\n\t\t<\/div>\n\t\t\t\t<div class=\"elementor-column elementor-col-25 elementor-top-column elementor-element elementor-element-b9d43cb\" data-id=\"b9d43cb\" data-element_type=\"column\" data-e-type=\"column\">\n\t\t\t<div class=\"elementor-widget-wrap\">\n\t\t\t\t\t\t\t<\/div>\n\t\t<\/div>\n\t\t\t\t\t<\/div>\n\t\t<\/section>\n\t\t\t\t<section class=\"elementor-section elementor-top-section elementor-element elementor-element-edae2d3 elementor-section-boxed elementor-section-height-default elementor-section-height-default\" data-id=\"edae2d3\" data-element_type=\"section\" data-e-type=\"section\">\n\t\t\t\t\t\t<div class=\"elementor-container elementor-column-gap-default\">\n\t\t\t\t\t<div class=\"elementor-column elementor-col-33 elementor-top-column elementor-element elementor-element-4174e51\" data-id=\"4174e51\" data-element_type=\"column\" data-e-type=\"column\">\n\t\t\t<div class=\"elementor-widget-wrap\">\n\t\t\t\t\t\t\t<\/div>\n\t\t<\/div>\n\t\t\t\t<div class=\"elementor-column elementor-col-33 elementor-top-column elementor-element elementor-element-be1f017\" data-id=\"be1f017\" data-element_type=\"column\" data-e-type=\"column\">\n\t\t\t<div class=\"elementor-widget-wrap elementor-element-populated\">\n\t\t\t\t\t\t<div class=\"elementor-element elementor-element-60c0dfb elementor-widget elementor-widget-text-editor\" data-id=\"60c0dfb\" data-element_type=\"widget\" data-e-type=\"widget\" data-widget_type=\"text-editor.default\">\n\t\t\t\t<div class=\"elementor-widget-container\">\n\t\t\t\t\t\t\t\t\t<p>Le LFMPA s\u2019engage depuis plusieurs ann\u00e9es dans une d\u00e9marche de d\u00e9veloppement durable. L\u2019\u00e9ducation au d\u00e9veloppement durable fait partie int\u00e9grante du projet d\u2019\u00e9tablissement et des programmes scolaires, ce qui permet aux \u00e9l\u00e8ves d\u2019appr\u00e9hender les grands enjeux mondiaux.<\/p><p>Dans cette optique, les \u00e9l\u00e8ves \u00e9co-d\u00e9l\u00e9gu\u00e9s, du CM1 \u00e0 la terminale sont acteurs de la d\u00e9marche, repr\u00e9sentent leurs camarades et sont force de proposition autour de projets en lien avec les trois piliers interconnect\u00e9s du d\u00e9veloppement durable :<\/p><ul><li>Le pilier environnemental<\/li><li>Le pilier social<\/li><li>Le pilier \u00e9conomique<\/li><\/ul><p>L\u2019AEFE reconnait notre implication en faveur de l\u2019\u00e9ducation d\u00e9veloppement durable et le travail r\u00e9alis\u00e9 par nos \u00e9quipes.<\/p>\t\t\t\t\t\t\t\t<\/div>\n\t\t\t\t<\/div>\n\t\t\t\t\t<\/div>\n\t\t<\/div>\n\t\t\t\t<div class=\"elementor-column elementor-col-33 elementor-top-column elementor-element elementor-element-2b3932d\" data-id=\"2b3932d\" data-element_type=\"column\" data-e-type=\"column\">\n\t\t\t<div class=\"elementor-widget-wrap\">\n\t\t\t\t\t\t\t<\/div>\n\t\t<\/div>\n\t\t\t\t\t<\/div>\n\t\t<\/section>\n\t\t\t\t<section class=\"elementor-section elementor-top-section elementor-element elementor-element-4cf7a57 elementor-section-boxed elementor-section-height-default elementor-section-height-default\" data-id=\"4cf7a57\" data-element_type=\"section\" data-e-type=\"section\">\n\t\t\t\t\t\t<div class=\"elementor-container elementor-column-gap-default\">\n\t\t\t\t\t<div class=\"elementor-column elementor-col-33 elementor-top-column elementor-element elementor-element-a3cb667\" data-id=\"a3cb667\" data-element_type=\"column\" data-e-type=\"column\">\n\t\t\t<div class=\"elementor-widget-wrap\">\n\t\t\t\t\t\t\t<\/div>\n\t\t<\/div>\n\t\t\t\t<div class=\"elementor-column elementor-col-33 elementor-top-column elementor-element elementor-element-0eb08ad\" data-id=\"0eb08ad\" data-element_type=\"column\" data-e-type=\"column\">\n\t\t\t<div class=\"elementor-widget-wrap elementor-element-populated\">\n\t\t\t\t\t\t<div class=\"elementor-element elementor-element-77b85f3 elementor-widget elementor-widget-image\" data-id=\"77b85f3\" data-element_type=\"widget\" data-e-type=\"widget\" data-widget_type=\"image.default\">\n\t\t\t\t<div class=\"elementor-widget-container\">\n\t\t\t\t\t\t\t\t\t\t\t\t\t\t\t<img loading=\"lazy\" decoding=\"async\" width=\"1024\" height=\"1024\" src=\"https:\/\/www.lfmpabuja.com\/wp-content\/uploads\/2022\/12\/png-1024x1024.jpg\" class=\"attachment-large size-large wp-image-28897\" alt=\"\" srcset=\"https:\/\/www.lfmpabuja.com\/wp-content\/uploads\/2022\/12\/png-1024x1024.jpg 1024w, https:\/\/www.lfmpabuja.com\/wp-content\/uploads\/2022\/12\/png-300x300.jpg 300w, https:\/\/www.lfmpabuja.com\/wp-content\/uploads\/2022\/12\/png-150x150.jpg 150w, https:\/\/www.lfmpabuja.com\/wp-content\/uploads\/2022\/12\/png-768x768.jpg 768w, https:\/\/www.lfmpabuja.com\/wp-content\/uploads\/2022\/12\/png-12x12.jpg 12w, https:\/\/www.lfmpabuja.com\/wp-content\/uploads\/2022\/12\/png-600x600.jpg 600w, https:\/\/www.lfmpabuja.com\/wp-content\/uploads\/2022\/12\/png-100x100.jpg 100w, https:\/\/www.lfmpabuja.com\/wp-content\/uploads\/2022\/12\/png.jpg 924w\" sizes=\"(max-width: 1024px) 100vw, 1024px\" \/>\t\t\t\t\t\t\t\t\t\t\t\t\t\t\t<\/div>\n\t\t\t\t<\/div>\n\t\t\t\t<div class=\"elementor-element elementor-element-89cdd90 elementor-widget elementor-widget-text-editor\" data-id=\"89cdd90\" data-element_type=\"widget\" data-e-type=\"widget\" data-widget_type=\"text-editor.default\">\n\t\t\t\t<div class=\"elementor-widget-container\">\n\t\t\t\t\t\t\t\t\t<p>Nouveau projet dans le cadre du d\u00e9veloppement durable: inauguration du jardin p\u00e9dagogique. Les \u00e9co-d\u00e9l\u00e9gu\u00e9s montrent l\u2019exemple en plantant les premi\u00e8res graines<\/p>\t\t\t\t\t\t\t\t<\/div>\n\t\t\t\t<\/div>\n\t\t\t\t\t<\/div>\n\t\t<\/div>\n\t\t\t\t<div class=\"elementor-column elementor-col-33 elementor-top-column elementor-element elementor-element-3a325d6\" data-id=\"3a325d6\" data-element_type=\"column\" data-e-type=\"column\">\n\t\t\t<div class=\"elementor-widget-wrap\">\n\t\t\t\t\t\t\t<\/div>\n\t\t<\/div>\n\t\t\t\t\t<\/div>\n\t\t<\/section>\n\t\t\t\t<section class=\"elementor-section elementor-top-section elementor-element elementor-element-4de94fc elementor-section-boxed elementor-section-height-default elementor-section-height-default\" data-id=\"4de94fc\" data-element_type=\"section\" data-e-type=\"section\">\n\t\t\t\t\t\t<div class=\"elementor-container elementor-column-gap-default\">\n\t\t\t\t\t<div class=\"elementor-column elementor-col-33 elementor-top-column elementor-element elementor-element-05bdb5a\" data-id=\"05bdb5a\" data-element_type=\"column\" data-e-type=\"column\">\n\t\t\t<div class=\"elementor-widget-wrap\">\n\t\t\t\t\t\t\t<\/div>\n\t\t<\/div>\n\t\t\t\t<div class=\"elementor-column elementor-col-33 elementor-top-column elementor-element elementor-element-7e3af03\" data-id=\"7e3af03\" data-element_type=\"column\" data-e-type=\"column\">\n\t\t\t<div class=\"elementor-widget-wrap\">\n\t\t\t\t\t\t\t<\/div>\n\t\t<\/div>\n\t\t\t\t<div class=\"elementor-column elementor-col-33 elementor-top-column elementor-element elementor-element-2dcbc91\" data-id=\"2dcbc91\" data-element_type=\"column\" data-e-type=\"column\">\n\t\t\t<div class=\"elementor-widget-wrap\">\n\t\t\t\t\t\t\t<\/div>\n\t\t<\/div>\n\t\t\t\t\t<\/div>\n\t\t<\/section>\n\t\t\t\t<\/div>","protected":false},"excerpt":{"rendered":"<p>Labellisation \u00ab\u00a0EFE3D\u00a0\u00bb Le LFMPA obtient la labellisation \u00ab EFE3D \u00bb niveau 1 &#8211; Etablissement Fran\u00e7ais \u00e0 l\u2019Etranger en D\u00e9marche de D\u00e9veloppement Durable \u00bb aupr\u00e8s de l&rsquo;AEFE. Une d\u00e9marche de d\u00e9veloppement durable prend en compte, de fa\u00e7on articul\u00e9e, la dimension \u00e9ducative, avec la participation active des \u00e9l\u00e8ves et le fonctionnement de l&rsquo;\u00e9tablissement (dans ses aspects mat\u00e9riels [&hellip;]<\/p>\n","protected":false},"author":1,"featured_media":0,"parent":0,"menu_order":0,"comment_status":"closed","ping_status":"closed","template":"","meta":{"_monsterinsights_skip_tracking":false,"_monsterinsights_sitenote_active":false,"_monsterinsights_sitenote_note":"","_monsterinsights_sitenote_category":0,"site-sidebar-layout":"no-sidebar","site-content-layout":"page-builder","ast-site-content-layout":"default","site-content-style":"default","site-sidebar-style":"default","ast-global-header-display":"","ast-banner-title-visibility":"","ast-main-header-display":"","ast-hfb-above-header-display":"","ast-hfb-below-header-display":"","ast-hfb-mobile-header-display":"","site-post-title":"disabled","ast-breadcrumbs-content":"","ast-featured-img":"disabled","footer-sml-layout":"","ast-disable-related-posts":"","theme-transparent-header-meta":"","adv-header-id-meta":"","stick-header-meta":"","header-above-stick-meta":"","header-main-stick-meta":"","header-below-stick-meta":"","astra-migrate-meta-layouts":"default","ast-page-background-enabled":"default","ast-page-background-meta":{"desktop":{"background-color":"","background-image":"","background-repeat":"repeat","background-position":"center center","background-size":"auto","background-attachment":"scroll","background-type":"","background-media":"","overlay-type":"","overlay-color":"","overlay-opacity":"","overlay-gradient":""},"tablet":{"background-color":"","background-image":"","background-repeat":"repeat","background-position":"center center","background-size":"auto","background-attachment":"scroll","background-type":"","background-media":"","overlay-type":"","overlay-color":"","overlay-opacity":"","overlay-gradient":""},"mobile":{"background-color":"","background-image":"","background-repeat":"repeat","background-position":"center center","background-size":"auto","background-attachment":"scroll","background-type":"","background-media":"","overlay-type":"","overlay-color":"","overlay-opacity":"","overlay-gradient":""}},"ast-content-background-meta":{"desktop":{"background-color":"var(--ast-global-color-5)","background-image":"","background-repeat":"repeat","background-position":"center center","background-size":"auto","background-attachment":"scroll","background-type":"","background-media":"","overlay-type":"","overlay-color":"","overlay-opacity":"","overlay-gradient":""},"tablet":{"background-color":"var(--ast-global-color-5)","background-image":"","background-repeat":"repeat","background-position":"center center","background-size":"auto","background-attachment":"scroll","background-type":"","background-media":"","overlay-type":"","overlay-color":"","overlay-opacity":"","overlay-gradient":""},"mobile":{"background-color":"var(--ast-global-color-5)","background-image":"","background-repeat":"repeat","background-position":"center center","background-size":"auto","background-attachment":"scroll","background-type":"","background-media":"","overlay-type":"","overlay-color":"","overlay-opacity":"","overlay-gradient":""}},"footnotes":""},"class_list":["post-28821","page","type-page","status-publish","hentry"],"_links":{"self":[{"href":"https:\/\/www.lfmpabuja.com\/en\/wp-json\/wp\/v2\/pages\/28821","targetHints":{"allow":["GET"]}}],"collection":[{"href":"https:\/\/www.lfmpabuja.com\/en\/wp-json\/wp\/v2\/pages"}],"about":[{"href":"https:\/\/www.lfmpabuja.com\/en\/wp-json\/wp\/v2\/types\/page"}],"author":[{"embeddable":true,"href":"https:\/\/www.lfmpabuja.com\/en\/wp-json\/wp\/v2\/users\/1"}],"replies":[{"embeddable":true,"href":"https:\/\/www.lfmpabuja.com\/en\/wp-json\/wp\/v2\/comments?post=28821"}],"version-history":[{"count":9,"href":"https:\/\/www.lfmpabuja.com\/en\/wp-json\/wp\/v2\/pages\/28821\/revisions"}],"predecessor-version":[{"id":28900,"href":"https:\/\/www.lfmpabuja.com\/en\/wp-json\/wp\/v2\/pages\/28821\/revisions\/28900"}],"wp:attachment":[{"href":"https:\/\/www.lfmpabuja.com\/en\/wp-json\/wp\/v2\/media?parent=28821"}],"curies":[{"name":"wp","href":"https:\/\/api.w.org\/{rel}","templated":true}]}}