{"id":30143,"date":"2025-10-21T10:15:25","date_gmt":"2025-10-21T09:15:25","guid":{"rendered":"https:\/\/www.lfmpabuja.com\/?page_id=30143"},"modified":"2025-10-21T10:23:31","modified_gmt":"2025-10-21T09:23:31","slug":"lutte-contre-le-harcelement","status":"publish","type":"page","link":"https:\/\/www.lfmpabuja.com\/en\/lutte-contre-le-harcelement\/","title":{"rendered":"Lutte contre le harc\u00e8lement"},"content":{"rendered":"<div data-elementor-type=\"wp-page\" data-elementor-id=\"30143\" class=\"elementor elementor-30143\">\n\t\t\t\t\t\t<section class=\"elementor-section elementor-top-section elementor-element elementor-element-2299518 elementor-section-boxed elementor-section-height-default elementor-section-height-default\" data-id=\"2299518\" data-element_type=\"section\" data-e-type=\"section\">\n\t\t\t\t\t\t<div class=\"elementor-container elementor-column-gap-default\">\n\t\t\t\t\t<div class=\"elementor-column elementor-col-100 elementor-top-column elementor-element elementor-element-bb64b28\" data-id=\"bb64b28\" data-element_type=\"column\" data-e-type=\"column\">\n\t\t\t<div class=\"elementor-widget-wrap elementor-element-populated\">\n\t\t\t\t\t\t<div class=\"elementor-element elementor-element-a1cc89a elementor-widget elementor-widget-image\" data-id=\"a1cc89a\" data-element_type=\"widget\" data-e-type=\"widget\" data-widget_type=\"image.default\">\n\t\t\t\t<div class=\"elementor-widget-container\">\n\t\t\t\t\t\t\t\t\t\t\t\t\t\t\t<img fetchpriority=\"high\" decoding=\"async\" width=\"719\" height=\"115\" src=\"https:\/\/www.lfmpabuja.com\/wp-content\/uploads\/2025\/10\/Screenshot-2025-10-21-102127.png\" class=\"attachment-large size-large wp-image-30146\" alt=\"\" srcset=\"https:\/\/www.lfmpabuja.com\/wp-content\/uploads\/2025\/10\/Screenshot-2025-10-21-102127.png 719w, https:\/\/www.lfmpabuja.com\/wp-content\/uploads\/2025\/10\/Screenshot-2025-10-21-102127-300x48.png 300w, https:\/\/www.lfmpabuja.com\/wp-content\/uploads\/2025\/10\/Screenshot-2025-10-21-102127-18x3.png 18w\" sizes=\"(max-width: 719px) 100vw, 719px\" \/>\t\t\t\t\t\t\t\t\t\t\t\t\t\t\t<\/div>\n\t\t\t\t<\/div>\n\t\t\t\t\t<\/div>\n\t\t<\/div>\n\t\t\t\t\t<\/div>\n\t\t<\/section>\n\t\t\t\t<section class=\"elementor-section elementor-top-section elementor-element elementor-element-635969a elementor-section-boxed elementor-section-height-default elementor-section-height-default\" data-id=\"635969a\" data-element_type=\"section\" data-e-type=\"section\">\n\t\t\t\t\t\t<div class=\"elementor-container elementor-column-gap-default\">\n\t\t\t\t\t<div class=\"elementor-column elementor-col-100 elementor-top-column elementor-element elementor-element-db65367\" data-id=\"db65367\" data-element_type=\"column\" data-e-type=\"column\">\n\t\t\t<div class=\"elementor-widget-wrap elementor-element-populated\">\n\t\t\t\t\t\t<div class=\"elementor-element elementor-element-1a82e32 elementor-widget elementor-widget-text-editor\" data-id=\"1a82e32\" data-element_type=\"widget\" data-e-type=\"widget\" data-widget_type=\"text-editor.default\">\n\t\t\t\t<div class=\"elementor-widget-container\">\n\t\t\t\t\t\t\t\t\t<h3 data-start=\"112\" data-end=\"151\">Standing Together Against Bullying<\/h3><p data-start=\"153\" data-end=\"416\">At Lyc\u00e9e Fran\u00e7ais Marcel Pagnol, preventing and addressing bullying is a key priority.<br data-start=\"246\" data-end=\"249\" \/>The school is committed to providing every student with a safe, respectful, and caring learning environment where everyone can grow and thrive with confidence.<\/p><p data-start=\"418\" data-end=\"506\">Through the pHARe program, the school implements a comprehensive action plan to:<\/p><ul data-start=\"507\" data-end=\"859\"><li data-start=\"507\" data-end=\"600\"><p data-start=\"509\" data-end=\"600\">prevent bullying through awareness and education on respect;<\/p><\/li><li data-start=\"601\" data-end=\"687\"><p data-start=\"603\" data-end=\"687\">train staff to listen, identify, and respond to signs of bullying;<\/p><\/li><li data-start=\"688\" data-end=\"765\"><p data-start=\"690\" data-end=\"765\">intervene quickly and effectively whenever a case is reported;<\/p><\/li><li data-start=\"766\" data-end=\"859\"><p data-start=\"768\" data-end=\"859\">involve parents and students in building a culture of empathy and inclusion.<\/p><\/li><\/ul><p data-start=\"861\" data-end=\"1096\">Each year, a special awareness day is held as part of the National Anti-Bullying Week, featuring activities, discussions, and creative projects that promote kindness and solidarity among students.<\/p><p data-start=\"1098\" data-end=\"1228\">If your child is experiencing or witnessing bullying, any staff member can be approached. Reports can also be directed to:<\/p><ul data-start=\"1229\" data-end=\"1337\"><li data-start=\"1229\" data-end=\"1283\"><p data-start=\"1231\" data-end=\"1283\">Mr. Montagne, Primary School Director<\/p><\/li><li data-start=\"1284\" data-end=\"1337\"><p data-start=\"1286\" data-end=\"1337\">Mrs  Victor-Ezekiel, Secondary School Coordinator<\/p><\/li><\/ul><p data-start=\"1339\" data-end=\"1421\">Let\u2019s break the silence. Together, we can build a community based on respect and well-being.<\/p>\t\t\t\t\t\t\t\t<\/div>\n\t\t\t\t<\/div>\n\t\t\t\t\t<\/div>\n\t\t<\/div>\n\t\t\t\t\t<\/div>\n\t\t<\/section>\n\t\t\t\t<\/div>","protected":false},"excerpt":{"rendered":"<p>Ensemble contre le harc\u00e8lement Au Lyc\u00e9e Fran\u00e7ais Marcel Pagnol, la lutte contre le harc\u00e8lement est au c\u0153ur de nos priorit\u00e9s.Notre \u00e9tablissement s\u2019engage \u00e0 offrir \u00e0 chaque \u00e9l\u00e8ve un environnement scolaire s\u00fbr, respectueux et bienveillant, o\u00f9 chacun peut apprendre et s\u2019\u00e9panouir sans crainte. \u00c0 travers le programme pHARe, le lyc\u00e9e met en \u0153uvre un plan d\u2019action [&hellip;]<\/p>\n","protected":false},"author":1,"featured_media":0,"parent":0,"menu_order":0,"comment_status":"closed","ping_status":"closed","template":"","meta":{"_monsterinsights_skip_tracking":false,"_monsterinsights_sitenote_active":false,"_monsterinsights_sitenote_note":"","_monsterinsights_sitenote_category":0,"site-sidebar-layout":"no-sidebar","site-content-layout":"page-builder","ast-site-content-layout":"full-width-container","site-content-style":"default","site-sidebar-style":"default","ast-global-header-display":"","ast-banner-title-visibility":"","ast-main-header-display":"","ast-hfb-above-header-display":"","ast-hfb-below-header-display":"","ast-hfb-mobile-header-display":"","site-post-title":"","ast-breadcrumbs-content":"","ast-featured-img":"disabled","footer-sml-layout":"","ast-disable-related-posts":"","theme-transparent-header-meta":"default","adv-header-id-meta":"","stick-header-meta":"","header-above-stick-meta":"","header-main-stick-meta":"","header-below-stick-meta":"","astra-migrate-meta-layouts":"set","ast-page-background-enabled":"default","ast-page-background-meta":{"desktop":{"background-color":"","background-image":"","background-repeat":"repeat","background-position":"center center","background-size":"auto","background-attachment":"scroll","background-type":"","background-media":"","overlay-type":"","overlay-color":"","overlay-opacity":"","overlay-gradient":""},"tablet":{"background-color":"","background-image":"","background-repeat":"repeat","background-position":"center center","background-size":"auto","background-attachment":"scroll","background-type":"","background-media":"","overlay-type":"","overlay-color":"","overlay-opacity":"","overlay-gradient":""},"mobile":{"background-color":"","background-image":"","background-repeat":"repeat","background-position":"center center","background-size":"auto","background-attachment":"scroll","background-type":"","background-media":"","overlay-type":"","overlay-color":"","overlay-opacity":"","overlay-gradient":""}},"ast-content-background-meta":{"desktop":{"background-color":"var(--ast-global-color-5)","background-image":"","background-repeat":"repeat","background-position":"center center","background-size":"auto","background-attachment":"scroll","background-type":"","background-media":"","overlay-type":"","overlay-color":"","overlay-opacity":"","overlay-gradient":""},"tablet":{"background-color":"var(--ast-global-color-5)","background-image":"","background-repeat":"repeat","background-position":"center center","background-size":"auto","background-attachment":"scroll","background-type":"","background-media":"","overlay-type":"","overlay-color":"","overlay-opacity":"","overlay-gradient":""},"mobile":{"background-color":"var(--ast-global-color-5)","background-image":"","background-repeat":"repeat","background-position":"center center","background-size":"auto","background-attachment":"scroll","background-type":"","background-media":"","overlay-type":"","overlay-color":"","overlay-opacity":"","overlay-gradient":""}},"footnotes":""},"class_list":["post-30143","page","type-page","status-publish","hentry"],"_links":{"self":[{"href":"https:\/\/www.lfmpabuja.com\/en\/wp-json\/wp\/v2\/pages\/30143","targetHints":{"allow":["GET"]}}],"collection":[{"href":"https:\/\/www.lfmpabuja.com\/en\/wp-json\/wp\/v2\/pages"}],"about":[{"href":"https:\/\/www.lfmpabuja.com\/en\/wp-json\/wp\/v2\/types\/page"}],"author":[{"embeddable":true,"href":"https:\/\/www.lfmpabuja.com\/en\/wp-json\/wp\/v2\/users\/1"}],"replies":[{"embeddable":true,"href":"https:\/\/www.lfmpabuja.com\/en\/wp-json\/wp\/v2\/comments?post=30143"}],"version-history":[{"count":4,"href":"https:\/\/www.lfmpabuja.com\/en\/wp-json\/wp\/v2\/pages\/30143\/revisions"}],"predecessor-version":[{"id":30149,"href":"https:\/\/www.lfmpabuja.com\/en\/wp-json\/wp\/v2\/pages\/30143\/revisions\/30149"}],"wp:attachment":[{"href":"https:\/\/www.lfmpabuja.com\/en\/wp-json\/wp\/v2\/media?parent=30143"}],"curies":[{"name":"wp","href":"https:\/\/api.w.org\/{rel}","templated":true}]}}